{"id":851107,"date":"2024-09-30T07:51:52","date_gmt":"2024-09-30T06:51:52","guid":{"rendered":"https:\/\/axkid.com\/ca\/product\/one-3\/"},"modified":"2026-04-09T14:58:57","modified_gmt":"2026-04-09T13:58:57","slug":"one-3","status":"publish","type":"product","link":"https:\/\/axkid.com\/ca\/fr\/produit\/one-3\/","title":{"rendered":"One 3"},"content":{"rendered":"<p>Le seul si\u00e8ge ISOFIX du march\u00e9 permettant de voyager dos \u00e0 la route jusqu&rsquo;\u00e0 7 ans (61-125 cm\/23kg). Installation s\u00e9curis\u00e9e en moins de 30 secondes. Espace pour les jambes r\u00e9glable apr\u00e8s installation jusqu&rsquo;\u00e0 30 cm.<\/p>\n","protected":false},"excerpt":{"rendered":"<p>Le seul si\u00e8ge auto rigide LATCH certifi\u00e9 \u00ab Swedish Plus Test \u00bb du march\u00e9 permettant une installation dos \u00e0 la route jusqu&rsquo;\u00e0 7 ans (61-125 cm \/ 23 kg) (24\u201349 pouces \/ 40 livres), (4-65 livres avec la ceinture). Installation s\u00e9curis\u00e9e en moins de 30 secondes. Espace pour les jambes r\u00e9glable apr\u00e8s installation jusqu&rsquo;\u00e0 30 cm (11,81 pouces). <em>Porte-gobelet non inclus<\/em><\/p>\n","protected":false},"featured_media":851888,"comment_status":"closed","ping_status":"closed","template":"","meta":{"_acf_changed":false,"_seopress_robots_primary_cat":"547","_seopress_titles_title":"ONE 3 | Axkid","_seopress_titles_desc":"Axkid ONE has received numerous awards and won the world\u2019s biggest safety test ADAC.","_seopress_robots_index":"","content-type":"","_relevanssi_hide_post":"","_relevanssi_hide_content":"","_relevanssi_pin_for_all":"","_relevanssi_pin_keywords":"","_relevanssi_unpin_keywords":"","_relevanssi_related_keywords":"","_relevanssi_related_include_ids":"","_relevanssi_related_exclude_ids":"","_relevanssi_related_no_append":"","_relevanssi_related_not_related":"","_relevanssi_related_posts":"","_relevanssi_noindex_reason":"","editor_notices":[]},"product_brand":[],"product_cat":[547,545],"product_tag":[],"class_list":{"0":"post-851107","1":"product","2":"type-product","3":"status-publish","4":"has-post-thumbnail","6":"product_cat-sieges-auto-dos-a-la-route","7":"product_cat-sieges-auto","9":"first","10":"outofstock","11":"taxable","12":"shipping-taxable","13":"purchasable","14":"product-type-variable","15":"has-default-attributes"},"bundled_by":[],"bundle_stock_status":"outofstock","bundle_stock_quantity":null,"bundle_virtual":false,"bundle_layout":"","bundle_add_to_cart_form_location":"","bundle_editable_in_cart":false,"bundle_sold_individually_context":"","bundle_item_grouping":"","bundle_min_size":"","bundle_max_size":"","bundle_price":[],"bundled_items":[],"bundle_sell_ids":[],"acf":[],"_links":{"self":[{"href":"https:\/\/axkid.com\/ca\/fr\/wp-json\/wp\/v2\/product\/851107","targetHints":{"allow":["GET"]}}],"collection":[{"href":"https:\/\/axkid.com\/ca\/fr\/wp-json\/wp\/v2\/product"}],"about":[{"href":"https:\/\/axkid.com\/ca\/fr\/wp-json\/wp\/v2\/types\/product"}],"replies":[{"embeddable":true,"href":"https:\/\/axkid.com\/ca\/fr\/wp-json\/wp\/v2\/comments?post=851107"}],"wp:featuredmedia":[{"embeddable":true,"href":"https:\/\/axkid.com\/ca\/fr\/wp-json\/wp\/v2\/media\/851888"}],"wp:attachment":[{"href":"https:\/\/axkid.com\/ca\/fr\/wp-json\/wp\/v2\/media?parent=851107"}],"wp:term":[{"taxonomy":"product_brand","embeddable":true,"href":"https:\/\/axkid.com\/ca\/fr\/wp-json\/wp\/v2\/product_brand?post=851107"},{"taxonomy":"product_cat","embeddable":true,"href":"https:\/\/axkid.com\/ca\/fr\/wp-json\/wp\/v2\/product_cat?post=851107"},{"taxonomy":"product_tag","embeddable":true,"href":"https:\/\/axkid.com\/ca\/fr\/wp-json\/wp\/v2\/product_tag?post=851107"}],"curies":[{"name":"wp","href":"https:\/\/api.w.org\/{rel}","templated":true}]}}