{"id":852260,"date":"2026-05-04T15:06:02","date_gmt":"2026-05-04T14:06:02","guid":{"rendered":"https:\/\/axkid.com\/ca\/?post_type=product&#038;p=852260"},"modified":"2026-05-04T15:06:02","modified_gmt":"2026-05-04T14:06:02","slug":"one-3-infant-insert","status":"publish","type":"product","link":"https:\/\/axkid.com\/ca\/fr\/produit\/one-3-infant-insert\/","title":{"rendered":"One 3 Infant insert"},"content":{"rendered":"","protected":false},"excerpt":{"rendered":"<p>Con\u00e7u exclusivement pour le si\u00e8ge Axkid ONE 3, cet insert pour nourrissons permet aux b\u00e9b\u00e9s les plus petits de b\u00e9n\u00e9ficier d&rsquo;un maintien s\u00fbr et confortable. D\u00e9couvrez quand l&rsquo;utiliser, comment r\u00e9gler les \u00e9l\u00e9ments de soutien amovibles et comment l&rsquo;installer correctement avec l&rsquo;insert pour tout-petits. Disponible uniquement en noir.  <\/p>\n","protected":false},"featured_media":852258,"comment_status":"closed","ping_status":"closed","template":"","meta":{"_acf_changed":false,"_seopress_robots_primary_cat":"none","_seopress_titles_title":"","_seopress_titles_desc":"","_seopress_robots_index":"","content-type":"","_relevanssi_hide_post":"","_relevanssi_hide_content":"","_relevanssi_pin_for_all":"","_relevanssi_pin_keywords":"","_relevanssi_unpin_keywords":"","_relevanssi_related_keywords":"","_relevanssi_related_include_ids":"","_relevanssi_related_exclude_ids":"","_relevanssi_related_no_append":"","_relevanssi_related_not_related":"","_relevanssi_related_posts":"","_relevanssi_noindex_reason":"","editor_notices":[]},"product_brand":[],"product_cat":[544],"product_tag":[],"class_list":{"0":"post-852260","1":"product","2":"type-product","3":"status-publish","4":"has-post-thumbnail","6":"product_cat-accessoires","8":"first","9":"instock","10":"taxable","11":"shipping-taxable","12":"purchasable","13":"product-type-simple"},"bundled_by":[],"bundle_stock_status":"instock","bundle_stock_quantity":6,"bundle_virtual":false,"bundle_layout":"","bundle_add_to_cart_form_location":"","bundle_editable_in_cart":false,"bundle_sold_individually_context":"","bundle_item_grouping":"","bundle_min_size":"","bundle_max_size":"","bundle_price":[],"bundled_items":[],"bundle_sell_ids":[],"acf":[],"_links":{"self":[{"href":"https:\/\/axkid.com\/ca\/fr\/wp-json\/wp\/v2\/product\/852260","targetHints":{"allow":["GET"]}}],"collection":[{"href":"https:\/\/axkid.com\/ca\/fr\/wp-json\/wp\/v2\/product"}],"about":[{"href":"https:\/\/axkid.com\/ca\/fr\/wp-json\/wp\/v2\/types\/product"}],"replies":[{"embeddable":true,"href":"https:\/\/axkid.com\/ca\/fr\/wp-json\/wp\/v2\/comments?post=852260"}],"wp:featuredmedia":[{"embeddable":true,"href":"https:\/\/axkid.com\/ca\/fr\/wp-json\/wp\/v2\/media\/852258"}],"wp:attachment":[{"href":"https:\/\/axkid.com\/ca\/fr\/wp-json\/wp\/v2\/media?parent=852260"}],"wp:term":[{"taxonomy":"product_brand","embeddable":true,"href":"https:\/\/axkid.com\/ca\/fr\/wp-json\/wp\/v2\/product_brand?post=852260"},{"taxonomy":"product_cat","embeddable":true,"href":"https:\/\/axkid.com\/ca\/fr\/wp-json\/wp\/v2\/product_cat?post=852260"},{"taxonomy":"product_tag","embeddable":true,"href":"https:\/\/axkid.com\/ca\/fr\/wp-json\/wp\/v2\/product_tag?post=852260"}],"curies":[{"name":"wp","href":"https:\/\/api.w.org\/{rel}","templated":true}]}}