{"id":15633,"date":"2024-09-27T13:15:33","date_gmt":"2024-09-27T12:15:33","guid":{"rendered":"https:\/\/axkid.com\/?post_type=product&#038;p=15633"},"modified":"2026-04-07T07:26:59","modified_gmt":"2026-04-07T06:26:59","slug":"nextkid","status":"publish","type":"product","link":"https:\/\/axkid.com\/cz\/product\/nextkid\/","title":{"rendered":"Nextkid"},"content":{"rendered":"<p>Nextkid je bezpe\u010dn\u00e1 a pohodln\u00e1 koncov\u00e1 autoseda\u010dka, kter\u00e1 roste spolu s va\u0161\u00edm d\u00edt\u011btem. Je vybavena nastaviteln\u00fdmi bo\u010dn\u00edmi k\u0159\u00eddly, op\u011brkou hlavy a m\u011bkk\u00fdmi pr\u00e9miov\u00fdmi textiliemi pro optim\u00e1ln\u00ed pohodl\u00ed a bezpe\u010dnost. Jednoduch\u00e1 instalace a certifikace a\u017e do v\u00fd\u0161ky 150 cm.<\/p>\n","protected":false},"excerpt":{"rendered":"<p>Nextkid je bezpe\u010dn\u00e1 a pohodln\u00e1 koncov\u00e1 autoseda\u010dka, kter\u00e1 roste spolu s va\u0161\u00edm d\u00edt\u011btem. Je vybavena nastaviteln\u00fdmi bo\u010dn\u00edmi k\u0159\u00eddly, op\u011brkou hlavy a m\u011bkk\u00fdmi pr\u00e9miov\u00fdmi textiliemi pro optim\u00e1ln\u00ed pohodl\u00ed a bezpe\u010dnost. Jednoduch\u00e1 instalace a certifikace a\u017e do v\u00fd\u0161ky 150 cm.<\/p>\n","protected":false},"featured_media":370000022475,"comment_status":"open","ping_status":"closed","template":"","meta":{"_acf_changed":false,"_seopress_robots_primary_cat":"81","_seopress_titles_title":"Nextkid | Posm\u011brn\u00e9 koncov\u00e9 autoseda\u010dky | Axkid","_seopress_titles_desc":"","_seopress_robots_index":"","content-type":"","_relevanssi_hide_post":"","_relevanssi_hide_content":"","_relevanssi_pin_for_all":"","_relevanssi_pin_keywords":"","_relevanssi_unpin_keywords":"","_relevanssi_related_keywords":"","_relevanssi_related_include_ids":"","_relevanssi_related_exclude_ids":"","_relevanssi_related_no_append":"","_relevanssi_related_not_related":"","_relevanssi_related_posts":"","_relevanssi_noindex_reason":"","editor_notices":[]},"product_brand":[],"product_cat":[81,18],"product_tag":[],"class_list":{"0":"post-15633","1":"product","2":"type-product","3":"status-publish","4":"has-post-thumbnail","6":"product_cat-koncove-autosedacky","7":"product_cat-autosedacky","9":"first","10":"instock","11":"taxable","12":"shipping-taxable","13":"purchasable","14":"product-type-variable","15":"has-default-attributes"},"bundled_by":[],"bundle_stock_status":"instock","bundle_stock_quantity":null,"bundle_virtual":false,"bundle_layout":"","bundle_add_to_cart_form_location":"","bundle_editable_in_cart":false,"bundle_sold_individually_context":"","bundle_item_grouping":"","bundle_min_size":"","bundle_max_size":"","bundle_price":[],"bundled_items":[],"bundle_sell_ids":[],"acf":[],"jetpack_sharing_enabled":true,"_links":{"self":[{"href":"https:\/\/axkid.com\/cz\/wp-json\/wp\/v2\/product\/15633","targetHints":{"allow":["GET"]}}],"collection":[{"href":"https:\/\/axkid.com\/cz\/wp-json\/wp\/v2\/product"}],"about":[{"href":"https:\/\/axkid.com\/cz\/wp-json\/wp\/v2\/types\/product"}],"replies":[{"embeddable":true,"href":"https:\/\/axkid.com\/cz\/wp-json\/wp\/v2\/comments?post=15633"}],"wp:featuredmedia":[{"embeddable":true,"href":"https:\/\/axkid.com\/cz\/wp-json\/"}],"wp:attachment":[{"href":"https:\/\/axkid.com\/cz\/wp-json\/wp\/v2\/media?parent=15633"}],"wp:term":[{"taxonomy":"product_brand","embeddable":true,"href":"https:\/\/axkid.com\/cz\/wp-json\/wp\/v2\/product_brand?post=15633"},{"taxonomy":"product_cat","embeddable":true,"href":"https:\/\/axkid.com\/cz\/wp-json\/wp\/v2\/product_cat?post=15633"},{"taxonomy":"product_tag","embeddable":true,"href":"https:\/\/axkid.com\/cz\/wp-json\/wp\/v2\/product_tag?post=15633"}],"curies":[{"name":"wp","href":"https:\/\/api.w.org\/{rel}","templated":true}]}}