{"id":15722,"date":"2023-12-08T09:55:19","date_gmt":"2023-12-08T08:55:19","guid":{"rendered":"https:\/\/axkid.com\/?post_type=product&#038;p=15722"},"modified":"2026-04-21T08:31:31","modified_gmt":"2026-04-21T07:31:31","slug":"attachment-loops-160-mm","status":"publish","type":"product","link":"https:\/\/axkid.com\/cz\/product\/attachment-loops-160-mm\/","title":{"rendered":"Upev\u0148ovac\u00ed oka 160 mm"},"content":{"rendered":"<p>Upev\u0148ovac\u00ed oka Axkid jsou ur\u010dena ke zjednodu\u0161en\u00ed instalace autoseda\u010dky sm\u011b\u0159uj\u00edc\u00ed proti sm\u011bru j\u00edzdy ve va\u0161em vozidle.<\/p>\n<p>V ka\u017ed\u00e9m balen\u00ed jsou dv\u011b oka.<\/p>\n<p>D\u00e9lka 160 mm.<\/p>\n<p>K dispozici jsou i jin\u00e9 d\u00e9lky: <a href=\"https:\/\/axkid.com\/cz\/product\/attachment-loops\/\">70 mm<\/a> a <a href=\"https:\/\/axkid.com\/cz\/product\/axkid-attachment-loops-120-mm\/\">120<\/a> mm.<\/p>\n","protected":false},"excerpt":{"rendered":"<p>Upev\u0148ovac\u00ed oka Axkid jsou ur\u010dena ke zjednodu\u0161en\u00ed instalace autoseda\u010dky sm\u011b\u0159uj\u00edc\u00ed proti sm\u011bru j\u00edzdy ve va\u0161em vozidle.<br \/>\nV ka\u017ed\u00e9m balen\u00ed jsou dv\u011b oka.<br \/>\nD\u00e9lka 160 mm.<\/p>\n","protected":false},"featured_media":15727,"comment_status":"closed","ping_status":"closed","template":"","meta":{"_acf_changed":false,"_seopress_robots_primary_cat":"438","_seopress_titles_title":"Upev\u0148ovac\u00ed oka 160 mm | P\u0159\u00edslu\u0161enstv\u00ed k va\u0161\u00ed autoseda\u010dce | Axkid","_seopress_titles_desc":"Upev\u0148ovac\u00ed oka Axkid jsou navr\u017eena tak, aby zjednodu\u0161ila instalaci autoseda\u010dky ve va\u0161em vozidle.","_seopress_robots_index":"","content-type":"","_relevanssi_hide_post":"","_relevanssi_hide_content":"","_relevanssi_pin_for_all":"","_relevanssi_pin_keywords":"","_relevanssi_unpin_keywords":"","_relevanssi_related_keywords":"","_relevanssi_related_include_ids":"","_relevanssi_related_exclude_ids":"","_relevanssi_related_no_append":"","_relevanssi_related_not_related":"","_relevanssi_related_posts":"","_relevanssi_noindex_reason":"","editor_notices":[]},"product_brand":[],"product_cat":[17,438],"product_tag":[],"class_list":{"0":"post-15722","1":"product","2":"type-product","3":"status-publish","4":"has-post-thumbnail","6":"product_cat-prislusenstvi","7":"product_cat-upevnovaci-popruhy-a-oka","9":"first","10":"instock","11":"taxable","12":"shipping-taxable","13":"purchasable","14":"product-type-simple"},"bundled_by":[],"bundle_stock_status":"instock","bundle_stock_quantity":9,"bundle_virtual":false,"bundle_layout":"","bundle_add_to_cart_form_location":"","bundle_editable_in_cart":false,"bundle_sold_individually_context":"","bundle_item_grouping":"","bundle_min_size":"","bundle_max_size":"","bundle_price":[],"bundled_items":[],"bundle_sell_ids":[],"acf":[],"jetpack_sharing_enabled":true,"_links":{"self":[{"href":"https:\/\/axkid.com\/cz\/wp-json\/wp\/v2\/product\/15722","targetHints":{"allow":["GET"]}}],"collection":[{"href":"https:\/\/axkid.com\/cz\/wp-json\/wp\/v2\/product"}],"about":[{"href":"https:\/\/axkid.com\/cz\/wp-json\/wp\/v2\/types\/product"}],"replies":[{"embeddable":true,"href":"https:\/\/axkid.com\/cz\/wp-json\/wp\/v2\/comments?post=15722"}],"wp:featuredmedia":[{"embeddable":true,"href":"https:\/\/axkid.com\/cz\/wp-json\/wp\/v2\/media\/15727"}],"wp:attachment":[{"href":"https:\/\/axkid.com\/cz\/wp-json\/wp\/v2\/media?parent=15722"}],"wp:term":[{"taxonomy":"product_brand","embeddable":true,"href":"https:\/\/axkid.com\/cz\/wp-json\/wp\/v2\/product_brand?post=15722"},{"taxonomy":"product_cat","embeddable":true,"href":"https:\/\/axkid.com\/cz\/wp-json\/wp\/v2\/product_cat?post=15722"},{"taxonomy":"product_tag","embeddable":true,"href":"https:\/\/axkid.com\/cz\/wp-json\/wp\/v2\/product_tag?post=15722"}],"curies":[{"name":"wp","href":"https:\/\/api.w.org\/{rel}","templated":true}]}}