{"id":20239,"date":"2024-03-15T14:55:54","date_gmt":"2024-03-15T13:55:54","guid":{"rendered":"https:\/\/axkid.com\/?post_type=product&#038;p=20239"},"modified":"2026-03-12T13:35:38","modified_gmt":"2026-03-12T12:35:38","slug":"nextkid-cup-holder","status":"publish","type":"product","link":"https:\/\/axkid.com\/cz\/product\/nextkid-cup-holder\/","title":{"rendered":"Dr\u017e\u00e1k na n\u00e1poje Nextkid"},"content":{"rendered":"<p>Vylep\u0161ete svou autoseda\u010dku Nextkid pomoc\u00ed dr\u017e\u00e1ku na n\u00e1poje Nextkid, kter\u00fd je ide\u00e1ln\u00edm dopl\u0148kem pro snadn\u00fd p\u0159\u00edstup k n\u00e1poj\u016fm va\u0161eho d\u00edt\u011bte b\u011bhem ka\u017ed\u00e9 cesty. Odoln\u00fd dr\u017e\u00e1k na n\u00e1poje se snadno p\u0159ipev\u0148uje na pravou nebo levou stranu \u00fachyt\u016f pro veden\u00ed p\u00e1s\u016f autoseda\u010dky Nexktid. A\u0165 u\u017e se jedn\u00e1 o vodu, d\u017eus nebo kel\u00edmek se sva\u010dinou, tento dr\u017e\u00e1k v\u0161e udr\u017e\u00ed na m\u00edst\u011b a zabr\u00e1n\u00ed rozlit\u00ed, d\u00edky \u010demu\u017e bude ka\u017ed\u00e1 cesta pro va\u0161eho mal\u00e9ho pasa\u017e\u00e9ra p\u0159\u00edjemn\u011bj\u0161\u00ed.<\/p>\n","protected":false},"excerpt":{"rendered":"<p>Vylep\u0161ete svou autoseda\u010dku Nextkid pomoc\u00ed dr\u017e\u00e1ku na n\u00e1poje Nextkid, kter\u00fd je ide\u00e1ln\u00edm dopl\u0148kem pro snadn\u00fd p\u0159\u00edstup k n\u00e1poji va\u0161eho d\u00edt\u011bte b\u011bhem ka\u017ed\u00e9 cesty.<\/p>\n","protected":false},"featured_media":20235,"comment_status":"closed","ping_status":"closed","template":"","meta":{"_acf_changed":false,"_seopress_robots_primary_cat":"17","_seopress_titles_title":"Dr\u017e\u00e1k na n\u00e1poje Nextkid | P\u0159\u00edslu\u0161enstv\u00ed k va\u0161\u00ed autoseda\u010dce | Axkid","_seopress_titles_desc":"Dr\u017e\u00e1k n\u00e1poj\u016f pro koncovou autoseda\u010dku Axkid Nextkid. Udr\u017e\u00ed n\u00e1poje a sva\u010diny va\u0161emu d\u00edt\u011bti v\u017edy po ruce.","_seopress_robots_index":"","content-type":"","_relevanssi_hide_post":"","_relevanssi_hide_content":"","_relevanssi_pin_for_all":"","_relevanssi_pin_keywords":"","_relevanssi_unpin_keywords":"","_relevanssi_related_keywords":"","_relevanssi_related_include_ids":"","_relevanssi_related_exclude_ids":"","_relevanssi_related_no_append":"","_relevanssi_related_not_related":"","_relevanssi_related_posts":"","_relevanssi_noindex_reason":"","editor_notices":[]},"product_brand":[],"product_cat":[17],"product_tag":[],"class_list":{"0":"post-20239","1":"product","2":"type-product","3":"status-publish","4":"has-post-thumbnail","6":"product_cat-prislusenstvi","8":"first","9":"instock","10":"taxable","11":"shipping-taxable","12":"purchasable","13":"product-type-simple"},"bundled_by":[],"bundle_stock_status":"instock","bundle_stock_quantity":10,"bundle_virtual":false,"bundle_layout":"","bundle_add_to_cart_form_location":"","bundle_editable_in_cart":false,"bundle_sold_individually_context":"","bundle_item_grouping":"","bundle_min_size":"","bundle_max_size":"","bundle_price":[],"bundled_items":[],"bundle_sell_ids":[],"acf":[],"jetpack_sharing_enabled":true,"_links":{"self":[{"href":"https:\/\/axkid.com\/cz\/wp-json\/wp\/v2\/product\/20239","targetHints":{"allow":["GET"]}}],"collection":[{"href":"https:\/\/axkid.com\/cz\/wp-json\/wp\/v2\/product"}],"about":[{"href":"https:\/\/axkid.com\/cz\/wp-json\/wp\/v2\/types\/product"}],"replies":[{"embeddable":true,"href":"https:\/\/axkid.com\/cz\/wp-json\/wp\/v2\/comments?post=20239"}],"wp:featuredmedia":[{"embeddable":true,"href":"https:\/\/axkid.com\/cz\/wp-json\/wp\/v2\/media\/20235"}],"wp:attachment":[{"href":"https:\/\/axkid.com\/cz\/wp-json\/wp\/v2\/media?parent=20239"}],"wp:term":[{"taxonomy":"product_brand","embeddable":true,"href":"https:\/\/axkid.com\/cz\/wp-json\/wp\/v2\/product_brand?post=20239"},{"taxonomy":"product_cat","embeddable":true,"href":"https:\/\/axkid.com\/cz\/wp-json\/wp\/v2\/product_cat?post=20239"},{"taxonomy":"product_tag","embeddable":true,"href":"https:\/\/axkid.com\/cz\/wp-json\/wp\/v2\/product_tag?post=20239"}],"curies":[{"name":"wp","href":"https:\/\/api.w.org\/{rel}","templated":true}]}}