{"id":25703,"date":"2026-01-29T08:29:52","date_gmt":"2026-01-29T07:29:52","guid":{"rendered":"https:\/\/axkid.com\/?post_type=product&#038;p=25703"},"modified":"2026-04-21T20:46:40","modified_gmt":"2026-04-21T19:46:40","slug":"one-3","status":"publish","type":"product","link":"https:\/\/axkid.com\/cz\/product\/one-3\/","title":{"rendered":"One 3"},"content":{"rendered":"<p>Rear-facing car seats are proven to be the safest option for young children. However, their design and space constraints have made them less popular. That&#8217;s why we&#8217;ve introduced Axkid One\u2014an innovative solution that solves these challenges, for the safety of our children.<\/p>\n","protected":false},"excerpt":{"rendered":"<p>Jedin\u00e1 autoseda\u010dka na trhu s certifikac\u00ed Plus Test a syst\u00e9mem ISOFIX, kter\u00e1 umo\u017e\u0148uje cestov\u00e1n\u00ed v pozici proti sm\u011bru j\u00edzdy a\u017e do v\u011bku 7 let (61\u2013125 cm\/23 kg). Bezpe\u010dn\u00e1 instalace za m\u00e9n\u011b ne\u017e 30 sekund. Nastaviteln\u00fd prostor pro nohy po instalaci a\u017e 30 cm.<\/p>\n","protected":false},"featured_media":3700000853083,"comment_status":"open","ping_status":"closed","template":"","meta":{"_acf_changed":false,"_seopress_robots_primary_cat":"none","_seopress_titles_title":"ONE 3 | Autoseda\u010dky proti sm\u011bru j\u00edzdy | Bezpe\u010d\u00ed na cest\u00e1ch | Axkid","_seopress_titles_desc":"Protism\u011brn\u00e1 autoseda\u010dka Axkid ONE z\u00edskala \u0159adu ocen\u011bn\u00ed a vyhr\u00e1la nejv\u011bt\u0161\u00ed sv\u011btov\u00fd bezpe\u010dnostn\u00ed test ADAC.","_seopress_robots_index":"","content-type":"","_relevanssi_hide_post":"","_relevanssi_hide_content":"","_relevanssi_pin_for_all":"","_relevanssi_pin_keywords":"","_relevanssi_unpin_keywords":"","_relevanssi_related_keywords":"","_relevanssi_related_include_ids":"","_relevanssi_related_exclude_ids":"","_relevanssi_related_no_append":"","_relevanssi_related_not_related":"","_relevanssi_related_posts":"","_relevanssi_noindex_reason":"","editor_notices":[]},"product_brand":[],"product_cat":[80,18],"product_tag":[],"class_list":{"0":"post-25703","1":"product","2":"type-product","3":"status-publish","4":"has-post-thumbnail","6":"product_cat-autosedacky-proti-smeru-jizdy","7":"product_cat-autosedacky","9":"first","10":"instock","11":"taxable","12":"shipping-taxable","13":"purchasable","14":"product-type-variable","15":"has-default-attributes"},"bundled_by":[],"bundle_stock_status":"instock","bundle_stock_quantity":null,"bundle_virtual":false,"bundle_layout":"","bundle_add_to_cart_form_location":"","bundle_editable_in_cart":false,"bundle_sold_individually_context":"","bundle_item_grouping":"","bundle_min_size":"","bundle_max_size":"","bundle_price":[],"bundled_items":[],"bundle_sell_ids":[],"acf":[],"jetpack_sharing_enabled":true,"_links":{"self":[{"href":"https:\/\/axkid.com\/cz\/wp-json\/wp\/v2\/product\/25703","targetHints":{"allow":["GET"]}}],"collection":[{"href":"https:\/\/axkid.com\/cz\/wp-json\/wp\/v2\/product"}],"about":[{"href":"https:\/\/axkid.com\/cz\/wp-json\/wp\/v2\/types\/product"}],"replies":[{"embeddable":true,"href":"https:\/\/axkid.com\/cz\/wp-json\/wp\/v2\/comments?post=25703"}],"wp:featuredmedia":[{"embeddable":true,"href":"https:\/\/axkid.com\/cz\/wp-json\/"}],"wp:attachment":[{"href":"https:\/\/axkid.com\/cz\/wp-json\/wp\/v2\/media?parent=25703"}],"wp:term":[{"taxonomy":"product_brand","embeddable":true,"href":"https:\/\/axkid.com\/cz\/wp-json\/wp\/v2\/product_brand?post=25703"},{"taxonomy":"product_cat","embeddable":true,"href":"https:\/\/axkid.com\/cz\/wp-json\/wp\/v2\/product_cat?post=25703"},{"taxonomy":"product_tag","embeddable":true,"href":"https:\/\/axkid.com\/cz\/wp-json\/wp\/v2\/product_tag?post=25703"}],"curies":[{"name":"wp","href":"https:\/\/api.w.org\/{rel}","templated":true}]}}