{"id":630,"date":"2023-12-09T08:56:55","date_gmt":"2023-12-09T07:56:55","guid":{"rendered":"\/?post_type=product&#038;p=630"},"modified":"2026-02-11T15:29:20","modified_gmt":"2026-02-11T14:29:20","slug":"tether-strap","status":"publish","type":"product","link":"https:\/\/axkid.com\/cz\/product\/tether-strap\/","title":{"rendered":"Up\u00ednac\u00ed p\u00e1sky"},"content":{"rendered":"<p>Ur\u010deno pro instalaci autoseda\u010dek sm\u011b\u0159uj\u00edc\u00edch proti sm\u011bru j\u00edzdy do vozidel, kter\u00e1 nemaj\u00ed upev\u0148ovac\u00ed oka nebo je maj\u00ed p\u0159\u00edli\u0161 daleko. Ka\u017ed\u00e9 balen\u00ed obsahuje dva popruhy. Kompatibiln\u00ed s modely Axkid Minikid.<\/p>\n","protected":false},"excerpt":{"rendered":"<p>Up\u00ednac\u00ed p\u00e1sky pro instalaci autoseda\u010dky\u00a0 proti sm\u011bru j\u00edzdy, pokud nejsou k dispozici upev\u0148ovac\u00ed oka nebo jsou p\u0159\u00edli\u0161 daleko. Dva kusy v balen\u00ed.<\/p>\n","protected":false},"featured_media":802,"comment_status":"open","ping_status":"closed","template":"","meta":{"_acf_changed":false,"_seopress_robots_primary_cat":"438","_seopress_titles_title":"Up\u00ednac\u00ed p\u00e1sky pro Minikid | P\u0159\u00edslu\u0161enstv\u00ed k va\u0161\u00ed autoseda\u010dce | Axkid","_seopress_titles_desc":"Prodlu\u017eovac\u00ed popruhy neboli up\u00ednac\u00ed p\u00e1sky, kter\u00e9 usnad\u0148uj\u00ed instalaci autoseda\u010dky Axkid Minikid.","_seopress_robots_index":"","content-type":"","_relevanssi_hide_post":"","_relevanssi_hide_content":"","_relevanssi_pin_for_all":"","_relevanssi_pin_keywords":"","_relevanssi_unpin_keywords":"","_relevanssi_related_keywords":"","_relevanssi_related_include_ids":"","_relevanssi_related_exclude_ids":"","_relevanssi_related_no_append":"","_relevanssi_related_not_related":"","_relevanssi_related_posts":"","_relevanssi_noindex_reason":"","editor_notices":[]},"product_brand":[],"product_cat":[17,438],"product_tag":[63],"class_list":{"0":"post-630","1":"product","2":"type-product","3":"status-publish","4":"has-post-thumbnail","6":"product_cat-prislusenstvi","7":"product_cat-upevnovaci-popruhy-a-oka","8":"product_tag-installation-accessories","10":"first","11":"instock","12":"taxable","13":"shipping-taxable","14":"purchasable","15":"product-type-simple"},"bundled_by":["2695"],"bundle_stock_status":"instock","bundle_stock_quantity":10,"bundle_virtual":false,"bundle_layout":"","bundle_add_to_cart_form_location":"","bundle_editable_in_cart":false,"bundle_sold_individually_context":"","bundle_item_grouping":"","bundle_min_size":"","bundle_max_size":"","bundle_price":[],"bundled_items":[],"bundle_sell_ids":[],"acf":[],"jetpack_sharing_enabled":true,"_links":{"self":[{"href":"https:\/\/axkid.com\/cz\/wp-json\/wp\/v2\/product\/630","targetHints":{"allow":["GET"]}}],"collection":[{"href":"https:\/\/axkid.com\/cz\/wp-json\/wp\/v2\/product"}],"about":[{"href":"https:\/\/axkid.com\/cz\/wp-json\/wp\/v2\/types\/product"}],"replies":[{"embeddable":true,"href":"https:\/\/axkid.com\/cz\/wp-json\/wp\/v2\/comments?post=630"}],"wp:featuredmedia":[{"embeddable":true,"href":"https:\/\/axkid.com\/cz\/wp-json\/wp\/v2\/media\/802"}],"wp:attachment":[{"href":"https:\/\/axkid.com\/cz\/wp-json\/wp\/v2\/media?parent=630"}],"wp:term":[{"taxonomy":"product_brand","embeddable":true,"href":"https:\/\/axkid.com\/cz\/wp-json\/wp\/v2\/product_brand?post=630"},{"taxonomy":"product_cat","embeddable":true,"href":"https:\/\/axkid.com\/cz\/wp-json\/wp\/v2\/product_cat?post=630"},{"taxonomy":"product_tag","embeddable":true,"href":"https:\/\/axkid.com\/cz\/wp-json\/wp\/v2\/product_tag?post=630"}],"curies":[{"name":"wp","href":"https:\/\/api.w.org\/{rel}","templated":true}]}}