{"id":635,"date":"2019-09-12T09:01:04","date_gmt":"2019-09-12T08:01:04","guid":{"rendered":"\/?post_type=product&#038;p=635"},"modified":"2026-05-06T16:35:07","modified_gmt":"2026-05-06T15:35:07","slug":"attachment-loops","status":"publish","type":"product","link":"https:\/\/axkid.com\/cz\/product\/attachment-loops\/","title":{"rendered":"Upev\u0148ovac\u00ed oka"},"content":{"rendered":"<p>Upev\u0148ovac\u00ed oka Axkid jsou navr\u017eena tak, aby usnadnila instalaci autoseda\u010dky do va\u0161eho vozidla. V ka\u017ed\u00e9m balen\u00ed jsou dv\u011b oka.<\/p>\n","protected":false},"excerpt":{"rendered":"<p>Upev\u0148ovac\u00ed oka Axkid jsou navr\u017eena tak, aby zjednodu\u0161ila instalaci autoseda\u010dky sm\u011b\u0159uj\u00edc\u00ed proti sm\u011bru j\u00edzdy ve va\u0161em vozidle. V ka\u017ed\u00e9m balen\u00ed jsou dv\u011b oka.<\/p>\n","protected":false},"featured_media":825,"comment_status":"open","ping_status":"closed","template":"","meta":{"_acf_changed":false,"_seopress_robots_primary_cat":"438","_seopress_titles_title":"Upev\u0148ovac\u00ed oka Axkid | P\u0159\u00edslu\u0161enstv\u00ed k autoseda\u010dk\u00e1m | Axkid","_seopress_titles_desc":"Upev\u0148ovac\u00ed oka zjednodu\u0161uj\u00ed instalaci autoseda\u010dky ve va\u0161em vozidle. Snadn\u00e9 upevn\u011bn\u00ed nap\u00edna\u010d\u016f Axkid Minikid bez nutnosti pou\u017eit\u00ed dal\u0161\u00edch popruh\u016f.","_seopress_robots_index":"","content-type":"","_relevanssi_hide_post":"","_relevanssi_hide_content":"","_relevanssi_pin_for_all":"","_relevanssi_pin_keywords":"","_relevanssi_unpin_keywords":"","_relevanssi_related_keywords":"","_relevanssi_related_include_ids":"","_relevanssi_related_exclude_ids":"","_relevanssi_related_no_append":"","_relevanssi_related_not_related":"","_relevanssi_related_posts":"","_relevanssi_noindex_reason":"","editor_notices":[]},"product_brand":[],"product_cat":[17,438],"product_tag":[63],"class_list":{"0":"post-635","1":"product","2":"type-product","3":"status-publish","4":"has-post-thumbnail","6":"product_cat-prislusenstvi","7":"product_cat-upevnovaci-popruhy-a-oka","8":"product_tag-installation-accessories","10":"first","11":"instock","12":"taxable","13":"shipping-taxable","14":"purchasable","15":"product-type-simple"},"bundled_by":[],"bundle_stock_status":"instock","bundle_stock_quantity":7,"bundle_virtual":false,"bundle_layout":"","bundle_add_to_cart_form_location":"","bundle_editable_in_cart":false,"bundle_sold_individually_context":"","bundle_item_grouping":"","bundle_min_size":"","bundle_max_size":"","bundle_price":[],"bundled_items":[],"bundle_sell_ids":[],"acf":[],"jetpack_sharing_enabled":true,"_links":{"self":[{"href":"https:\/\/axkid.com\/cz\/wp-json\/wp\/v2\/product\/635","targetHints":{"allow":["GET"]}}],"collection":[{"href":"https:\/\/axkid.com\/cz\/wp-json\/wp\/v2\/product"}],"about":[{"href":"https:\/\/axkid.com\/cz\/wp-json\/wp\/v2\/types\/product"}],"replies":[{"embeddable":true,"href":"https:\/\/axkid.com\/cz\/wp-json\/wp\/v2\/comments?post=635"}],"wp:featuredmedia":[{"embeddable":true,"href":"https:\/\/axkid.com\/cz\/wp-json\/wp\/v2\/media\/825"}],"wp:attachment":[{"href":"https:\/\/axkid.com\/cz\/wp-json\/wp\/v2\/media?parent=635"}],"wp:term":[{"taxonomy":"product_brand","embeddable":true,"href":"https:\/\/axkid.com\/cz\/wp-json\/wp\/v2\/product_brand?post=635"},{"taxonomy":"product_cat","embeddable":true,"href":"https:\/\/axkid.com\/cz\/wp-json\/wp\/v2\/product_cat?post=635"},{"taxonomy":"product_tag","embeddable":true,"href":"https:\/\/axkid.com\/cz\/wp-json\/wp\/v2\/product_tag?post=635"}],"curies":[{"name":"wp","href":"https:\/\/api.w.org\/{rel}","templated":true}]}}