{"id":73112,"date":"2024-09-02T14:50:32","date_gmt":"2024-09-02T13:50:32","guid":{"rendered":"https:\/\/axkid.com\/?post_type=product&#038;p=73112"},"modified":"2025-11-25T18:20:13","modified_gmt":"2025-11-25T17:20:13","slug":"axkid-shield-car-seat-cover","status":"publish","type":"product","link":"https:\/\/axkid.com\/cz\/product\/axkid-shield-car-seat-cover\/","title":{"rendered":"Chr\u00e1ni\u010d seda\u010dky proti slunci"},"content":{"rendered":"","protected":false},"excerpt":{"rendered":"<p>Chr\u00e1n\u00ed d\u011btskou autoseda\u010dku p\u0159ed sluncem a udr\u017euje ji v chladu. Vyrobeno z odoln\u00e9ho, reflexn\u00edho materi\u00e1lu s univerz\u00e1ln\u00ed velikost\u00ed.<\/p>\n","protected":false},"featured_media":3700000779433,"comment_status":"open","ping_status":"closed","template":"","meta":{"_acf_changed":false,"_seopress_robots_primary_cat":"434","_seopress_titles_title":"Chr\u00e1ni\u010d seda\u010dky proti slunci | P\u0159\u00edslu\u0161enstv\u00ed k va\u0161\u00ed autoseda\u010dce | Axkid","_seopress_titles_desc":"","_seopress_robots_index":"","content-type":"","_relevanssi_hide_post":"","_relevanssi_hide_content":"","_relevanssi_pin_for_all":"","_relevanssi_pin_keywords":"","_relevanssi_unpin_keywords":"","_relevanssi_related_keywords":"","_relevanssi_related_include_ids":"","_relevanssi_related_exclude_ids":"","_relevanssi_related_no_append":"","_relevanssi_related_not_related":"","_relevanssi_related_posts":"","_relevanssi_noindex_reason":"","editor_notices":[]},"product_brand":[],"product_cat":[434,17,437],"product_tag":[],"class_list":{"0":"post-73112","1":"product","2":"type-product","3":"status-publish","4":"has-post-thumbnail","6":"product_cat-potahy-na-autosedacky","7":"product_cat-prislusenstvi","8":"product_cat-slunecni-clony","10":"first","11":"instock","12":"taxable","13":"shipping-taxable","14":"purchasable","15":"product-type-simple"},"bundled_by":[],"bundle_stock_status":"instock","bundle_stock_quantity":10,"bundle_virtual":false,"bundle_layout":"","bundle_add_to_cart_form_location":"","bundle_editable_in_cart":false,"bundle_sold_individually_context":"","bundle_item_grouping":"","bundle_min_size":"","bundle_max_size":"","bundle_price":[],"bundled_items":[],"bundle_sell_ids":[],"acf":[],"jetpack_sharing_enabled":true,"_links":{"self":[{"href":"https:\/\/axkid.com\/cz\/wp-json\/wp\/v2\/product\/73112","targetHints":{"allow":["GET"]}}],"collection":[{"href":"https:\/\/axkid.com\/cz\/wp-json\/wp\/v2\/product"}],"about":[{"href":"https:\/\/axkid.com\/cz\/wp-json\/wp\/v2\/types\/product"}],"replies":[{"embeddable":true,"href":"https:\/\/axkid.com\/cz\/wp-json\/wp\/v2\/comments?post=73112"}],"wp:featuredmedia":[{"embeddable":true,"href":"https:\/\/axkid.com\/cz\/wp-json\/"}],"wp:attachment":[{"href":"https:\/\/axkid.com\/cz\/wp-json\/wp\/v2\/media?parent=73112"}],"wp:term":[{"taxonomy":"product_brand","embeddable":true,"href":"https:\/\/axkid.com\/cz\/wp-json\/wp\/v2\/product_brand?post=73112"},{"taxonomy":"product_cat","embeddable":true,"href":"https:\/\/axkid.com\/cz\/wp-json\/wp\/v2\/product_cat?post=73112"},{"taxonomy":"product_tag","embeddable":true,"href":"https:\/\/axkid.com\/cz\/wp-json\/wp\/v2\/product_tag?post=73112"}],"curies":[{"name":"wp","href":"https:\/\/api.w.org\/{rel}","templated":true}]}}