{"id":788,"date":"2019-08-23T12:53:52","date_gmt":"2019-08-23T11:53:52","guid":{"rendered":"\/?post_type=product&#038;p=788"},"modified":"2026-02-11T14:39:07","modified_gmt":"2026-02-11T13:39:07","slug":"move-tether-strap","status":"publish","type":"product","link":"https:\/\/axkid.com\/cz\/product\/move-tether-strap\/","title":{"rendered":"Up\u00ednac\u00ed p\u00e1sky Move \/ Movekid \/ Minikid 4 Pro"},"content":{"rendered":"<p>N\u00e1hradn\u00ed up\u00ednac\u00ed p\u00e1sky pro instalaci autoseda\u010dek Axkid Move, Axkid Movekid, Axkid Minikid 4 Pro a Axkid Wolmax proti sm\u011bru j\u00edzdy. Dva kusy v balen\u00ed.<\/p>\n","protected":false},"excerpt":{"rendered":"<p>Up\u00ednac\u00ed p\u00e1sky pro instalaci autoseda\u010dky Axkid Move \/ Movekid \/ Minikid 4 Pro proti sm\u011bru j\u00edzdy. Dva kusy v balen\u00ed.<\/p>\n","protected":false},"featured_media":858,"comment_status":"open","ping_status":"closed","template":"","meta":{"_acf_changed":false,"_seopress_robots_primary_cat":"438","_seopress_titles_title":"Up\u00ednac\u00ed p\u00e1sky Axkid Move Tether | P\u0159\u00edslu\u0161enstv\u00ed k autoseda\u010dk\u00e1m | Axkid","_seopress_titles_desc":"Up\u00ednac\u00ed p\u00e1sky Axkid Move Tether pro instalaci autoseda\u010dek Axkid Move \/ Movekid \/ Minikid 4 Pro proti sm\u011bru j\u00edzdy. Lze zakoupit jako dal\u0161\u00ed sadu do druh\u00e9ho auta pro rychlej\u0161\u00ed a snaz\u0161\u00ed p\u0159esun z auta do auta nebo jako n\u00e1hradn\u00ed sadu. V ka\u017ed\u00e9m balen\u00ed je jeden p\u00e1r popruh\u016f.","_seopress_robots_index":"","content-type":"","_relevanssi_hide_post":"","_relevanssi_hide_content":"","_relevanssi_pin_for_all":"","_relevanssi_pin_keywords":"","_relevanssi_unpin_keywords":"","_relevanssi_related_keywords":"","_relevanssi_related_include_ids":"","_relevanssi_related_exclude_ids":"","_relevanssi_related_no_append":"","_relevanssi_related_not_related":"","_relevanssi_related_posts":"","_relevanssi_noindex_reason":"","editor_notices":[]},"product_brand":[],"product_cat":[17,438],"product_tag":[63],"class_list":{"0":"post-788","1":"product","2":"type-product","3":"status-publish","4":"has-post-thumbnail","6":"product_cat-prislusenstvi","7":"product_cat-upevnovaci-popruhy-a-oka","8":"product_tag-installation-accessories","10":"first","11":"instock","12":"taxable","13":"shipping-taxable","14":"purchasable","15":"product-type-simple"},"bundled_by":[],"bundle_stock_status":"instock","bundle_stock_quantity":5,"bundle_virtual":false,"bundle_layout":"","bundle_add_to_cart_form_location":"","bundle_editable_in_cart":false,"bundle_sold_individually_context":"","bundle_item_grouping":"","bundle_min_size":"","bundle_max_size":"","bundle_price":[],"bundled_items":[],"bundle_sell_ids":[],"acf":[],"jetpack_sharing_enabled":true,"_links":{"self":[{"href":"https:\/\/axkid.com\/cz\/wp-json\/wp\/v2\/product\/788","targetHints":{"allow":["GET"]}}],"collection":[{"href":"https:\/\/axkid.com\/cz\/wp-json\/wp\/v2\/product"}],"about":[{"href":"https:\/\/axkid.com\/cz\/wp-json\/wp\/v2\/types\/product"}],"replies":[{"embeddable":true,"href":"https:\/\/axkid.com\/cz\/wp-json\/wp\/v2\/comments?post=788"}],"wp:featuredmedia":[{"embeddable":true,"href":"https:\/\/axkid.com\/cz\/wp-json\/wp\/v2\/media\/858"}],"wp:attachment":[{"href":"https:\/\/axkid.com\/cz\/wp-json\/wp\/v2\/media?parent=788"}],"wp:term":[{"taxonomy":"product_brand","embeddable":true,"href":"https:\/\/axkid.com\/cz\/wp-json\/wp\/v2\/product_brand?post=788"},{"taxonomy":"product_cat","embeddable":true,"href":"https:\/\/axkid.com\/cz\/wp-json\/wp\/v2\/product_cat?post=788"},{"taxonomy":"product_tag","embeddable":true,"href":"https:\/\/axkid.com\/cz\/wp-json\/wp\/v2\/product_tag?post=788"}],"curies":[{"name":"wp","href":"https:\/\/api.w.org\/{rel}","templated":true}]}}