{"id":847576,"date":"2025-03-13T16:04:48","date_gmt":"2025-03-13T15:04:48","guid":{"rendered":"https:\/\/axkid.com\/cz-2-0\/?post_type=product&#038;p=847576"},"modified":"2026-04-29T06:38:44","modified_gmt":"2026-04-29T05:38:44","slug":"spinkid-2","status":"publish","type":"product","link":"https:\/\/axkid.com\/cz\/product\/spinkid-2\/","title":{"rendered":"Spinkid 2"},"content":{"rendered":"","protected":false},"excerpt":{"rendered":"<p>Spinkid 2 je autoseda\u010dka s mo\u017enost\u00ed oto\u010den\u00ed o 180\u00b0, kter\u00e1 nab\u00edz\u00ed v\u0161estrannou flexibilitu od narozen\u00ed a\u017e do 4 let (40\u2013105 cm\/18 kg). Je vybavena nastavitelnou op\u011brkou hlavy ve 12 stupn\u00edch, v\u00edcestup\u0148ov\u00fdm sklopen\u00edm, p\u0159izp\u016fsobitelnou vlo\u017ekou a magnetick\u00fdmi ramenn\u00edmi polstry pro snadn\u011bj\u0161\u00ed usazen\u00ed d\u00edt\u011bte do autoseda\u010dky. Pro ka\u017edodenn\u00ed snadn\u00e9 pou\u017e\u00edv\u00e1n\u00ed je vybavena inovativn\u00edmi madly EasyClimb\u2122.<\/p>\n","protected":false},"featured_media":3700000853893,"comment_status":"open","ping_status":"closed","template":"","meta":{"_acf_changed":false,"_seopress_robots_primary_cat":"none","_seopress_titles_title":"Spinkid 2 | Autoseda\u010dky proti sm\u011bru j\u00edzdy | Bezpe\u010dnost va\u0161eho d\u00edt\u011bte v silni\u010dn\u00edm provozu | Axkid","_seopress_titles_desc":"","_seopress_robots_index":"","content-type":"","_relevanssi_hide_post":"","_relevanssi_hide_content":"","_relevanssi_pin_for_all":"","_relevanssi_pin_keywords":"","_relevanssi_unpin_keywords":"","_relevanssi_related_keywords":"","_relevanssi_related_include_ids":"","_relevanssi_related_exclude_ids":"","_relevanssi_related_no_append":"","_relevanssi_related_not_related":"","_relevanssi_related_posts":"","_relevanssi_noindex_reason":"","editor_notices":[]},"product_brand":[],"product_cat":[18,79,80],"product_tag":[],"class_list":{"0":"post-847576","1":"product","2":"type-product","3":"status-publish","4":"has-post-thumbnail","6":"product_cat-autosedacky","7":"product_cat-autosedacky-pro-novorozence-a-kojence","8":"product_cat-autosedacky-proti-smeru-jizdy","10":"first","11":"instock","12":"taxable","13":"shipping-taxable","14":"purchasable","15":"product-type-variable","16":"has-default-attributes"},"bundled_by":[],"bundle_stock_status":"instock","bundle_stock_quantity":null,"bundle_virtual":false,"bundle_layout":"","bundle_add_to_cart_form_location":"","bundle_editable_in_cart":false,"bundle_sold_individually_context":"","bundle_item_grouping":"","bundle_min_size":"","bundle_max_size":"","bundle_price":[],"bundled_items":[],"bundle_sell_ids":[],"acf":[],"jetpack_sharing_enabled":true,"_links":{"self":[{"href":"https:\/\/axkid.com\/cz\/wp-json\/wp\/v2\/product\/847576","targetHints":{"allow":["GET"]}}],"collection":[{"href":"https:\/\/axkid.com\/cz\/wp-json\/wp\/v2\/product"}],"about":[{"href":"https:\/\/axkid.com\/cz\/wp-json\/wp\/v2\/types\/product"}],"replies":[{"embeddable":true,"href":"https:\/\/axkid.com\/cz\/wp-json\/wp\/v2\/comments?post=847576"}],"wp:featuredmedia":[{"embeddable":true,"href":"https:\/\/axkid.com\/cz\/wp-json\/"}],"wp:attachment":[{"href":"https:\/\/axkid.com\/cz\/wp-json\/wp\/v2\/media?parent=847576"}],"wp:term":[{"taxonomy":"product_brand","embeddable":true,"href":"https:\/\/axkid.com\/cz\/wp-json\/wp\/v2\/product_brand?post=847576"},{"taxonomy":"product_cat","embeddable":true,"href":"https:\/\/axkid.com\/cz\/wp-json\/wp\/v2\/product_cat?post=847576"},{"taxonomy":"product_tag","embeddable":true,"href":"https:\/\/axkid.com\/cz\/wp-json\/wp\/v2\/product_tag?post=847576"}],"curies":[{"name":"wp","href":"https:\/\/api.w.org\/{rel}","templated":true}]}}