{"id":847592,"date":"2025-03-13T16:04:35","date_gmt":"2025-03-13T15:04:35","guid":{"rendered":"https:\/\/axkid.com\/cz-2-0\/?post_type=product&#038;p=847592"},"modified":"2026-05-16T20:05:44","modified_gmt":"2026-05-16T19:05:44","slug":"minikid-4-max","status":"publish","type":"product","link":"https:\/\/axkid.com\/cz\/product\/minikid-4-max\/","title":{"rendered":"Minikid 4 Max"},"content":{"rendered":"<p><span dir=\"auto\" style=\"vertical-align: inherit;\"><span dir=\"auto\" style=\"vertical-align: inherit;\">Minikid 4 Max je p\u016fvodn\u00ed autoseda\u010dka s prodlou\u017een\u00fdm pou\u017e\u00edv\u00e1n\u00edm proti sm\u011bru j\u00edzdy, zdokonalovan\u00e1 v\u00edce ne\u017e 15 let. Nab\u00edz\u00edm bezpe\u010dnost a\u017e do 7 let v\u011bku (61\u2013125 cm \/ 36 kg). Snadn\u00e1 instalace za m\u00e9n\u011b ne\u017e 60 sekund. Kompaktn\u00ed design s velk\u00fdm prostorem pro nohy. Schv\u00e1leno Plus testem a testov\u00e1no p\u0159i n\u00e1razov\u00fdch zkou\u0161k\u00e1ch nad r\u00e1mec standard\u016f.<\/span><\/span><\/p>\n","protected":false},"excerpt":{"rendered":"<p><span dir=\"auto\" style=\"vertical-align: inherit\"><span dir=\"auto\" style=\"vertical-align: inherit\">Minikid 4 Max je p\u016fvodn\u00ed autoseda\u010dka s prodlou\u017een\u00fdm pou\u017e\u00edv\u00e1n\u00edm proti sm\u011bru j\u00edzdy, zdokonalovan\u00e1 v\u00edce ne\u017e 15 let. Nab\u00edz\u00edm bezpe\u010dnost a\u017e do 7 let v\u011bku (61\u2013125 cm \/ 36 kg). Snadn\u00e1 instalace za m\u00e9n\u011b ne\u017e 60 sekund. Kompaktn\u00ed design s velk\u00fdm prostorem pro nohy. Schv\u00e1leno Plus testem a testov\u00e1no p\u0159i n\u00e1razov\u00fdch zkou\u0161k\u00e1ch nad r\u00e1mec standard\u016f.<\/span><\/span><\/p>\n","protected":false},"featured_media":3700000853075,"comment_status":"open","ping_status":"closed","template":"","meta":{"_acf_changed":false,"_seopress_robots_primary_cat":"80","_seopress_titles_title":"Minikid 4 Max | Autoseda\u010dky proti sm\u011bru j\u00edzdy | Bezpe\u010dnost va\u0161eho d\u00edt\u011bte v silni\u010dn\u00edm provozu | Axkid","_seopress_titles_desc":"","_seopress_robots_index":"","_seopress_analysis_target_kw":"","content-type":"","_relevanssi_hide_post":"","_relevanssi_hide_content":"","_relevanssi_pin_for_all":"","_relevanssi_pin_keywords":"","_relevanssi_unpin_keywords":"","_relevanssi_related_keywords":"","_relevanssi_related_include_ids":"","_relevanssi_related_exclude_ids":"","_relevanssi_related_no_append":"","_relevanssi_related_not_related":"","_relevanssi_related_posts":"","_relevanssi_noindex_reason":"","editor_notices":[]},"product_brand":[],"product_cat":[80,18],"product_tag":[],"class_list":{"0":"post-847592","1":"product","2":"type-product","3":"status-publish","4":"has-post-thumbnail","6":"product_cat-autosedacky-proti-smeru-jizdy","7":"product_cat-autosedacky","9":"first","10":"instock","11":"sale","12":"taxable","13":"shipping-taxable","14":"purchasable","15":"product-type-variable","16":"has-default-attributes"},"bundled_by":[],"bundle_stock_status":"instock","bundle_stock_quantity":null,"bundle_virtual":false,"bundle_layout":"","bundle_add_to_cart_form_location":"","bundle_editable_in_cart":false,"bundle_sold_individually_context":"","bundle_item_grouping":"","bundle_min_size":"","bundle_max_size":"","bundle_price":[],"bundled_items":[],"bundle_sell_ids":[],"acf":[],"jetpack_sharing_enabled":true,"_links":{"self":[{"href":"https:\/\/axkid.com\/cz\/wp-json\/wp\/v2\/product\/847592","targetHints":{"allow":["GET"]}}],"collection":[{"href":"https:\/\/axkid.com\/cz\/wp-json\/wp\/v2\/product"}],"about":[{"href":"https:\/\/axkid.com\/cz\/wp-json\/wp\/v2\/types\/product"}],"replies":[{"embeddable":true,"href":"https:\/\/axkid.com\/cz\/wp-json\/wp\/v2\/comments?post=847592"}],"wp:featuredmedia":[{"embeddable":true,"href":"https:\/\/axkid.com\/cz\/wp-json\/"}],"wp:attachment":[{"href":"https:\/\/axkid.com\/cz\/wp-json\/wp\/v2\/media?parent=847592"}],"wp:term":[{"taxonomy":"product_brand","embeddable":true,"href":"https:\/\/axkid.com\/cz\/wp-json\/wp\/v2\/product_brand?post=847592"},{"taxonomy":"product_cat","embeddable":true,"href":"https:\/\/axkid.com\/cz\/wp-json\/wp\/v2\/product_cat?post=847592"},{"taxonomy":"product_tag","embeddable":true,"href":"https:\/\/axkid.com\/cz\/wp-json\/wp\/v2\/product_tag?post=847592"}],"curies":[{"name":"wp","href":"https:\/\/api.w.org\/{rel}","templated":true}]}}