{"id":847602,"date":"2025-03-13T16:05:00","date_gmt":"2025-03-13T15:05:00","guid":{"rendered":"https:\/\/axkid.com\/cz-2-0\/?post_type=product&#038;p=847602"},"modified":"2026-03-27T14:00:34","modified_gmt":"2026-03-27T13:00:34","slug":"minikid-4-pro","status":"publish","type":"product","link":"https:\/\/axkid.com\/cz\/product\/minikid-4-pro\/","title":{"rendered":"Minikid 4 Pro"},"content":{"rendered":"<p>Za\u017eijte desetilet\u00fd v\u00fdvoj p\u016fvodn\u00ed autoseda\u010dky sm\u011b\u0159uj\u00edc\u00ed proti sm\u011bru j\u00edzdy. Minikid 4 Pro nab\u00edz\u00ed prodlou\u017een\u00e9 pou\u017eit\u00ed proti sm\u011bru j\u00edzdy a\u017e do 7 let (61\u2013125 cm\/36 kg). Tato autoseda\u010dka, vyvinut\u00e1 za \u00fa\u010delem roz\u0161\u00ed\u0159en\u00ed rozsahu pou\u017eit\u00ed posunut\u00edm limit\u016f hmotnosti a d\u00e9lky, byla podrobena nadstandardn\u00edm test\u016fm a zaru\u010duje bezpe\u010dnost a\u017e do 36 kg. \u00dazk\u00fd design umo\u017e\u0148uje um\u00edst\u011bn\u00ed t\u0159\u00ed seda\u010dek vedle sebe.<\/p>\n","protected":false},"excerpt":{"rendered":"<p>Za\u017eijte desetilet\u00fd v\u00fdvoj p\u016fvodn\u00ed autoseda\u010dky sm\u011b\u0159uj\u00edc\u00ed proti sm\u011bru j\u00edzdy. Minikid 4 Pro nab\u00edz\u00ed prodlou\u017een\u00e9 pou\u017eit\u00ed proti sm\u011bru j\u00edzdy a\u017e do 7 let (61\u2013125 cm\/36 kg). Tato autoseda\u010dka, vyvinut\u00e1 za \u00fa\u010delem roz\u0161\u00ed\u0159en\u00ed rozsahu pou\u017eit\u00ed posunut\u00edm limit\u016f hmotnosti a d\u00e9lky, byla podrobena nadstandardn\u00edm test\u016fm a zaru\u010duje bezpe\u010dnost a\u017e do 36 kg. \u00dazk\u00fd design umo\u017e\u0148uje um\u00edst\u011bn\u00ed t\u0159\u00ed seda\u010dek vedle sebe.<\/p>\n","protected":false},"featured_media":3700000853065,"comment_status":"open","ping_status":"closed","template":"","meta":{"_acf_changed":false,"_seopress_robots_primary_cat":"none","_seopress_titles_title":"","_seopress_titles_desc":"","_seopress_robots_index":"","content-type":"","_relevanssi_hide_post":"","_relevanssi_hide_content":"","_relevanssi_pin_for_all":"","_relevanssi_pin_keywords":"","_relevanssi_unpin_keywords":"","_relevanssi_related_keywords":"","_relevanssi_related_include_ids":"","_relevanssi_related_exclude_ids":"","_relevanssi_related_no_append":"","_relevanssi_related_not_related":"","_relevanssi_related_posts":"","_relevanssi_noindex_reason":"","editor_notices":[]},"product_brand":[],"product_cat":[80,18],"product_tag":[],"class_list":{"0":"post-847602","1":"product","2":"type-product","3":"status-publish","4":"has-post-thumbnail","6":"product_cat-autosedacky-proti-smeru-jizdy","7":"product_cat-autosedacky","9":"first","10":"instock","11":"taxable","12":"shipping-taxable","13":"purchasable","14":"product-type-variable","15":"has-default-attributes"},"bundled_by":[],"bundle_stock_status":"instock","bundle_stock_quantity":null,"bundle_virtual":false,"bundle_layout":"","bundle_add_to_cart_form_location":"","bundle_editable_in_cart":false,"bundle_sold_individually_context":"","bundle_item_grouping":"","bundle_min_size":"","bundle_max_size":"","bundle_price":[],"bundled_items":[],"bundle_sell_ids":[],"acf":[],"jetpack_sharing_enabled":true,"_links":{"self":[{"href":"https:\/\/axkid.com\/cz\/wp-json\/wp\/v2\/product\/847602","targetHints":{"allow":["GET"]}}],"collection":[{"href":"https:\/\/axkid.com\/cz\/wp-json\/wp\/v2\/product"}],"about":[{"href":"https:\/\/axkid.com\/cz\/wp-json\/wp\/v2\/types\/product"}],"replies":[{"embeddable":true,"href":"https:\/\/axkid.com\/cz\/wp-json\/wp\/v2\/comments?post=847602"}],"wp:featuredmedia":[{"embeddable":true,"href":"https:\/\/axkid.com\/cz\/wp-json\/"}],"wp:attachment":[{"href":"https:\/\/axkid.com\/cz\/wp-json\/wp\/v2\/media?parent=847602"}],"wp:term":[{"taxonomy":"product_brand","embeddable":true,"href":"https:\/\/axkid.com\/cz\/wp-json\/wp\/v2\/product_brand?post=847602"},{"taxonomy":"product_cat","embeddable":true,"href":"https:\/\/axkid.com\/cz\/wp-json\/wp\/v2\/product_cat?post=847602"},{"taxonomy":"product_tag","embeddable":true,"href":"https:\/\/axkid.com\/cz\/wp-json\/wp\/v2\/product_tag?post=847602"}],"curies":[{"name":"wp","href":"https:\/\/api.w.org\/{rel}","templated":true}]}}