{"id":847630,"date":"2025-09-30T13:02:22","date_gmt":"2025-09-30T12:02:22","guid":{"rendered":"https:\/\/axkid.com\/cz-2-0\/?post_type=product&#038;p=847630"},"modified":"2026-05-15T10:45:07","modified_gmt":"2026-05-15T09:45:07","slug":"up","status":"publish","type":"product","link":"https:\/\/axkid.com\/cz\/product\/up\/","title":{"rendered":"Up"},"content":{"rendered":"<p>Axkid Up\u2122 je na\u0161e nejmodern\u011bj\u0161\u00ed koncov\u00e1 autoseda\u010dka. Je vhodn\u00e1 pro d\u011bti ve v\u011bku od 4 do 12 let (100\u2013150 cm\/50 kg) a d\u00edky v\u00fd\u0161kov\u011b nastaviteln\u00e9mu sed\u00e1ku se p\u0159izp\u016fsob\u00ed va\u0161emu d\u00edt\u011bti, aby byl bezpe\u010dnostn\u00ed p\u00e1s v\u017edy v ide\u00e1ln\u00ed poloze. Je vybavena pevn\u00fdm ocelov\u00fdm r\u00e1mem s integrovanou op\u011brnou nohou pro v\u011bt\u0161\u00ed stabilitu.<\/p>\n","protected":false},"excerpt":{"rendered":"<p>Axkid Up\u2122 je na\u0161e nejmodern\u011bj\u0161\u00ed koncov\u00e1 autoseda\u010dka. Je vhodn\u00e1 pro d\u011bti ve v\u011bku od 4 do 12 let (100\u2013150 cm\/50 kg) a d\u00edky v\u00fd\u0161kov\u011b nastaviteln\u00e9mu sed\u00e1ku se p\u0159izp\u016fsob\u00ed va\u0161emu d\u00edt\u011bti, aby byl bezpe\u010dnostn\u00ed p\u00e1s v\u017edy v ide\u00e1ln\u00ed poloze. Je vybavena pevn\u00fdm ocelov\u00fdm r\u00e1mem s integrovanou op\u011brnou nohou pro v\u011bt\u0161\u00ed stabilitu.<\/p>\n","protected":false},"featured_media":3700000853093,"comment_status":"open","ping_status":"closed","template":"","meta":{"_acf_changed":false,"_seopress_robots_primary_cat":"none","_seopress_titles_title":"Up | Posm\u011brn\u00e9 koncov\u00e9 autoseda\u010dky | Axkid","_seopress_titles_desc":"","_seopress_robots_index":"","_seopress_analysis_target_kw":"","content-type":"","_relevanssi_hide_post":"","_relevanssi_hide_content":"","_relevanssi_pin_for_all":"","_relevanssi_pin_keywords":"","_relevanssi_unpin_keywords":"","_relevanssi_related_keywords":"","_relevanssi_related_include_ids":"","_relevanssi_related_exclude_ids":"","_relevanssi_related_no_append":"","_relevanssi_related_not_related":"","_relevanssi_related_posts":"","_relevanssi_noindex_reason":"","editor_notices":[]},"product_brand":[],"product_cat":[81,18],"product_tag":[],"class_list":{"0":"post-847630","1":"product","2":"type-product","3":"status-publish","4":"has-post-thumbnail","6":"product_cat-koncove-autosedacky","7":"product_cat-autosedacky","9":"first","10":"instock","11":"taxable","12":"shipping-taxable","13":"purchasable","14":"product-type-variable","15":"has-default-attributes"},"bundled_by":[],"bundle_stock_status":"instock","bundle_stock_quantity":null,"bundle_virtual":false,"bundle_layout":"","bundle_add_to_cart_form_location":"","bundle_editable_in_cart":false,"bundle_sold_individually_context":"","bundle_item_grouping":"","bundle_min_size":"","bundle_max_size":"","bundle_price":[],"bundled_items":[],"bundle_sell_ids":[],"acf":[],"jetpack_sharing_enabled":true,"_links":{"self":[{"href":"https:\/\/axkid.com\/cz\/wp-json\/wp\/v2\/product\/847630","targetHints":{"allow":["GET"]}}],"collection":[{"href":"https:\/\/axkid.com\/cz\/wp-json\/wp\/v2\/product"}],"about":[{"href":"https:\/\/axkid.com\/cz\/wp-json\/wp\/v2\/types\/product"}],"replies":[{"embeddable":true,"href":"https:\/\/axkid.com\/cz\/wp-json\/wp\/v2\/comments?post=847630"}],"wp:featuredmedia":[{"embeddable":true,"href":"https:\/\/axkid.com\/cz\/wp-json\/"}],"wp:attachment":[{"href":"https:\/\/axkid.com\/cz\/wp-json\/wp\/v2\/media?parent=847630"}],"wp:term":[{"taxonomy":"product_brand","embeddable":true,"href":"https:\/\/axkid.com\/cz\/wp-json\/wp\/v2\/product_brand?post=847630"},{"taxonomy":"product_cat","embeddable":true,"href":"https:\/\/axkid.com\/cz\/wp-json\/wp\/v2\/product_cat?post=847630"},{"taxonomy":"product_tag","embeddable":true,"href":"https:\/\/axkid.com\/cz\/wp-json\/wp\/v2\/product_tag?post=847630"}],"curies":[{"name":"wp","href":"https:\/\/api.w.org\/{rel}","templated":true}]}}