{"id":848063,"date":"2025-10-08T13:40:41","date_gmt":"2025-10-08T12:40:41","guid":{"rendered":"https:\/\/axkid.com\/cz-2-0\/product\/up-carry-bag\/"},"modified":"2026-03-31T13:32:11","modified_gmt":"2026-03-31T12:32:11","slug":"up-carry-bag","status":"publish","type":"product","link":"https:\/\/axkid.com\/cz\/product\/up-carry-bag\/","title":{"rendered":"Up P\u0159epravn\u00ed ta\u0161ka"},"content":{"rendered":"","protected":false},"excerpt":{"rendered":"<p>Je p\u0159izp\u016fsobena tak, aby dokonale sed\u011bla na slo\u017eenou autoseda\u010dku Axkid Up\u2122, a zaji\u0161\u0165uje snadnou p\u0159epravu a kompaktn\u00ed skladov\u00e1n\u00ed. D\u00edky polstrovan\u00e9 ochran\u011b proti n\u00e1raz\u016fm a vod\u011bodoln\u00e9mu zipu chr\u00e1n\u00ed ta\u0161ka Axkid Up Carry Bag va\u0161i autoseda\u010dku b\u011bhem p\u0159epravy.<\/p>\n","protected":false},"featured_media":3700000850985,"comment_status":"open","ping_status":"closed","template":"","meta":{"_acf_changed":false,"_seopress_robots_primary_cat":"none","_seopress_titles_title":"Up p\u0159epravn\u00ed ta\u0161ka | P\u0159\u00edslu\u0161enstv\u00ed k va\u0161\u00ed autoseda\u010dce | Axkid","_seopress_titles_desc":"","_seopress_robots_index":"","content-type":"","_relevanssi_hide_post":"","_relevanssi_hide_content":"","_relevanssi_pin_for_all":"","_relevanssi_pin_keywords":"","_relevanssi_unpin_keywords":"","_relevanssi_related_keywords":"","_relevanssi_related_include_ids":"","_relevanssi_related_exclude_ids":"","_relevanssi_related_no_append":"","_relevanssi_related_not_related":"","_relevanssi_related_posts":"","_relevanssi_noindex_reason":"","editor_notices":[]},"product_brand":[],"product_cat":[17],"product_tag":[],"class_list":{"0":"post-848063","1":"product","2":"type-product","3":"status-publish","4":"has-post-thumbnail","6":"product_cat-prislusenstvi","8":"first","9":"instock","10":"taxable","11":"shipping-taxable","12":"purchasable","13":"product-type-simple"},"bundled_by":[],"bundle_stock_status":"instock","bundle_stock_quantity":50,"bundle_virtual":false,"bundle_layout":"","bundle_add_to_cart_form_location":"","bundle_editable_in_cart":false,"bundle_sold_individually_context":"","bundle_item_grouping":"","bundle_min_size":"","bundle_max_size":"","bundle_price":[],"bundled_items":[],"bundle_sell_ids":[],"acf":[],"jetpack_sharing_enabled":true,"_links":{"self":[{"href":"https:\/\/axkid.com\/cz\/wp-json\/wp\/v2\/product\/848063","targetHints":{"allow":["GET"]}}],"collection":[{"href":"https:\/\/axkid.com\/cz\/wp-json\/wp\/v2\/product"}],"about":[{"href":"https:\/\/axkid.com\/cz\/wp-json\/wp\/v2\/types\/product"}],"replies":[{"embeddable":true,"href":"https:\/\/axkid.com\/cz\/wp-json\/wp\/v2\/comments?post=848063"}],"wp:featuredmedia":[{"embeddable":true,"href":"https:\/\/axkid.com\/cz\/wp-json\/"}],"wp:attachment":[{"href":"https:\/\/axkid.com\/cz\/wp-json\/wp\/v2\/media?parent=848063"}],"wp:term":[{"taxonomy":"product_brand","embeddable":true,"href":"https:\/\/axkid.com\/cz\/wp-json\/wp\/v2\/product_brand?post=848063"},{"taxonomy":"product_cat","embeddable":true,"href":"https:\/\/axkid.com\/cz\/wp-json\/wp\/v2\/product_cat?post=848063"},{"taxonomy":"product_tag","embeddable":true,"href":"https:\/\/axkid.com\/cz\/wp-json\/wp\/v2\/product_tag?post=848063"}],"curies":[{"name":"wp","href":"https:\/\/api.w.org\/{rel}","templated":true}]}}