{"id":848152,"date":"2025-10-23T08:35:03","date_gmt":"2025-10-23T07:35:03","guid":{"rendered":"https:\/\/axkid.com\/cz-2-0\/product\/axkid-lumbar-support\/"},"modified":"2026-02-23T14:50:41","modified_gmt":"2026-02-23T13:50:41","slug":"axkid-bederni-operka","status":"publish","type":"product","link":"https:\/\/axkid.com\/cz\/product\/axkid-bederni-operka\/","title":{"rendered":"Axkid bedern\u00ed op\u011brka"},"content":{"rendered":"","protected":false},"excerpt":{"rendered":"<p>P\u0159\u00eddavn\u00e9 bedern\u00ed op\u011brky Axkid maj\u00ed certifikaci AGR a jsou navr\u017eeny tak, aby poskytovaly va\u0161emu d\u00edt\u011bti v\u011bt\u0161\u00ed pohodl\u00ed a podporovaly zdrav\u00e9 dr\u017een\u00ed t\u011bla p\u0159i sezen\u00ed. Lze je pou\u017e\u00edt jako p\u0159\u00edslu\u0161enstv\u00ed k na\u0161im autoseda\u010dk\u00e1m Minikid 4 (Max a Pro) a One 3, kter\u00e9 jsou ur\u010deny pro instalaci proti sm\u011bru j\u00edzdy, a poskytnout tak va\u0161emu d\u00edt\u011bti pot\u0159ebnou dodate\u010dnou oporu bedern\u00ed p\u00e1te\u0159e. Doporu\u010deno pro d\u011bti od 105 cm (jakmile ji\u017e nen\u00ed pou\u017e\u00edv\u00e1na vlo\u017eka pro kojence pro One 3 a Minikid 4).<\/p>\n<ul>\n<li>Podporuje doln\u00ed \u010d\u00e1st zad d\u00edt\u011bte a podporuje p\u0159irozenou polohu p\u0159i sezen\u00ed<\/li>\n<li>Pom\u00e1h\u00e1 zm\u00edrnit tlak na p\u00e1te\u0159 a sni\u017euje riziko bolesti zad<\/li>\n<li>Ergonomicky vyvinuto se zvl\u00e1\u0161tn\u00edm ohledem na rostouc\u00ed z\u00e1da<\/li>\n<\/ul>\n","protected":false},"featured_media":3700000851856,"comment_status":"open","ping_status":"closed","template":"","meta":{"_acf_changed":false,"_seopress_robots_primary_cat":"none","_seopress_titles_title":"Bedern\u00ed op\u011brka | P\u0159\u00edslu\u0161enstv\u00ed k va\u0161\u00ed autoseda\u010dce | Axkid","_seopress_titles_desc":"","_seopress_robots_index":"","content-type":"","_relevanssi_hide_post":"","_relevanssi_hide_content":"","_relevanssi_pin_for_all":"","_relevanssi_pin_keywords":"","_relevanssi_unpin_keywords":"","_relevanssi_related_keywords":"","_relevanssi_related_include_ids":"","_relevanssi_related_exclude_ids":"","_relevanssi_related_no_append":"","_relevanssi_related_not_related":"","_relevanssi_related_posts":"","_relevanssi_noindex_reason":"","editor_notices":[]},"product_brand":[],"product_cat":[375,17,435],"product_tag":[],"class_list":{"0":"post-848152","1":"product","2":"type-product","3":"status-publish","4":"has-post-thumbnail","6":"product_cat-nahradni-dily","7":"product_cat-prislusenstvi","8":"product_cat-vlozky-a-doplnky-do-autosedacek","10":"first","11":"outofstock","12":"taxable","13":"shipping-taxable","14":"purchasable","15":"product-type-simple"},"bundled_by":[],"bundle_stock_status":"outofstock","bundle_stock_quantity":0,"bundle_virtual":false,"bundle_layout":"","bundle_add_to_cart_form_location":"","bundle_editable_in_cart":false,"bundle_sold_individually_context":"","bundle_item_grouping":"","bundle_min_size":"","bundle_max_size":"","bundle_price":[],"bundled_items":[],"bundle_sell_ids":[],"acf":[],"jetpack_sharing_enabled":true,"_links":{"self":[{"href":"https:\/\/axkid.com\/cz\/wp-json\/wp\/v2\/product\/848152","targetHints":{"allow":["GET"]}}],"collection":[{"href":"https:\/\/axkid.com\/cz\/wp-json\/wp\/v2\/product"}],"about":[{"href":"https:\/\/axkid.com\/cz\/wp-json\/wp\/v2\/types\/product"}],"replies":[{"embeddable":true,"href":"https:\/\/axkid.com\/cz\/wp-json\/wp\/v2\/comments?post=848152"}],"wp:featuredmedia":[{"embeddable":true,"href":"https:\/\/axkid.com\/cz\/wp-json\/"}],"wp:attachment":[{"href":"https:\/\/axkid.com\/cz\/wp-json\/wp\/v2\/media?parent=848152"}],"wp:term":[{"taxonomy":"product_brand","embeddable":true,"href":"https:\/\/axkid.com\/cz\/wp-json\/wp\/v2\/product_brand?post=848152"},{"taxonomy":"product_cat","embeddable":true,"href":"https:\/\/axkid.com\/cz\/wp-json\/wp\/v2\/product_cat?post=848152"},{"taxonomy":"product_tag","embeddable":true,"href":"https:\/\/axkid.com\/cz\/wp-json\/wp\/v2\/product_tag?post=848152"}],"curies":[{"name":"wp","href":"https:\/\/api.w.org\/{rel}","templated":true}]}}