{"id":848247,"date":"2025-11-24T17:31:17","date_gmt":"2025-11-24T16:31:17","guid":{"rendered":"https:\/\/axkid.com\/cz-2-0\/?post_type=product&#038;p=848247"},"modified":"2026-04-28T09:56:07","modified_gmt":"2026-04-28T08:56:07","slug":"baby-insert-one-one-2-one-3","status":"publish","type":"product","link":"https:\/\/axkid.com\/cz\/product\/baby-insert-one-one-2-one-3\/","title":{"rendered":"Novorozeneck\u00e1 vlo\u017eka &#8211; ONE, ONE 2 &amp; ONE 3"},"content":{"rendered":"<p>P\u0159em\u011b\u0148te svou autoseda\u010dku Axkid ONE na autoseda\u010dku pro novorozence. Vlo\u017eka umo\u017e\u0148uje p\u0159epravovat novorozen\u00e9 d\u00edt\u011b vysok\u00e9 40 a\u017e 60 cm v modelu Axkid ONE. Je sou\u010d\u00e1st\u00ed balen\u00ed p\u0159i koupi Axkid ONE+ 3. Pasuje na v\u0161echny modely Axkid ONE, ONE 2 a ONE 3.<\/p>\n","protected":false},"excerpt":{"rendered":"<p>P\u0159em\u011b\u0148te svou autoseda\u010dku Axkid ONE na autoseda\u010dku pro novorozence. Vlo\u017eka umo\u017e\u0148uje p\u0159epravovat novorozen\u00e9 d\u00edt\u011b vysok\u00e9 40 a\u017e 60 cm v&#8230; <\/br><a class=\"read-more text-decoration-none\" href=\"https:\/\/axkid.com\/cz\/product\/baby-insert-one-one-2-one-3\/\">P\u0159e\u010d\u00edst cel\u00fd p\u0159\u00edsp\u011bvek<\/a><\/p>\n","protected":false},"featured_media":15354,"comment_status":"closed","ping_status":"closed","template":"","meta":{"_acf_changed":false,"_seopress_robots_primary_cat":"none","_seopress_titles_title":"Novorozeneck\u00e1 vlo\u017eka | P\u0159\u00edslu\u0161enstv\u00ed k va\u0161\u00ed autoseda\u010dce | Axkid","_seopress_titles_desc":"P\u0159em\u011b\u0148te svou autoseda\u010dku Axkid ONE na autoseda\u010dku pro novorozence. Vlo\u017eka umo\u017e\u0148uje p\u0159epravovat novorozen\u00e9 d\u00edt\u011b vysok\u00e9 40 a\u017e 60 cm v modelu Axkid ONE. Je sou\u010d\u00e1st\u00ed balen\u00ed p\u0159i koupi Axkid ONE+ 3. Pasuje na v\u0161echny modely Axkid ONE, ONE 2 a ONE 3.","_seopress_robots_index":"","content-type":"","_relevanssi_hide_post":"","_relevanssi_hide_content":"","_relevanssi_pin_for_all":"","_relevanssi_pin_keywords":"","_relevanssi_unpin_keywords":"","_relevanssi_related_keywords":"","_relevanssi_related_include_ids":"","_relevanssi_related_exclude_ids":"","_relevanssi_related_no_append":"","_relevanssi_related_not_related":"","_relevanssi_related_posts":"","_relevanssi_noindex_reason":"","editor_notices":[]},"product_brand":[],"product_cat":[375,435],"product_tag":[],"class_list":{"0":"post-848247","1":"product","2":"type-product","3":"status-publish","4":"has-post-thumbnail","6":"product_cat-nahradni-dily","7":"product_cat-vlozky-a-doplnky-do-autosedacek","9":"first","10":"instock","11":"taxable","12":"shipping-taxable","13":"purchasable","14":"product-type-simple"},"bundled_by":[],"bundle_stock_status":"instock","bundle_stock_quantity":4,"bundle_virtual":false,"bundle_layout":"","bundle_add_to_cart_form_location":"","bundle_editable_in_cart":false,"bundle_sold_individually_context":"","bundle_item_grouping":"","bundle_min_size":"","bundle_max_size":"","bundle_price":[],"bundled_items":[],"bundle_sell_ids":[],"acf":[],"jetpack_sharing_enabled":true,"_links":{"self":[{"href":"https:\/\/axkid.com\/cz\/wp-json\/wp\/v2\/product\/848247","targetHints":{"allow":["GET"]}}],"collection":[{"href":"https:\/\/axkid.com\/cz\/wp-json\/wp\/v2\/product"}],"about":[{"href":"https:\/\/axkid.com\/cz\/wp-json\/wp\/v2\/types\/product"}],"replies":[{"embeddable":true,"href":"https:\/\/axkid.com\/cz\/wp-json\/wp\/v2\/comments?post=848247"}],"wp:featuredmedia":[{"embeddable":true,"href":"https:\/\/axkid.com\/cz\/wp-json\/wp\/v2\/media\/15354"}],"wp:attachment":[{"href":"https:\/\/axkid.com\/cz\/wp-json\/wp\/v2\/media?parent=848247"}],"wp:term":[{"taxonomy":"product_brand","embeddable":true,"href":"https:\/\/axkid.com\/cz\/wp-json\/wp\/v2\/product_brand?post=848247"},{"taxonomy":"product_cat","embeddable":true,"href":"https:\/\/axkid.com\/cz\/wp-json\/wp\/v2\/product_cat?post=848247"},{"taxonomy":"product_tag","embeddable":true,"href":"https:\/\/axkid.com\/cz\/wp-json\/wp\/v2\/product_tag?post=848247"}],"curies":[{"name":"wp","href":"https:\/\/api.w.org\/{rel}","templated":true}]}}