{"id":848258,"date":"2025-11-25T17:08:46","date_gmt":"2025-11-25T16:08:46","guid":{"rendered":"https:\/\/axkid.com\/cz-2-0\/?post_type=product&#038;p=848258"},"modified":"2026-02-11T16:41:56","modified_gmt":"2026-02-11T15:41:56","slug":"baby-mirror","status":"publish","type":"product","link":"https:\/\/axkid.com\/cz\/product\/baby-mirror\/","title":{"rendered":"Zrc\u00e1tko"},"content":{"rendered":"<p>D\u011btsk\u00e9 zrc\u00e1tko v\u00e1m poskytne jasn\u00fd v\u00fdhled na va\u0161e d\u00edt\u011b usazen\u00e9 v autoseda\u010dce proti sm\u011bru j\u00edzdy. P\u0159ipevn\u011bte jej na\u00a0 op\u011brku hlavy zadn\u00edho sedadla, abyste mohli sv\u00e9 d\u00edt\u011b b\u011bhem j\u00edzdy snadno sledovat. Pro v\u011bt\u0161\u00ed stabilitu jej pevn\u011b zajist\u011bte pomoc\u00ed p\u0159ilo\u017een\u00fdch plastov\u00fdch klip\u016f.<\/p>\n","protected":false},"excerpt":{"rendered":"<p>D\u011btsk\u00e9 zrc\u00e1tko v\u00e1m poskytne jasn\u00fd v\u00fdhled na va\u0161e d\u00edt\u011b usazen\u00e9 v autoseda\u010dce proti sm\u011bru j\u00edzdy. P\u0159ipevn\u011bte jej na\u00a0 op\u011brku hlavy&#8230; <\/br><a class=\"read-more text-decoration-none\" href=\"https:\/\/axkid.com\/cz\/product\/baby-mirror\/\">P\u0159e\u010d\u00edst cel\u00fd p\u0159\u00edsp\u011bvek<\/a><\/p>\n","protected":false},"featured_media":812,"comment_status":"open","ping_status":"closed","template":"","meta":{"_acf_changed":false,"_seopress_robots_primary_cat":"none","_seopress_titles_title":"Zrc\u00e1tko | P\u0159\u00edslu\u0161enstv\u00ed k va\u0161\u00ed autoseda\u010dce | Axkid","_seopress_titles_desc":"D\u011btsk\u00e9 zrc\u00e1tko v\u00e1m poskytne jasn\u00fd v\u00fdhled na va\u0161e d\u00edt\u011b usazen\u00e9 v autoseda\u010dce proti sm\u011bru j\u00edzdy b\u011bhem cestov\u00e1n\u00ed. Nainstalujte jej na op\u011brku hlavy ve va\u0161em vozidle.","_seopress_robots_index":"","content-type":"","_relevanssi_hide_post":"","_relevanssi_hide_content":"","_relevanssi_pin_for_all":"","_relevanssi_pin_keywords":"","_relevanssi_unpin_keywords":"","_relevanssi_related_keywords":"","_relevanssi_related_include_ids":"","_relevanssi_related_exclude_ids":"","_relevanssi_related_no_append":"","_relevanssi_related_not_related":"","_relevanssi_related_posts":"","_relevanssi_noindex_reason":"","editor_notices":[]},"product_brand":[],"product_cat":[17],"product_tag":[],"class_list":{"0":"post-848258","1":"product","2":"type-product","3":"status-publish","4":"has-post-thumbnail","6":"product_cat-prislusenstvi","8":"first","9":"instock","10":"taxable","11":"shipping-taxable","12":"purchasable","13":"product-type-simple"},"bundled_by":[],"bundle_stock_status":"instock","bundle_stock_quantity":30,"bundle_virtual":false,"bundle_layout":"","bundle_add_to_cart_form_location":"","bundle_editable_in_cart":false,"bundle_sold_individually_context":"","bundle_item_grouping":"","bundle_min_size":"","bundle_max_size":"","bundle_price":[],"bundled_items":[],"bundle_sell_ids":[],"acf":[],"jetpack_sharing_enabled":true,"_links":{"self":[{"href":"https:\/\/axkid.com\/cz\/wp-json\/wp\/v2\/product\/848258","targetHints":{"allow":["GET"]}}],"collection":[{"href":"https:\/\/axkid.com\/cz\/wp-json\/wp\/v2\/product"}],"about":[{"href":"https:\/\/axkid.com\/cz\/wp-json\/wp\/v2\/types\/product"}],"replies":[{"embeddable":true,"href":"https:\/\/axkid.com\/cz\/wp-json\/wp\/v2\/comments?post=848258"}],"wp:featuredmedia":[{"embeddable":true,"href":"https:\/\/axkid.com\/cz\/wp-json\/wp\/v2\/media\/812"}],"wp:attachment":[{"href":"https:\/\/axkid.com\/cz\/wp-json\/wp\/v2\/media?parent=848258"}],"wp:term":[{"taxonomy":"product_brand","embeddable":true,"href":"https:\/\/axkid.com\/cz\/wp-json\/wp\/v2\/product_brand?post=848258"},{"taxonomy":"product_cat","embeddable":true,"href":"https:\/\/axkid.com\/cz\/wp-json\/wp\/v2\/product_cat?post=848258"},{"taxonomy":"product_tag","embeddable":true,"href":"https:\/\/axkid.com\/cz\/wp-json\/wp\/v2\/product_tag?post=848258"}],"curies":[{"name":"wp","href":"https:\/\/api.w.org\/{rel}","templated":true}]}}