{"id":848259,"date":"2025-11-24T19:57:20","date_gmt":"2025-11-24T18:57:20","guid":{"rendered":"https:\/\/axkid.com\/cz-2-0\/?post_type=product&#038;p=848259"},"modified":"2026-02-11T16:12:40","modified_gmt":"2026-02-11T15:12:40","slug":"axkid-x-geggamoja-sunshades-for-window","status":"publish","type":"product","link":"https:\/\/axkid.com\/cz\/product\/axkid-x-geggamoja-sunshades-for-window\/","title":{"rendered":"Axkid x Geggamoja slune\u010dn\u00ed clony"},"content":{"rendered":"<p class=\"sr-only\"><span style=\"font-size: 1rem;letter-spacing: 0.2px\">Slune\u010dn\u00ed clony Axkid x Geggamoja jsou ide\u00e1ln\u00ed pro zast\u00edn\u011bn\u00ed va\u0161eho d\u00edt\u011bte b\u011bhem j\u00edzdy autem, kdy\u017e sv\u00edt\u00ed slunce. Slune\u010dn\u00ed clony jsou k dispozici ve dvou hrav\u00fdch designech, kter\u00e9 d\u011blaj\u00ed cestov\u00e1n\u00ed autem je\u0161t\u011b z\u00e1bavn\u011bj\u0161\u00ed.<\/span><\/p>\n<p>Slune\u010dn\u00ed clony jsou samodr\u017e\u00edc\u00ed, tak\u017ee je lze snadno p\u0159ipevnit na okno a v p\u0159\u00edpad\u011b pot\u0159eby tak\u00e9 jednodu\u0161e p\u0159esouvat mezi auty. Jsou tak\u00e9 skl\u00e1dac\u00ed, aby po sejmut\u00ed z okna zab\u00edraly co nejm\u00e9n\u011b m\u00edsta.<\/p>\n<h3><b><span data-contrast=\"auto\">Axkid x Geggamoja<\/span><\/b><\/h3>\n<p><span data-contrast=\"auto\">Kolekce Axkid x Geggamoja je v\u00fdsledkem spolupr\u00e1ce \u0161v\u00e9dsk\u00e9 bezpe\u010dnostn\u00ed spole\u010dnosti Axkid a \u0161v\u00e9dsk\u00e9 d\u011btsk\u00e9 od\u011bvn\u00ed zna\u010dky Geggamoja, kter\u00e1 je zn\u00e1m\u00e1 sv\u00fdmi jedine\u010dn\u00fdmi designy a vysokou kvalitou. <\/span><span data-ccp-props=\"{&quot;201341983&quot;:0,&quot;335559739&quot;:160,&quot;335559740&quot;:259}\">\u00a0<\/span><\/p>\n<p>Spole\u010dn\u011b jsme cht\u011bli vytvo\u0159it n\u011bco, co se bude d\u011btem l\u00edbit a co je podpo\u0159\u00ed v tom, aby si j\u00edzdu autem opravdu u\u017eily a z\u016fstaly v autoseda\u010dk\u00e1ch proti sm\u011bru j\u00edzdy co nejd\u00e9le. Proto\u017ee kdo by se necht\u011bl zasn\u00edt ve sv\u011bt\u011b horkovzdu\u0161n\u00fdch bal\u00f3n\u016f v motivu \u201eDreamer\u201c?<\/p>\n<p><span data-ccp-props=\"{&quot;201341983&quot;:0,&quot;335559739&quot;:160,&quot;335559740&quot;:259}\">Douf\u00e1me, \u017ee si vy i va\u0161e d\u00edt\u011b designy u\u017eijete stejn\u011b jako my. <\/span><\/p>\n<p><span data-contrast=\"auto\">P\u0159e\u010dt\u011bte si v\u00edce o spoluprac\u00edch a designech <\/span><b><span data-contrast=\"auto\"><a href=\"https:\/\/axkid.com\/safety\/launching-limited-edition-axkid-x-geggamoja\/\">zde<\/a> &gt;&gt;<\/span><\/b><br \/>\n<span data-contrast=\"auto\">Pod\u00edvejte se na dal\u0161\u00ed produkty z kolekce Axkid x Geggamoja <\/span><b><span data-contrast=\"auto\"><a href=\"https:\/\/axkid.com\/product-category\/accessories\/\">zde<\/a> &gt;&gt;<\/span><\/b><span data-ccp-props=\"{&quot;201341983&quot;:0,&quot;335559739&quot;:160,&quot;335559740&quot;:259}\">\u00a0<\/span><\/p>\n<p><b><span data-contrast=\"auto\">Specifikace produktu<\/span><\/b><span data-ccp-props=\"{&quot;201341983&quot;:0,&quot;335559739&quot;:160,&quot;335559740&quot;:259}\">\u00a0<\/span><\/p>\n<ul>\n<li data-leveltext=\"-\" data-font=\"Calibri\" data-listid=\"1\" data-list-defn-props=\"{&quot;335551671&quot;:0,&quot;335552541&quot;:1,&quot;335559684&quot;:-2,&quot;335559685&quot;:720,&quot;335559991&quot;:360,&quot;469769226&quot;:&quot;Calibri&quot;,&quot;469769242&quot;:[8226],&quot;469777803&quot;:&quot;left&quot;,&quot;469777804&quot;:&quot;-&quot;,&quot;469777815&quot;:&quot;hybridMultilevel&quot;}\" data-aria-posinset=\"0\" data-aria-level=\"1\"><span data-contrast=\"auto\">Samodr\u017e\u00edc\u00ed slune\u010dn\u00ed clony pro snadn\u00e9 pou\u017eit\u00ed <\/span><span data-ccp-props=\"{&quot;201341983&quot;:0,&quot;335559739&quot;:160,&quot;335559740&quot;:259}\">\u00a0<\/span><\/li>\n<li data-leveltext=\"-\" data-font=\"Calibri\" data-listid=\"1\" data-list-defn-props=\"{&quot;335551671&quot;:0,&quot;335552541&quot;:1,&quot;335559684&quot;:-2,&quot;335559685&quot;:720,&quot;335559991&quot;:360,&quot;469769226&quot;:&quot;Calibri&quot;,&quot;469769242&quot;:[8226],&quot;469777803&quot;:&quot;left&quot;,&quot;469777804&quot;:&quot;-&quot;,&quot;469777815&quot;:&quot;hybridMultilevel&quot;}\" data-aria-posinset=\"0\" data-aria-level=\"1\"><span data-contrast=\"auto\">Balen\u00ed obsahuje dva kusy <\/span><span data-ccp-props=\"{&quot;201341983&quot;:0,&quot;335559739&quot;:160,&quot;335559740&quot;:259}\">\u00a0<\/span><\/li>\n<\/ul>\n","protected":false},"excerpt":{"rendered":"<p>Slune\u010dn\u00ed clony Axkid x Geggamoja jsou ide\u00e1ln\u00ed pro zast\u00edn\u011bn\u00ed va\u0161eho d\u00edt\u011bte b\u011bhem j\u00edzdy autem, kdy\u017e sv\u00edt\u00ed slunce. Slune\u010dn\u00ed clony jsou&#8230; <\/br><a class=\"read-more text-decoration-none\" href=\"https:\/\/axkid.com\/cz\/product\/axkid-x-geggamoja-sunshades-for-window\/\">P\u0159e\u010d\u00edst cel\u00fd p\u0159\u00edsp\u011bvek<\/a><\/p>\n","protected":false},"featured_media":4523,"comment_status":"closed","ping_status":"closed","template":"","meta":{"_acf_changed":false,"_seopress_robots_primary_cat":"none","_seopress_titles_title":"Axkid x Geggamoja slune\u010dn\u00ed clony | P\u0159\u00edslu\u0161enstv\u00ed k va\u0161\u00ed autoseda\u010dce | Axkid","_seopress_titles_desc":"Slune\u010dn\u00ed clony Axkid x Geggamoja jsou ide\u00e1ln\u00ed pro zast\u00edn\u011bn\u00ed va\u0161eho d\u00edt\u011bte b\u011bhem j\u00edzdy autem, kdy\u017e sv\u00edt\u00ed slunce. Clony jsou k dispozici v hrav\u00e9m designu, kter\u00fd je\u0161t\u011b v\u00edce zp\u0159\u00edjem\u0148uje cestov\u00e1n\u00ed.","_seopress_robots_index":"","content-type":"","_relevanssi_hide_post":"","_relevanssi_hide_content":"","_relevanssi_pin_for_all":"","_relevanssi_pin_keywords":"","_relevanssi_unpin_keywords":"","_relevanssi_related_keywords":"","_relevanssi_related_include_ids":"","_relevanssi_related_exclude_ids":"","_relevanssi_related_no_append":"","_relevanssi_related_not_related":"","_relevanssi_related_posts":"","_relevanssi_noindex_reason":"","editor_notices":[]},"product_brand":[],"product_cat":[412,17,437],"product_tag":[],"class_list":{"0":"post-848259","1":"product","2":"type-product","3":"status-publish","4":"has-post-thumbnail","6":"product_cat-outlet","7":"product_cat-prislusenstvi","8":"product_cat-slunecni-clony","10":"first","11":"instock","12":"taxable","13":"shipping-taxable","14":"purchasable","15":"product-type-variable","16":"has-default-attributes"},"bundled_by":[],"bundle_stock_status":"instock","bundle_stock_quantity":null,"bundle_virtual":false,"bundle_layout":"","bundle_add_to_cart_form_location":"","bundle_editable_in_cart":false,"bundle_sold_individually_context":"","bundle_item_grouping":"","bundle_min_size":"","bundle_max_size":"","bundle_price":[],"bundled_items":[],"bundle_sell_ids":[],"acf":[],"jetpack_sharing_enabled":true,"_links":{"self":[{"href":"https:\/\/axkid.com\/cz\/wp-json\/wp\/v2\/product\/848259","targetHints":{"allow":["GET"]}}],"collection":[{"href":"https:\/\/axkid.com\/cz\/wp-json\/wp\/v2\/product"}],"about":[{"href":"https:\/\/axkid.com\/cz\/wp-json\/wp\/v2\/types\/product"}],"replies":[{"embeddable":true,"href":"https:\/\/axkid.com\/cz\/wp-json\/wp\/v2\/comments?post=848259"}],"wp:featuredmedia":[{"embeddable":true,"href":"https:\/\/axkid.com\/cz\/wp-json\/wp\/v2\/media\/4523"}],"wp:attachment":[{"href":"https:\/\/axkid.com\/cz\/wp-json\/wp\/v2\/media?parent=848259"}],"wp:term":[{"taxonomy":"product_brand","embeddable":true,"href":"https:\/\/axkid.com\/cz\/wp-json\/wp\/v2\/product_brand?post=848259"},{"taxonomy":"product_cat","embeddable":true,"href":"https:\/\/axkid.com\/cz\/wp-json\/wp\/v2\/product_cat?post=848259"},{"taxonomy":"product_tag","embeddable":true,"href":"https:\/\/axkid.com\/cz\/wp-json\/wp\/v2\/product_tag?post=848259"}],"curies":[{"name":"wp","href":"https:\/\/api.w.org\/{rel}","templated":true}]}}