{"id":848261,"date":"2025-11-25T17:23:13","date_gmt":"2025-11-25T16:23:13","guid":{"rendered":"https:\/\/axkid.com\/cz-2-0\/?post_type=product&#038;p=848261"},"modified":"2026-02-11T16:17:54","modified_gmt":"2026-02-11T15:17:54","slug":"car-seat-cover-minikid-3-4-movekid","status":"publish","type":"product","link":"https:\/\/axkid.com\/cz\/product\/car-seat-cover-minikid-3-4-movekid\/","title":{"rendered":"Potah na autoseda\u010dku &#8211; Minikid 3, 4 &amp; Movekid"},"content":{"rendered":"<p>Letn\u00ed bambusov\u00fd potah pom\u00e1h\u00e1 udr\u017eet va\u0161e d\u00edt\u011b v chladu b\u011bhem hork\u00fdch letn\u00edch dn\u016f. Chladiv\u00e1 bambusov\u00e1 tkanina sni\u017euje absorpci tepla ze slunce a z\u00e1rove\u0148 chr\u00e1n\u00ed autoseda\u010dku p\u0159ed ne\u010distotami a skvrnami.<\/p>\n<p>Potah lze jednodu\u0161e nat\u00e1hnout p\u0159es st\u00e1vaj\u00edc\u00ed autoseda\u010dku a zajistit tak va\u0161emu d\u00edt\u011bti m\u011bk\u010d\u00ed a pohodln\u011bj\u0161\u00ed pocit i b\u011bhem nejteplej\u0161\u00edch letn\u00edch dn\u016f.<\/p>\n<p>Bambusov\u00e1 vl\u00e1kna v potaz\u00edch jsou ekologick\u00e1 a samoz\u0159ejm\u011b tak\u00e9 netoxick\u00e1.<\/p>\n<h3>Doporu\u010den\u00ed pro u\u017eivatele<\/h3>\n<ul>\n<li>Pro dosa\u017een\u00ed nejlep\u0161\u00edch v\u00fdsledk\u016f \u2013 p\u0159ed pou\u017eit\u00edm letn\u00ed potahy p\u0159edem vyperte.<\/li>\n<li>Potah lze samoz\u0159ejm\u011b obarvit na barvu, kter\u00e1 bude odpov\u00eddat hrav\u00e9 fantazii va\u0161eho d\u00edt\u011bte.<\/li>\n<\/ul>\n<h3>Vyhovuje:<\/h3>\n<ul>\n<li><a href=\"https:\/\/axkid.com\/product\/axkid-minikid-3\/\">Axkid Minikid 3<\/a><\/li>\n<li><a href=\"https:\/\/axkid.com\/product\/axkid-minikid-3-premium\/\">Axkid Minikid 3 Premium \u00a0<\/a><\/li>\n<li><a href=\"https:\/\/axkid.com\/product\/axkid-minikid-4\/\">Axkid Minikid 4<\/a><\/li>\n<\/ul>\n<h3>Specifikace produktu:<\/h3>\n<ul>\n<li>Chr\u00e1n\u00ed autoseda\u010dku p\u0159ed ne\u010distotami a skvrnami a sni\u017euje absorpci tepla ze slunce.<\/li>\n<li>Vyrobeno z: 70 % bambusov\u00e9 visk\u00f3zy, 25 % bavlny, 5 % spandexu.<\/li>\n<li>Vhodn\u00e9 pro: Axkid Minikid 3, Axkid Minikid 3 Premium a Axkid Minikid 4.<\/li>\n<\/ul>\n","protected":false},"excerpt":{"rendered":"<p>Letn\u00ed bambusov\u00fd potah pom\u00e1h\u00e1 udr\u017eet va\u0161e d\u00edt\u011b v chladu b\u011bhem hork\u00fdch letn\u00edch dn\u016f. Chladiv\u00e1 bambusov\u00e1 tkanina sni\u017euje absorpci tepla ze&#8230; <\/br><a class=\"read-more text-decoration-none\" href=\"https:\/\/axkid.com\/cz\/product\/car-seat-cover-minikid-3-4-movekid\/\">P\u0159e\u010d\u00edst cel\u00fd p\u0159\u00edsp\u011bvek<\/a><\/p>\n","protected":false},"featured_media":4274,"comment_status":"open","ping_status":"closed","template":"","meta":{"_acf_changed":false,"_seopress_robots_primary_cat":"none","_seopress_titles_title":"Bambusov\u00fd potah na autoseda\u010dku Minikid 3, 4 a Movekid | P\u0159\u00edslu\u0161enstv\u00ed k va\u0161\u00ed autoseda\u010dce | Axkid","_seopress_titles_desc":"Letn\u00ed bambusov\u00fd potah pom\u00e1h\u00e1 udr\u017eet va\u0161e d\u00edt\u011b v chladu b\u011bhem hork\u00fdch letn\u00edch dn\u016f. Chladiv\u00e1 bambusov\u00e1 tkanina sni\u017euje absorpci tepla ze slunce a z\u00e1rove\u0148 chr\u00e1n\u00ed autoseda\u010dku p\u0159ed ne\u010distotami a skvrnami.","_seopress_robots_index":"","content-type":"","_relevanssi_hide_post":"","_relevanssi_hide_content":"","_relevanssi_pin_for_all":"","_relevanssi_pin_keywords":"","_relevanssi_unpin_keywords":"","_relevanssi_related_keywords":"","_relevanssi_related_include_ids":"","_relevanssi_related_exclude_ids":"","_relevanssi_related_no_append":"","_relevanssi_related_not_related":"","_relevanssi_related_posts":"","_relevanssi_noindex_reason":"","editor_notices":[]},"product_brand":[],"product_cat":[412,434,17],"product_tag":[],"class_list":{"0":"post-848261","1":"product","2":"type-product","3":"status-publish","4":"has-post-thumbnail","6":"product_cat-outlet","7":"product_cat-potahy-na-autosedacky","8":"product_cat-prislusenstvi","10":"first","11":"instock","12":"taxable","13":"shipping-taxable","14":"purchasable","15":"product-type-simple"},"bundled_by":[],"bundle_stock_status":"instock","bundle_stock_quantity":39,"bundle_virtual":false,"bundle_layout":"","bundle_add_to_cart_form_location":"","bundle_editable_in_cart":false,"bundle_sold_individually_context":"","bundle_item_grouping":"","bundle_min_size":"","bundle_max_size":"","bundle_price":[],"bundled_items":[],"bundle_sell_ids":[],"acf":[],"jetpack_sharing_enabled":true,"_links":{"self":[{"href":"https:\/\/axkid.com\/cz\/wp-json\/wp\/v2\/product\/848261","targetHints":{"allow":["GET"]}}],"collection":[{"href":"https:\/\/axkid.com\/cz\/wp-json\/wp\/v2\/product"}],"about":[{"href":"https:\/\/axkid.com\/cz\/wp-json\/wp\/v2\/types\/product"}],"replies":[{"embeddable":true,"href":"https:\/\/axkid.com\/cz\/wp-json\/wp\/v2\/comments?post=848261"}],"wp:featuredmedia":[{"embeddable":true,"href":"https:\/\/axkid.com\/cz\/wp-json\/wp\/v2\/media\/4274"}],"wp:attachment":[{"href":"https:\/\/axkid.com\/cz\/wp-json\/wp\/v2\/media?parent=848261"}],"wp:term":[{"taxonomy":"product_brand","embeddable":true,"href":"https:\/\/axkid.com\/cz\/wp-json\/wp\/v2\/product_brand?post=848261"},{"taxonomy":"product_cat","embeddable":true,"href":"https:\/\/axkid.com\/cz\/wp-json\/wp\/v2\/product_cat?post=848261"},{"taxonomy":"product_tag","embeddable":true,"href":"https:\/\/axkid.com\/cz\/wp-json\/wp\/v2\/product_tag?post=848261"}],"curies":[{"name":"wp","href":"https:\/\/api.w.org\/{rel}","templated":true}]}}