{"id":15349,"date":"2023-04-28T08:44:45","date_gmt":"2023-04-28T07:44:45","guid":{"rendered":"https:\/\/axkid.com\/?post_type=product&#038;p=15349"},"modified":"2026-04-28T20:45:06","modified_gmt":"2026-04-28T18:45:06","slug":"toddler-insert-one-2","status":"publish","type":"product","link":"https:\/\/axkid.com\/de\/product\/toddler-insert-one-2\/","title":{"rendered":"Toddler Insert &#8211; ONE 2"},"content":{"rendered":"<p>This insert gives the smaller child between 0-105 cm a more stable seating position. Included when purchasing Axkid ONE2. Fits Axkid ONE, Axkid ONE+, Axkid ONE 2 and Axkid ONE+2.<\/p>\n","protected":false},"excerpt":{"rendered":"<p>Mit dieser Kleinkind-Einlage, geeignet f\u00fcr eine K\u00f6rpergr\u00f6\u00dfe bis 105 cm, kannst du die Passform des Sitzes f\u00fcr dein Kind verbessern. Dein Schatz liegt oder sitzt damit stabil und beh\u00fctet im Sitz. Diese Einlage ist beim Kauf eines One , One 2 bzw. One+ , One+ 2 enthalten und passt f\u00fcr alle One Modelle.<\/p>\n","protected":false},"featured_media":15350,"template":"","meta":{"_acf_changed":false,"_seopress_robots_primary_cat":"none","_seopress_titles_title":"","_seopress_titles_desc":"","_seopress_robots_index":"","_seopress_analysis_target_kw":"","content-type":"","_relevanssi_hide_post":"","_relevanssi_hide_content":"","_relevanssi_pin_for_all":"","_relevanssi_pin_keywords":"","_relevanssi_unpin_keywords":"","_relevanssi_related_keywords":"","_relevanssi_related_include_ids":"","_relevanssi_related_exclude_ids":"","_relevanssi_related_no_append":"","_relevanssi_related_not_related":"","_relevanssi_related_posts":"","_relevanssi_noindex_reason":"","editor_notices":[]},"product_brand":[],"product_cat":[375,435,412,17],"product_tag":[],"class_list":{"0":"post-15349","1":"product","2":"type-product","3":"status-publish","4":"has-post-thumbnail","6":"product_cat-ersatzteile","7":"product_cat-kindersitz-polster","8":"product_cat-outlet","9":"product_cat-zubehoer","11":"first","12":"instock","13":"sale","14":"taxable","15":"shipping-taxable","16":"purchasable","17":"product-type-simple"},"bundled_by":[],"bundle_stock_status":"instock","bundle_stock_quantity":7,"bundle_virtual":false,"bundle_layout":"","bundle_add_to_cart_form_location":"","bundle_editable_in_cart":false,"bundle_sold_individually_context":"","bundle_item_grouping":"","bundle_min_size":"","bundle_max_size":"","bundle_price":[],"bundled_items":[],"bundle_sell_ids":[],"acf":[],"jetpack_sharing_enabled":true,"_links":{"self":[{"href":"https:\/\/axkid.com\/de\/wp-json\/wp\/v2\/product\/15349","targetHints":{"allow":["GET"]}}],"collection":[{"href":"https:\/\/axkid.com\/de\/wp-json\/wp\/v2\/product"}],"about":[{"href":"https:\/\/axkid.com\/de\/wp-json\/wp\/v2\/types\/product"}],"wp:featuredmedia":[{"embeddable":true,"href":"https:\/\/axkid.com\/de\/wp-json\/wp\/v2\/media\/15350"}],"wp:attachment":[{"href":"https:\/\/axkid.com\/de\/wp-json\/wp\/v2\/media?parent=15349"}],"wp:term":[{"taxonomy":"product_brand","embeddable":true,"href":"https:\/\/axkid.com\/de\/wp-json\/wp\/v2\/product_brand?post=15349"},{"taxonomy":"product_cat","embeddable":true,"href":"https:\/\/axkid.com\/de\/wp-json\/wp\/v2\/product_cat?post=15349"},{"taxonomy":"product_tag","embeddable":true,"href":"https:\/\/axkid.com\/de\/wp-json\/wp\/v2\/product_tag?post=15349"}],"curies":[{"name":"wp","href":"https:\/\/api.w.org\/{rel}","templated":true}]}}