{"id":15425,"date":"2023-04-28T09:18:31","date_gmt":"2023-04-28T08:18:31","guid":{"rendered":"https:\/\/axkid.com\/?post_type=product&#038;p=15425"},"modified":"2026-04-13T15:13:38","modified_gmt":"2026-04-13T13:13:38","slug":"foam-comfort-pad","status":"publish","type":"product","link":"https:\/\/axkid.com\/de\/product\/foam-comfort-pad\/","title":{"rendered":"Schaumstoff Sitzfl\u00e4che"},"content":{"rendered":"<p>A removeable foam pad to help keep little ones more comfortable in their Axkid car seat. In case your gets lost or damaged \u2013 it can be removed to provide a fraction more back length in your Axkid car seat. It comes as standard with the Axkid Minikid 1, Minikid 2, Axkid Move and Axkid Modukid. It is also compatible with the Axkid Wolmax and Axkid One or One + .<\/p>\n","protected":false},"excerpt":{"rendered":"<p>Mit diesem wechselbaren Schaumstoff-Sitzpolster hat dein Kind im Axkid Sitz bequem die richtige Sitzposition. Zum Nachkauf eines verloren gegangenen oder besch\u00e4digten Polsters, zum zus\u00e4tzlichen Aufbessern des Sitzkomforts oder um die R\u00fcckenl\u00e4nge des Axkid Kindersitzes ein wenig zu variieren. Das Polster wird unter dem Stoffbezug platziert. Dieses Polster ist kompatibel mit den Sitzen der Minikid und One Familie.<\/p>\n","protected":false},"featured_media":15426,"template":"","meta":{"_acf_changed":false,"_seopress_robots_primary_cat":"none","_seopress_titles_title":"","_seopress_titles_desc":"","_seopress_robots_index":"","content-type":"","_relevanssi_hide_post":"","_relevanssi_hide_content":"","_relevanssi_pin_for_all":"","_relevanssi_pin_keywords":"","_relevanssi_unpin_keywords":"","_relevanssi_related_keywords":"","_relevanssi_related_include_ids":"","_relevanssi_related_exclude_ids":"","_relevanssi_related_no_append":"","_relevanssi_related_not_related":"","_relevanssi_related_posts":"","_relevanssi_noindex_reason":"","editor_notices":[]},"product_brand":[],"product_cat":[375,435],"product_tag":[],"class_list":{"0":"post-15425","1":"product","2":"type-product","3":"status-publish","4":"has-post-thumbnail","6":"product_cat-ersatzteile","7":"product_cat-kindersitz-polster","9":"first","10":"instock","11":"taxable","12":"shipping-taxable","13":"purchasable","14":"product-type-simple"},"bundled_by":[],"bundle_stock_status":"instock","bundle_stock_quantity":6,"bundle_virtual":false,"bundle_layout":"","bundle_add_to_cart_form_location":"","bundle_editable_in_cart":false,"bundle_sold_individually_context":"","bundle_item_grouping":"","bundle_min_size":"","bundle_max_size":"","bundle_price":[],"bundled_items":[],"bundle_sell_ids":[],"acf":[],"jetpack_sharing_enabled":true,"_links":{"self":[{"href":"https:\/\/axkid.com\/de\/wp-json\/wp\/v2\/product\/15425","targetHints":{"allow":["GET"]}}],"collection":[{"href":"https:\/\/axkid.com\/de\/wp-json\/wp\/v2\/product"}],"about":[{"href":"https:\/\/axkid.com\/de\/wp-json\/wp\/v2\/types\/product"}],"wp:featuredmedia":[{"embeddable":true,"href":"https:\/\/axkid.com\/de\/wp-json\/wp\/v2\/media\/15426"}],"wp:attachment":[{"href":"https:\/\/axkid.com\/de\/wp-json\/wp\/v2\/media?parent=15425"}],"wp:term":[{"taxonomy":"product_brand","embeddable":true,"href":"https:\/\/axkid.com\/de\/wp-json\/wp\/v2\/product_brand?post=15425"},{"taxonomy":"product_cat","embeddable":true,"href":"https:\/\/axkid.com\/de\/wp-json\/wp\/v2\/product_cat?post=15425"},{"taxonomy":"product_tag","embeddable":true,"href":"https:\/\/axkid.com\/de\/wp-json\/wp\/v2\/product_tag?post=15425"}],"curies":[{"name":"wp","href":"https:\/\/api.w.org\/{rel}","templated":true}]}}