{"id":15633,"date":"2025-06-12T20:00:33","date_gmt":"2025-06-12T19:00:33","guid":{"rendered":"https:\/\/axkid.com\/?post_type=product&#038;p=15633"},"modified":"2026-05-11T12:15:41","modified_gmt":"2026-05-11T10:15:41","slug":"nextkid","status":"publish","type":"product","link":"https:\/\/axkid.com\/de\/product\/nextkid\/","title":{"rendered":"Nextkid"},"content":{"rendered":"","protected":false},"excerpt":{"rendered":"<p>Axkid Nextkid ist unser sicherer und bequemer Folgesitz mit hoher R\u00fcckenlehne, der mit deinem Kind mitw\u00e4chst. Er ist ausgestattet mit verstellbaren Seitenwangen und einer anpassbaren Kopfst\u00fctze. Der Sitz ist bis zu einer Gr\u00f6\u00dfe von 150 cm zugelassen. Zus\u00e4tzlich sorgen weiche Premium-Textilien f\u00fcr optimalen Komfort und Sicherheit. Und die Installation ist nat\u00fcrlich auch super einfach.<\/p>\n","protected":false},"featured_media":370000022475,"template":"","meta":{"_acf_changed":false,"_seopress_robots_primary_cat":"none","_seopress_titles_title":"","_seopress_titles_desc":"","_seopress_robots_index":"","_seopress_analysis_target_kw":"","content-type":"","_relevanssi_hide_post":"","_relevanssi_hide_content":"","_relevanssi_pin_for_all":"","_relevanssi_pin_keywords":"","_relevanssi_unpin_keywords":"","_relevanssi_related_keywords":"","_relevanssi_related_include_ids":"","_relevanssi_related_exclude_ids":"","_relevanssi_related_no_append":"","_relevanssi_related_not_related":"","_relevanssi_related_posts":"","_relevanssi_noindex_reason":"","editor_notices":[]},"product_brand":[],"product_cat":[18,81,432,510],"product_tag":[],"class_list":{"0":"post-15633","1":"product","2":"type-product","3":"status-publish","4":"has-post-thumbnail","6":"product_cat-kindersitze","7":"product_cat-folgesitze","8":"product_cat-kind","9":"product_cat-kindersitze-15-36-kg","11":"first","12":"instock","13":"sale","14":"taxable","15":"shipping-taxable","16":"purchasable","17":"product-type-variable","18":"has-default-attributes"},"bundled_by":["40156","40160"],"bundle_stock_status":"instock","bundle_stock_quantity":null,"bundle_virtual":false,"bundle_layout":"","bundle_add_to_cart_form_location":"","bundle_editable_in_cart":false,"bundle_sold_individually_context":"","bundle_item_grouping":"","bundle_min_size":"","bundle_max_size":"","bundle_price":[],"bundled_items":[],"bundle_sell_ids":[],"acf":[],"jetpack_sharing_enabled":true,"_links":{"self":[{"href":"https:\/\/axkid.com\/de\/wp-json\/wp\/v2\/product\/15633","targetHints":{"allow":["GET"]}}],"collection":[{"href":"https:\/\/axkid.com\/de\/wp-json\/wp\/v2\/product"}],"about":[{"href":"https:\/\/axkid.com\/de\/wp-json\/wp\/v2\/types\/product"}],"wp:featuredmedia":[{"embeddable":true,"href":"https:\/\/axkid.com\/de\/wp-json\/"}],"wp:attachment":[{"href":"https:\/\/axkid.com\/de\/wp-json\/wp\/v2\/media?parent=15633"}],"wp:term":[{"taxonomy":"product_brand","embeddable":true,"href":"https:\/\/axkid.com\/de\/wp-json\/wp\/v2\/product_brand?post=15633"},{"taxonomy":"product_cat","embeddable":true,"href":"https:\/\/axkid.com\/de\/wp-json\/wp\/v2\/product_cat?post=15633"},{"taxonomy":"product_tag","embeddable":true,"href":"https:\/\/axkid.com\/de\/wp-json\/wp\/v2\/product_tag?post=15633"}],"curies":[{"name":"wp","href":"https:\/\/api.w.org\/{rel}","templated":true}]}}