{"id":17353,"date":"2023-12-12T14:41:46","date_gmt":"2023-12-12T13:41:46","guid":{"rendered":"https:\/\/axkid.com\/?post_type=product&#038;p=17353"},"modified":"2025-05-19T13:04:35","modified_gmt":"2025-05-19T12:04:35","slug":"geschenkgutschein","status":"publish","type":"product","link":"https:\/\/axkid.com\/de\/product\/geschenkgutschein\/","title":{"rendered":"Geschenkgutschein"},"content":{"rendered":"<p><strong>Schenke Sicherheit und Komfort mit dem Axkid Geschenkgutschein.<\/strong><\/p>\n<p>Bestimme einen beliebigen Betrag und lass den von dir\u00a0 beschenkten Menschen selbst einen Kindersitz oder andere Produkte von Axkid ausw\u00e4hlen.<\/p>\n<p>Bei Axkid setzen wir uns leidenschaftlich f\u00fcr die Sicherheit von Kindern im Stra\u00dfenverkehr ein. Wir wissen, dass r\u00fcckw\u00e4rtsfahren die sicherste L\u00f6sung f\u00fcr Kinder unter sieben Jahren ist. Deshalb bieten wir eine breite Palette von Reboardern an, die h\u00f6chste Sicherheitsstandards erf\u00fcllen.\u00a0Mit einem Axkid Geschenkgutschein kann die von dir beschenkte Person das Produkt ausw\u00e4hlen, das am besten zu ihrem Kind und ihren Bed\u00fcrfnissen passt. Es\u00a0 ist ein wertvolles Geschenk, das Kindern im Auto Sicherheit und Komfort bietet.<\/p>\n","protected":false},"excerpt":{"rendered":"<h4><strong>Schenke Sicherheit und Komfort mit dem Axkid Geschenkgutschein.<\/strong><\/h4>\n<p class=\"\">Bestimme einen beliebigen Betrag und lass den von dir beschenkten Menschen selbst einen Kindersitz oder andere Produkte von Axkid ausw\u00e4hlen.<\/p>\n<p class=\"\">Bei Axkid setzen wir uns leidenschaftlich f\u00fcr die Sicherheit von Kindern im Stra\u00dfenverkehr ein. Wir wissen, dass r\u00fcckw\u00e4rtsfahren die sicherste L\u00f6sung f\u00fcr Kinder unter sieben Jahren ist. Deshalb bieten wir eine breite Palette von Reboardern an, die h\u00f6chste Sicherheitsstandards erf\u00fcllen.\u00a0 Mit einem Axkid Geschenkgutschein kann die von dir beschenkte Person das Produkt ausw\u00e4hlen, das am besten zu ihrem Kind und ihren Bed\u00fcrfnissen passt. Es\u00a0 ist ein wertvolles Geschenk, das Kindern im Auto Sicherheit und Komfort bietet.<\/p>\n","protected":false},"featured_media":36647,"template":"","meta":{"_acf_changed":false,"_seopress_robots_primary_cat":"none","_seopress_titles_title":"","_seopress_titles_desc":"","_seopress_robots_index":"","content-type":"","_relevanssi_hide_post":"","_relevanssi_hide_content":"","_relevanssi_pin_for_all":"","_relevanssi_pin_keywords":"","_relevanssi_unpin_keywords":"","_relevanssi_related_keywords":"","_relevanssi_related_include_ids":"","_relevanssi_related_exclude_ids":"","_relevanssi_related_no_append":"","_relevanssi_related_not_related":"","_relevanssi_related_posts":"","_relevanssi_noindex_reason":"","editor_notices":[]},"product_brand":[],"product_cat":[502,15],"product_tag":[],"class_list":{"0":"post-17353","1":"product","2":"type-product","3":"status-publish","4":"has-post-thumbnail","6":"product_cat-sonstiges","7":"product_cat-uncategorized","9":"first","10":"onbackorder","11":"purchasable","12":"product-type-variable","13":"has-default-attributes"},"bundled_by":[],"bundle_stock_status":"onbackorder","bundle_stock_quantity":null,"bundle_virtual":false,"bundle_layout":"","bundle_add_to_cart_form_location":"","bundle_editable_in_cart":false,"bundle_sold_individually_context":"","bundle_item_grouping":"","bundle_min_size":"","bundle_max_size":"","bundle_price":[],"bundled_items":[],"bundle_sell_ids":[],"acf":[],"jetpack_sharing_enabled":true,"_links":{"self":[{"href":"https:\/\/axkid.com\/de\/wp-json\/wp\/v2\/product\/17353","targetHints":{"allow":["GET"]}}],"collection":[{"href":"https:\/\/axkid.com\/de\/wp-json\/wp\/v2\/product"}],"about":[{"href":"https:\/\/axkid.com\/de\/wp-json\/wp\/v2\/types\/product"}],"wp:featuredmedia":[{"embeddable":true,"href":"https:\/\/axkid.com\/de\/wp-json\/wp\/v2\/media\/36647"}],"wp:attachment":[{"href":"https:\/\/axkid.com\/de\/wp-json\/wp\/v2\/media?parent=17353"}],"wp:term":[{"taxonomy":"product_brand","embeddable":true,"href":"https:\/\/axkid.com\/de\/wp-json\/wp\/v2\/product_brand?post=17353"},{"taxonomy":"product_cat","embeddable":true,"href":"https:\/\/axkid.com\/de\/wp-json\/wp\/v2\/product_cat?post=17353"},{"taxonomy":"product_tag","embeddable":true,"href":"https:\/\/axkid.com\/de\/wp-json\/wp\/v2\/product_tag?post=17353"}],"curies":[{"name":"wp","href":"https:\/\/api.w.org\/{rel}","templated":true}]}}