{"id":25707,"date":"2026-01-25T08:00:18","date_gmt":"2026-01-25T07:00:18","guid":{"rendered":"https:\/\/axkid.com\/?post_type=product&#038;p=25707"},"modified":"2026-05-05T21:58:48","modified_gmt":"2026-05-05T19:58:48","slug":"one-plus-3","status":"publish","type":"product","link":"https:\/\/axkid.com\/de\/product\/one-plus-3\/","title":{"rendered":"One+ 3"},"content":{"rendered":"","protected":false},"excerpt":{"rendered":"<p>Axkid One+ ist der einzige ISOFIX-Kindersitz auf dem Markt, der es erm\u00f6glicht, von Geburt an bis zu einem Alter von 7 Jahren (40-125 cm) r\u00fcckw\u00e4rtszufahren. Die Installation ist sehr einfach und dauert nur 30 Sekunden. Das Platzangebot ist variabel einstellbar und bietet die bestm\u00f6gliche Beinfreiheit f\u00fcr dein Kind.<\/p>\n","protected":false},"featured_media":3700000853103,"template":"","meta":{"_acf_changed":false,"_seopress_robots_primary_cat":"none","_seopress_titles_title":"","_seopress_titles_desc":"","_seopress_robots_index":"","content-type":"","_relevanssi_hide_post":"","_relevanssi_hide_content":"","_relevanssi_pin_for_all":"","_relevanssi_pin_keywords":"","_relevanssi_unpin_keywords":"","_relevanssi_related_keywords":"","_relevanssi_related_include_ids":"","_relevanssi_related_exclude_ids":"","_relevanssi_related_no_append":"","_relevanssi_related_not_related":"","_relevanssi_related_posts":"","_relevanssi_noindex_reason":"","editor_notices":[]},"product_brand":[],"product_cat":[18,79,588,432,509,431,80],"product_tag":[],"class_list":{"0":"post-25707","1":"product","2":"type-product","3":"status-publish","4":"has-post-thumbnail","6":"product_cat-kindersitze","7":"product_cat-babyschalen","8":"product_cat-campaigns","9":"product_cat-kind","10":"product_cat-kindersitze-9-18-kg","11":"product_cat-kleinkind","12":"product_cat-reboarder","14":"first","15":"instock","16":"sale","17":"taxable","18":"shipping-taxable","19":"purchasable","20":"product-type-variable","21":"has-default-attributes"},"bundled_by":[],"bundle_stock_status":"instock","bundle_stock_quantity":null,"bundle_virtual":false,"bundle_layout":"","bundle_add_to_cart_form_location":"","bundle_editable_in_cart":false,"bundle_sold_individually_context":"","bundle_item_grouping":"","bundle_min_size":"","bundle_max_size":"","bundle_price":[],"bundled_items":[],"bundle_sell_ids":[],"acf":[],"jetpack_sharing_enabled":true,"_links":{"self":[{"href":"https:\/\/axkid.com\/de\/wp-json\/wp\/v2\/product\/25707","targetHints":{"allow":["GET"]}}],"collection":[{"href":"https:\/\/axkid.com\/de\/wp-json\/wp\/v2\/product"}],"about":[{"href":"https:\/\/axkid.com\/de\/wp-json\/wp\/v2\/types\/product"}],"wp:featuredmedia":[{"embeddable":true,"href":"https:\/\/axkid.com\/de\/wp-json\/"}],"wp:attachment":[{"href":"https:\/\/axkid.com\/de\/wp-json\/wp\/v2\/media?parent=25707"}],"wp:term":[{"taxonomy":"product_brand","embeddable":true,"href":"https:\/\/axkid.com\/de\/wp-json\/wp\/v2\/product_brand?post=25707"},{"taxonomy":"product_cat","embeddable":true,"href":"https:\/\/axkid.com\/de\/wp-json\/wp\/v2\/product_cat?post=25707"},{"taxonomy":"product_tag","embeddable":true,"href":"https:\/\/axkid.com\/de\/wp-json\/wp\/v2\/product_tag?post=25707"}],"curies":[{"name":"wp","href":"https:\/\/api.w.org\/{rel}","templated":true}]}}