{"id":34304,"date":"2024-10-04T20:07:52","date_gmt":"2024-10-04T19:07:52","guid":{"rendered":"https:\/\/axkid.com\/de-2-0\/?post_type=product&#038;p=34304"},"modified":"2026-05-09T12:43:46","modified_gmt":"2026-05-09T10:43:46","slug":"spiegel","status":"publish","type":"product","link":"https:\/\/axkid.com\/de\/product\/spiegel\/","title":{"rendered":"Spiegel"},"content":{"rendered":"<p>Crashtest-gepr\u00fcfter Spiegel f\u00fcr den R\u00fccksitz. Damit du dein Kind w\u00e4hrend der Fahrt beobachten kannst, ohne eure Sicherheit zu gef\u00e4hrden. Mit Doppelgurtbefestigung f\u00fcr einen sicheren Halt an jeder Kopfst\u00fctze. Pr\u00e4zise einstellbar f\u00fcr optimalen Blickwinkel.<\/p>\n","protected":false},"excerpt":{"rendered":"<p>Crashtest-gepr\u00fcfter Spiegel f\u00fcr den R\u00fccksitz. Damit du dein Kind w\u00e4hrend der Fahrt beobachten kannst, ohne eure Sicherheit zu gef\u00e4hrden. Mit Doppelgurtbefestigung f\u00fcr einen sicheren Halt an jeder Kopfst\u00fctze. Pr\u00e4zise einstellbar f\u00fcr optimalen Blickwinkel.<\/p>\n","protected":false},"featured_media":3700000779431,"template":"","meta":{"_acf_changed":false,"_seopress_robots_primary_cat":"none","_seopress_titles_title":"","_seopress_titles_desc":"","_seopress_robots_index":"","content-type":"","_relevanssi_hide_post":"","_relevanssi_hide_content":"","_relevanssi_pin_for_all":"","_relevanssi_pin_keywords":"","_relevanssi_unpin_keywords":"","_relevanssi_related_keywords":"","_relevanssi_related_include_ids":"","_relevanssi_related_exclude_ids":"","_relevanssi_related_no_append":"","_relevanssi_related_not_related":"","_relevanssi_related_posts":"","_relevanssi_noindex_reason":"","editor_notices":[]},"product_brand":[],"product_cat":[502,17],"product_tag":[],"class_list":{"0":"post-34304","1":"product","2":"type-product","3":"status-publish","4":"has-post-thumbnail","6":"product_cat-sonstiges","7":"product_cat-zubehoer","9":"first","10":"instock","11":"taxable","12":"shipping-taxable","13":"purchasable","14":"product-type-simple"},"bundled_by":[],"bundle_stock_status":"instock","bundle_stock_quantity":12,"bundle_virtual":false,"bundle_layout":"","bundle_add_to_cart_form_location":"","bundle_editable_in_cart":false,"bundle_sold_individually_context":"","bundle_item_grouping":"","bundle_min_size":"","bundle_max_size":"","bundle_price":[],"bundled_items":[],"bundle_sell_ids":[],"acf":[],"jetpack_sharing_enabled":true,"_links":{"self":[{"href":"https:\/\/axkid.com\/de\/wp-json\/wp\/v2\/product\/34304","targetHints":{"allow":["GET"]}}],"collection":[{"href":"https:\/\/axkid.com\/de\/wp-json\/wp\/v2\/product"}],"about":[{"href":"https:\/\/axkid.com\/de\/wp-json\/wp\/v2\/types\/product"}],"wp:featuredmedia":[{"embeddable":true,"href":"https:\/\/axkid.com\/de\/wp-json\/"}],"wp:attachment":[{"href":"https:\/\/axkid.com\/de\/wp-json\/wp\/v2\/media?parent=34304"}],"wp:term":[{"taxonomy":"product_brand","embeddable":true,"href":"https:\/\/axkid.com\/de\/wp-json\/wp\/v2\/product_brand?post=34304"},{"taxonomy":"product_cat","embeddable":true,"href":"https:\/\/axkid.com\/de\/wp-json\/wp\/v2\/product_cat?post=34304"},{"taxonomy":"product_tag","embeddable":true,"href":"https:\/\/axkid.com\/de\/wp-json\/wp\/v2\/product_tag?post=34304"}],"curies":[{"name":"wp","href":"https:\/\/api.w.org\/{rel}","templated":true}]}}