{"id":34319,"date":"2025-04-23T08:00:29","date_gmt":"2025-04-23T07:00:29","guid":{"rendered":"https:\/\/axkid.com\/de-2-0\/?post_type=product&#038;p=34319"},"modified":"2026-03-31T20:00:22","modified_gmt":"2026-03-31T18:00:22","slug":"sonnenschutz-stretch","status":"publish","type":"product","link":"https:\/\/axkid.com\/de\/product\/sonnenschutz-stretch\/","title":{"rendered":"Sonnenschutz Stretch"},"content":{"rendered":"","protected":false},"excerpt":{"rendered":"<p>Entwickelt f\u00fcr optimalen Sonnenschutz in einer kompakten und flexiblen Form. Lieferung im Dreierpack \u2013 ein Sonnenschutz f\u00fcr die Heckscheibe und zwei f\u00fcr die Seitenfenster. Einfache und effektive M\u00f6glichkeit, dein Kind w\u00e4hrend der Autofahrt vor Sonnenlicht zu sch\u00fctzen.<\/p>\n","protected":false},"featured_media":3700000779332,"template":"","meta":{"_acf_changed":false,"_seopress_robots_primary_cat":"none","_seopress_titles_title":"","_seopress_titles_desc":"","_seopress_robots_index":"","content-type":"","_relevanssi_hide_post":"","_relevanssi_hide_content":"","_relevanssi_pin_for_all":"","_relevanssi_pin_keywords":"","_relevanssi_unpin_keywords":"","_relevanssi_related_keywords":"","_relevanssi_related_include_ids":"","_relevanssi_related_exclude_ids":"","_relevanssi_related_no_append":"","_relevanssi_related_not_related":"","_relevanssi_related_posts":"","_relevanssi_noindex_reason":"","editor_notices":[]},"product_brand":[],"product_cat":[437,17],"product_tag":[],"class_list":{"0":"post-34319","1":"product","2":"type-product","3":"status-publish","4":"has-post-thumbnail","6":"product_cat-sunshades","7":"product_cat-zubehoer","9":"first","10":"instock","11":"taxable","12":"shipping-taxable","13":"purchasable","14":"product-type-simple"},"bundled_by":[],"bundle_stock_status":"instock","bundle_stock_quantity":13,"bundle_virtual":false,"bundle_layout":"","bundle_add_to_cart_form_location":"","bundle_editable_in_cart":false,"bundle_sold_individually_context":"","bundle_item_grouping":"","bundle_min_size":"","bundle_max_size":"","bundle_price":[],"bundled_items":[],"bundle_sell_ids":[],"acf":[],"jetpack_sharing_enabled":true,"_links":{"self":[{"href":"https:\/\/axkid.com\/de\/wp-json\/wp\/v2\/product\/34319","targetHints":{"allow":["GET"]}}],"collection":[{"href":"https:\/\/axkid.com\/de\/wp-json\/wp\/v2\/product"}],"about":[{"href":"https:\/\/axkid.com\/de\/wp-json\/wp\/v2\/types\/product"}],"wp:featuredmedia":[{"embeddable":true,"href":"https:\/\/axkid.com\/de\/wp-json\/"}],"wp:attachment":[{"href":"https:\/\/axkid.com\/de\/wp-json\/wp\/v2\/media?parent=34319"}],"wp:term":[{"taxonomy":"product_brand","embeddable":true,"href":"https:\/\/axkid.com\/de\/wp-json\/wp\/v2\/product_brand?post=34319"},{"taxonomy":"product_cat","embeddable":true,"href":"https:\/\/axkid.com\/de\/wp-json\/wp\/v2\/product_cat?post=34319"},{"taxonomy":"product_tag","embeddable":true,"href":"https:\/\/axkid.com\/de\/wp-json\/wp\/v2\/product_tag?post=34319"}],"curies":[{"name":"wp","href":"https:\/\/api.w.org\/{rel}","templated":true}]}}