{"id":34321,"date":"2024-09-04T19:15:41","date_gmt":"2024-09-04T18:15:41","guid":{"rendered":"https:\/\/axkid.com\/de-2-0\/?post_type=product&#038;p=34321"},"modified":"2026-05-08T10:13:21","modified_gmt":"2026-05-08T08:13:21","slug":"schild-baby-on-board","status":"publish","type":"product","link":"https:\/\/axkid.com\/de\/product\/schild-baby-on-board\/","title":{"rendered":"Schild &#8222;Baby on Board&#8220;"},"content":{"rendered":"","protected":false},"excerpt":{"rendered":"<p>Zeigt anderen Verkehrsteilnehmenden, dass ein Baby mitf\u00e4hrt. Im Falle eines Unfalls k\u00f6nnen medizinische Einsatzkr\u00e4fte leicht erkennen, ob Kinder transportiert werden. So k\u00f6nnen sie medizinische Hilfe entsprechend priorisieren. Hergestellt aus hochwertigen Materialien in einer leuchtenden, auff\u00e4lligen Farbe. Mit diesem Schild setzt du ein Zeichen f\u00fcr mehr Sicherheit: L\u00e4nger r\u00fcckw\u00e4rts, l\u00e4nger sicher.<\/p>\n","protected":false},"featured_media":3700000779437,"template":"","meta":{"_acf_changed":false,"_seopress_robots_primary_cat":"none","_seopress_titles_title":"","_seopress_titles_desc":"","_seopress_robots_index":"","content-type":"","_relevanssi_hide_post":"","_relevanssi_hide_content":"","_relevanssi_pin_for_all":"","_relevanssi_pin_keywords":"","_relevanssi_unpin_keywords":"","_relevanssi_related_keywords":"","_relevanssi_related_include_ids":"","_relevanssi_related_exclude_ids":"","_relevanssi_related_no_append":"","_relevanssi_related_not_related":"","_relevanssi_related_posts":"","_relevanssi_noindex_reason":"","editor_notices":[]},"product_brand":[],"product_cat":[502,17],"product_tag":[],"class_list":{"0":"post-34321","1":"product","2":"type-product","3":"status-publish","4":"has-post-thumbnail","6":"product_cat-sonstiges","7":"product_cat-zubehoer","9":"first","10":"instock","11":"taxable","12":"shipping-taxable","13":"purchasable","14":"product-type-simple"},"bundled_by":[],"bundle_stock_status":"instock","bundle_stock_quantity":23,"bundle_virtual":false,"bundle_layout":"","bundle_add_to_cart_form_location":"","bundle_editable_in_cart":false,"bundle_sold_individually_context":"","bundle_item_grouping":"","bundle_min_size":"","bundle_max_size":"","bundle_price":[],"bundled_items":[],"bundle_sell_ids":[],"acf":[],"jetpack_sharing_enabled":true,"_links":{"self":[{"href":"https:\/\/axkid.com\/de\/wp-json\/wp\/v2\/product\/34321","targetHints":{"allow":["GET"]}}],"collection":[{"href":"https:\/\/axkid.com\/de\/wp-json\/wp\/v2\/product"}],"about":[{"href":"https:\/\/axkid.com\/de\/wp-json\/wp\/v2\/types\/product"}],"wp:featuredmedia":[{"embeddable":true,"href":"https:\/\/axkid.com\/de\/wp-json\/"}],"wp:attachment":[{"href":"https:\/\/axkid.com\/de\/wp-json\/wp\/v2\/media?parent=34321"}],"wp:term":[{"taxonomy":"product_brand","embeddable":true,"href":"https:\/\/axkid.com\/de\/wp-json\/wp\/v2\/product_brand?post=34321"},{"taxonomy":"product_cat","embeddable":true,"href":"https:\/\/axkid.com\/de\/wp-json\/wp\/v2\/product_cat?post=34321"},{"taxonomy":"product_tag","embeddable":true,"href":"https:\/\/axkid.com\/de\/wp-json\/wp\/v2\/product_tag?post=34321"}],"curies":[{"name":"wp","href":"https:\/\/api.w.org\/{rel}","templated":true}]}}