{"id":34322,"date":"2024-10-02T07:24:31","date_gmt":"2024-10-02T06:24:31","guid":{"rendered":"https:\/\/axkid.com\/de-2-0\/?post_type=product&#038;p=34322"},"modified":"2026-04-19T11:57:49","modified_gmt":"2026-04-19T09:57:49","slug":"naesseschutz-einlage","status":"publish","type":"product","link":"https:\/\/axkid.com\/de\/product\/naesseschutz-einlage\/","title":{"rendered":"N\u00e4sseschutz-Einlage"},"content":{"rendered":"","protected":false},"excerpt":{"rendered":"<p>Crashtest-gepr\u00fcftes, wasserfestes Schutzpolster mit universeller Passform f\u00fcr r\u00fcckw\u00e4rtsgerichtete Kindersitze von Axkid. Verl\u00e4ngert die Lebensdauer deines Sitzes \u2013 indem es als Schutzschild gegen Fl\u00fcssigkeiten und Schmutz dient, die auf euren Abenteuern gesammelt werden.<\/p>\n","protected":false},"featured_media":3700000779440,"template":"","meta":{"_acf_changed":false,"_seopress_robots_primary_cat":"none","_seopress_titles_title":"","_seopress_titles_desc":"","_seopress_robots_index":"","content-type":"","_relevanssi_hide_post":"","_relevanssi_hide_content":"","_relevanssi_pin_for_all":"","_relevanssi_pin_keywords":"","_relevanssi_unpin_keywords":"","_relevanssi_related_keywords":"","_relevanssi_related_include_ids":"","_relevanssi_related_exclude_ids":"","_relevanssi_related_no_append":"","_relevanssi_related_not_related":"","_relevanssi_related_posts":"","_relevanssi_noindex_reason":"","editor_notices":[]},"product_brand":[],"product_cat":[435,436,502,17],"product_tag":[],"class_list":{"0":"post-34322","1":"product","2":"type-product","3":"status-publish","4":"has-post-thumbnail","6":"product_cat-kindersitz-polster","7":"product_cat-sitzschutz-und-aufbewahrung","8":"product_cat-sonstiges","9":"product_cat-zubehoer","11":"first","12":"instock","13":"taxable","14":"shipping-taxable","15":"purchasable","16":"product-type-simple"},"bundled_by":[],"bundle_stock_status":"instock","bundle_stock_quantity":18,"bundle_virtual":false,"bundle_layout":"","bundle_add_to_cart_form_location":"","bundle_editable_in_cart":false,"bundle_sold_individually_context":"","bundle_item_grouping":"","bundle_min_size":"","bundle_max_size":"","bundle_price":[],"bundled_items":[],"bundle_sell_ids":[],"acf":[],"jetpack_sharing_enabled":true,"_links":{"self":[{"href":"https:\/\/axkid.com\/de\/wp-json\/wp\/v2\/product\/34322","targetHints":{"allow":["GET"]}}],"collection":[{"href":"https:\/\/axkid.com\/de\/wp-json\/wp\/v2\/product"}],"about":[{"href":"https:\/\/axkid.com\/de\/wp-json\/wp\/v2\/types\/product"}],"wp:featuredmedia":[{"embeddable":true,"href":"https:\/\/axkid.com\/de\/wp-json\/"}],"wp:attachment":[{"href":"https:\/\/axkid.com\/de\/wp-json\/wp\/v2\/media?parent=34322"}],"wp:term":[{"taxonomy":"product_brand","embeddable":true,"href":"https:\/\/axkid.com\/de\/wp-json\/wp\/v2\/product_brand?post=34322"},{"taxonomy":"product_cat","embeddable":true,"href":"https:\/\/axkid.com\/de\/wp-json\/wp\/v2\/product_cat?post=34322"},{"taxonomy":"product_tag","embeddable":true,"href":"https:\/\/axkid.com\/de\/wp-json\/wp\/v2\/product_tag?post=34322"}],"curies":[{"name":"wp","href":"https:\/\/api.w.org\/{rel}","templated":true}]}}