{"id":34325,"date":"2025-04-23T08:15:11","date_gmt":"2025-04-23T07:15:11","guid":{"rendered":"https:\/\/axkid.com\/de-2-0\/?post_type=product&#038;p=34325"},"modified":"2026-04-16T07:14:51","modified_gmt":"2026-04-16T05:14:51","slug":"sitzschutz-premium-3-in-1","status":"publish","type":"product","link":"https:\/\/axkid.com\/de\/product\/sitzschutz-premium-3-in-1\/","title":{"rendered":"Sitzschutz Premium 3 in 1"},"content":{"rendered":"","protected":false},"excerpt":{"rendered":"<p>Crashtest-gepr\u00fcfter Sitzschutz, der sowohl mit r\u00fcckw\u00e4rts- als auch vorw\u00e4rtsgerichteten Kindersitzen verwendet werden kann. Die ultimative L\u00f6sung zum Schutz des Fahrzeuginterieurs, w\u00e4hrend Komfort und Sicherheit durch Anti-Rutsch-Technologie verbessert werden. Kann die gesamte Kindheit genutzt werden und sorgt f\u00fcr Sicherheit deines Kindes bei jeder Fahrt. Zus\u00e4tzlich dient der Sitzschutz als sichere und stabile Halterung f\u00fcr Tablets, falls ihr Unterhaltung auf l\u00e4ngeren Abenteuern ben\u00f6tigt.<\/p>\n","protected":false},"featured_media":3700000779444,"template":"","meta":{"_acf_changed":false,"_seopress_robots_primary_cat":"none","_seopress_titles_title":"","_seopress_titles_desc":"","_seopress_robots_index":"","content-type":"","_relevanssi_hide_post":"","_relevanssi_hide_content":"","_relevanssi_pin_for_all":"","_relevanssi_pin_keywords":"","_relevanssi_unpin_keywords":"","_relevanssi_related_keywords":"","_relevanssi_related_include_ids":"","_relevanssi_related_exclude_ids":"","_relevanssi_related_no_append":"","_relevanssi_related_not_related":"","_relevanssi_related_posts":"","_relevanssi_noindex_reason":"","editor_notices":[]},"product_brand":[],"product_cat":[436,17],"product_tag":[],"class_list":{"0":"post-34325","1":"product","2":"type-product","3":"status-publish","4":"has-post-thumbnail","6":"product_cat-sitzschutz-und-aufbewahrung","7":"product_cat-zubehoer","9":"first","10":"instock","11":"taxable","12":"shipping-taxable","13":"purchasable","14":"product-type-simple"},"bundled_by":[],"bundle_stock_status":"instock","bundle_stock_quantity":38,"bundle_virtual":false,"bundle_layout":"","bundle_add_to_cart_form_location":"","bundle_editable_in_cart":false,"bundle_sold_individually_context":"","bundle_item_grouping":"","bundle_min_size":"","bundle_max_size":"","bundle_price":[],"bundled_items":[],"bundle_sell_ids":[],"acf":[],"jetpack_sharing_enabled":true,"_links":{"self":[{"href":"https:\/\/axkid.com\/de\/wp-json\/wp\/v2\/product\/34325","targetHints":{"allow":["GET"]}}],"collection":[{"href":"https:\/\/axkid.com\/de\/wp-json\/wp\/v2\/product"}],"about":[{"href":"https:\/\/axkid.com\/de\/wp-json\/wp\/v2\/types\/product"}],"wp:featuredmedia":[{"embeddable":true,"href":"https:\/\/axkid.com\/de\/wp-json\/"}],"wp:attachment":[{"href":"https:\/\/axkid.com\/de\/wp-json\/wp\/v2\/media?parent=34325"}],"wp:term":[{"taxonomy":"product_brand","embeddable":true,"href":"https:\/\/axkid.com\/de\/wp-json\/wp\/v2\/product_brand?post=34325"},{"taxonomy":"product_cat","embeddable":true,"href":"https:\/\/axkid.com\/de\/wp-json\/wp\/v2\/product_cat?post=34325"},{"taxonomy":"product_tag","embeddable":true,"href":"https:\/\/axkid.com\/de\/wp-json\/wp\/v2\/product_tag?post=34325"}],"curies":[{"name":"wp","href":"https:\/\/api.w.org\/{rel}","templated":true}]}}