{"id":35672,"date":"2024-09-14T16:54:15","date_gmt":"2024-09-14T15:54:15","guid":{"rendered":"https:\/\/axkid.com\/de-2-0\/?post_type=product&#038;p=35672"},"modified":"2026-04-16T13:14:51","modified_gmt":"2026-04-16T11:14:51","slug":"mate-2","status":"publish","type":"product","link":"https:\/\/axkid.com\/de\/product\/mate-2\/","title":{"rendered":"Mate 2"},"content":{"rendered":"","protected":false},"excerpt":{"rendered":"<p>Leicht und praktisch \u2013 die ideale Sitzerh\u00f6hung f\u00fcr Kinder zwischen 125 und 150 cm K\u00f6rpergr\u00f6\u00dfe. Sie sorgt f\u00fcr die korrekte Positionierung des Sicherheitsgurts und bietet deinem Schatz eine sichere und bequeme Fahrt. So kann dein Kind das integrierte Schutzsystem des Fahrzeugs optimal nutzen.<\/p>\n","protected":false},"featured_media":3700000848009,"template":"","meta":{"_acf_changed":false,"_seopress_robots_primary_cat":"none","_seopress_titles_title":"","_seopress_titles_desc":"","_seopress_robots_index":"","content-type":"","_relevanssi_hide_post":"","_relevanssi_hide_content":"","_relevanssi_pin_for_all":"","_relevanssi_pin_keywords":"","_relevanssi_unpin_keywords":"","_relevanssi_related_keywords":"","_relevanssi_related_include_ids":"","_relevanssi_related_exclude_ids":"","_relevanssi_related_no_append":"","_relevanssi_related_not_related":"","_relevanssi_related_posts":"","_relevanssi_noindex_reason":"","editor_notices":[]},"product_brand":[],"product_cat":[18,81,432,510],"product_tag":[],"class_list":{"0":"post-35672","1":"product","2":"type-product","3":"status-publish","4":"has-post-thumbnail","6":"product_cat-kindersitze","7":"product_cat-folgesitze","8":"product_cat-kind","9":"product_cat-kindersitze-15-36-kg","11":"first","12":"instock","13":"taxable","14":"shipping-taxable","15":"purchasable","16":"product-type-variable","17":"has-default-attributes"},"bundled_by":[],"bundle_stock_status":"instock","bundle_stock_quantity":null,"bundle_virtual":false,"bundle_layout":"","bundle_add_to_cart_form_location":"","bundle_editable_in_cart":false,"bundle_sold_individually_context":"","bundle_item_grouping":"","bundle_min_size":"","bundle_max_size":"","bundle_price":[],"bundled_items":[],"bundle_sell_ids":[],"acf":[],"jetpack_sharing_enabled":true,"_links":{"self":[{"href":"https:\/\/axkid.com\/de\/wp-json\/wp\/v2\/product\/35672","targetHints":{"allow":["GET"]}}],"collection":[{"href":"https:\/\/axkid.com\/de\/wp-json\/wp\/v2\/product"}],"about":[{"href":"https:\/\/axkid.com\/de\/wp-json\/wp\/v2\/types\/product"}],"wp:featuredmedia":[{"embeddable":true,"href":"https:\/\/axkid.com\/de\/wp-json\/"}],"wp:attachment":[{"href":"https:\/\/axkid.com\/de\/wp-json\/wp\/v2\/media?parent=35672"}],"wp:term":[{"taxonomy":"product_brand","embeddable":true,"href":"https:\/\/axkid.com\/de\/wp-json\/wp\/v2\/product_brand?post=35672"},{"taxonomy":"product_cat","embeddable":true,"href":"https:\/\/axkid.com\/de\/wp-json\/wp\/v2\/product_cat?post=35672"},{"taxonomy":"product_tag","embeddable":true,"href":"https:\/\/axkid.com\/de\/wp-json\/wp\/v2\/product_tag?post=35672"}],"curies":[{"name":"wp","href":"https:\/\/api.w.org\/{rel}","templated":true}]}}