{"id":36623,"date":"2025-11-05T13:20:32","date_gmt":"2025-11-05T12:20:32","guid":{"rendered":"https:\/\/axkid.com\/de\/?post_type=product&#038;p=36623"},"modified":"2026-04-20T17:14:36","modified_gmt":"2026-04-20T15:14:36","slug":"swedish-safety-kit-premium","status":"publish","type":"product","link":"https:\/\/axkid.com\/de\/product\/swedish-safety-kit-premium\/","title":{"rendered":"Swedish Safety Kit Premium"},"content":{"rendered":"","protected":false},"excerpt":{"rendered":"<p>Crashtest-gepr\u00fcftes Zubeh\u00f6r f\u00fcr Kindersitze, das auf Langlebigkeit ausgelegt ist. Das Swedish Safety Kit Premium enth\u00e4lt Zubeh\u00f6r aus hochwertigen und strapazierf\u00e4higen Materialien.<\/p>\n<ul>\n<li>Sitzschutz Premium 3 in 1<\/li>\n<li>Spiegel LED<\/li>\n<li>Sonnenschutz Stretch (3 teilig)<\/li>\n<\/ul>\n","protected":false},"featured_media":3700000845195,"template":"","meta":{"_acf_changed":false,"_seopress_robots_primary_cat":"none","_seopress_titles_title":"","_seopress_titles_desc":"","_seopress_robots_index":"","content-type":"","_relevanssi_hide_post":"","_relevanssi_hide_content":"","_relevanssi_pin_for_all":"","_relevanssi_pin_keywords":"","_relevanssi_unpin_keywords":"","_relevanssi_related_keywords":"","_relevanssi_related_include_ids":"","_relevanssi_related_exclude_ids":"","_relevanssi_related_no_append":"","_relevanssi_related_not_related":"","_relevanssi_related_posts":"","_relevanssi_noindex_reason":"","editor_notices":[]},"product_brand":[],"product_cat":[436,437,502,17],"product_tag":[94],"class_list":{"0":"post-36623","1":"product","2":"type-product","3":"status-publish","4":"has-post-thumbnail","6":"product_cat-sitzschutz-und-aufbewahrung","7":"product_cat-sunshades","8":"product_cat-sonstiges","9":"product_cat-zubehoer","10":"product_tag-accessories-comfort-and-protection","12":"first","13":"instock","14":"taxable","15":"shipping-taxable","16":"purchasable","17":"product-type-simple"},"bundled_by":[],"bundle_stock_status":"instock","bundle_stock_quantity":7,"bundle_virtual":false,"bundle_layout":"","bundle_add_to_cart_form_location":"","bundle_editable_in_cart":false,"bundle_sold_individually_context":"","bundle_item_grouping":"","bundle_min_size":"","bundle_max_size":"","bundle_price":[],"bundled_items":[],"bundle_sell_ids":[],"acf":[],"jetpack_sharing_enabled":true,"_links":{"self":[{"href":"https:\/\/axkid.com\/de\/wp-json\/wp\/v2\/product\/36623","targetHints":{"allow":["GET"]}}],"collection":[{"href":"https:\/\/axkid.com\/de\/wp-json\/wp\/v2\/product"}],"about":[{"href":"https:\/\/axkid.com\/de\/wp-json\/wp\/v2\/types\/product"}],"wp:featuredmedia":[{"embeddable":true,"href":"https:\/\/axkid.com\/de\/wp-json\/"}],"wp:attachment":[{"href":"https:\/\/axkid.com\/de\/wp-json\/wp\/v2\/media?parent=36623"}],"wp:term":[{"taxonomy":"product_brand","embeddable":true,"href":"https:\/\/axkid.com\/de\/wp-json\/wp\/v2\/product_brand?post=36623"},{"taxonomy":"product_cat","embeddable":true,"href":"https:\/\/axkid.com\/de\/wp-json\/wp\/v2\/product_cat?post=36623"},{"taxonomy":"product_tag","embeddable":true,"href":"https:\/\/axkid.com\/de\/wp-json\/wp\/v2\/product_tag?post=36623"}],"curies":[{"name":"wp","href":"https:\/\/api.w.org\/{rel}","templated":true}]}}