{"id":37065,"date":"2026-01-31T23:59:55","date_gmt":"2026-01-31T22:59:55","guid":{"rendered":"https:\/\/axkid.com\/de\/?post_type=product&#038;p=37065"},"modified":"2026-04-21T07:57:53","modified_gmt":"2026-04-21T05:57:53","slug":"minikid-4-max","status":"publish","type":"product","link":"https:\/\/axkid.com\/de\/product\/minikid-4-max\/","title":{"rendered":"Minikid 4 Max"},"content":{"rendered":"","protected":false},"excerpt":{"rendered":"<p>Der Minikid 4 Max ist der Inbegriff eines r\u00fcckw\u00e4rtsgerichteten Kindersitzes mit besonders langer Nutzungsdauer \u2013 seit \u00fcber 15 Jahren kontinuierlich weiterentwickelt und optimiert. Ob auf dem t\u00e4glichen Weg zur Kita oder auf langen Autofahrten \u2013 er bietet h\u00f6chste Sicherheit bis zu einem Alter von 7 Jahren (61\u2013125 cm\/36 kg). Dank der einfachen Installation in weniger als 60 Sekunden ist er schnell startklar, selbst wenn es morgens mal hektisch wird. Sein kompaktes Design sorgt f\u00fcr viel Beinfreiheit, damit dein Kind bequem reisen kann. Plus-Test-gepr\u00fcft und \u00fcber die gesetzlichen Standards hinaus crashgetest.<\/p>\n","protected":false},"featured_media":3700000853075,"template":"","meta":{"_acf_changed":false,"_seopress_robots_primary_cat":"80","_seopress_titles_title":"Minikid 4 Max | Axkid","_seopress_titles_desc":"","_seopress_robots_index":"","content-type":"","_relevanssi_hide_post":"","_relevanssi_hide_content":"","_relevanssi_pin_for_all":"","_relevanssi_pin_keywords":"","_relevanssi_unpin_keywords":"","_relevanssi_related_keywords":"","_relevanssi_related_include_ids":"","_relevanssi_related_exclude_ids":"","_relevanssi_related_no_append":"","_relevanssi_related_not_related":"","_relevanssi_related_posts":"","_relevanssi_noindex_reason":"","editor_notices":[]},"product_brand":[],"product_cat":[18,509,508,431,80],"product_tag":[],"class_list":{"0":"post-37065","1":"product","2":"type-product","3":"status-publish","4":"has-post-thumbnail","6":"product_cat-kindersitze","7":"product_cat-kindersitze-9-18-kg","8":"product_cat-kindersitze-9-36-kg","9":"product_cat-kleinkind","10":"product_cat-reboarder","12":"first","13":"instock","14":"taxable","15":"shipping-taxable","16":"purchasable","17":"product-type-variable","18":"has-default-attributes"},"bundled_by":["38268"],"bundle_stock_status":"instock","bundle_stock_quantity":null,"bundle_virtual":false,"bundle_layout":"","bundle_add_to_cart_form_location":"","bundle_editable_in_cart":false,"bundle_sold_individually_context":"","bundle_item_grouping":"","bundle_min_size":"","bundle_max_size":"","bundle_price":[],"bundled_items":[],"bundle_sell_ids":[],"acf":[],"jetpack_sharing_enabled":true,"_links":{"self":[{"href":"https:\/\/axkid.com\/de\/wp-json\/wp\/v2\/product\/37065","targetHints":{"allow":["GET"]}}],"collection":[{"href":"https:\/\/axkid.com\/de\/wp-json\/wp\/v2\/product"}],"about":[{"href":"https:\/\/axkid.com\/de\/wp-json\/wp\/v2\/types\/product"}],"wp:featuredmedia":[{"embeddable":true,"href":"https:\/\/axkid.com\/de\/wp-json\/"}],"wp:attachment":[{"href":"https:\/\/axkid.com\/de\/wp-json\/wp\/v2\/media?parent=37065"}],"wp:term":[{"taxonomy":"product_brand","embeddable":true,"href":"https:\/\/axkid.com\/de\/wp-json\/wp\/v2\/product_brand?post=37065"},{"taxonomy":"product_cat","embeddable":true,"href":"https:\/\/axkid.com\/de\/wp-json\/wp\/v2\/product_cat?post=37065"},{"taxonomy":"product_tag","embeddable":true,"href":"https:\/\/axkid.com\/de\/wp-json\/wp\/v2\/product_tag?post=37065"}],"curies":[{"name":"wp","href":"https:\/\/api.w.org\/{rel}","templated":true}]}}