{"id":37080,"date":"2026-01-21T22:57:53","date_gmt":"2026-01-21T21:57:53","guid":{"rendered":"https:\/\/axkid.com\/de\/?post_type=product&#038;p=37080"},"modified":"2026-05-08T16:29:11","modified_gmt":"2026-05-08T14:29:11","slug":"minikid-4-pro","status":"publish","type":"product","link":"https:\/\/axkid.com\/de\/product\/minikid-4-pro\/","title":{"rendered":"Minikid 4 Pro"},"content":{"rendered":"","protected":false},"excerpt":{"rendered":"<p>Zehn Jahre Design und Weiterentwicklung \u2013 f\u00fcr einen r\u00fcckw\u00e4rtsgerichteten Kindersitz, der Sicherheit und Komfort neu definiert. Der Minikid 4 Pro erm\u00f6glicht sicheres R\u00fcckw\u00e4rtsfahren bis zu einem Alter von 7 Jahren (61\u2013125 cm\/36 kg). Dieser Reobarder wurde speziell entwickelt, um die herk\u00f6mmlichen Grenzen von Gewicht und Gr\u00f6\u00dfe weiter auszudehnen und sichereres R\u00fcckw\u00e4rtsfahren bis 36 kg zu gew\u00e4hrleisten. Durch das kompakte Design k\u00f6nnen drei Sitze nebeneinander im Auto montiert werden \u2013 ideal f\u00fcr wachsende Familien oder wenn spontan Besuch mitf\u00e4hrt.<\/p>\n","protected":false},"featured_media":3700000853065,"template":"","meta":{"_acf_changed":false,"_seopress_robots_primary_cat":"80","_seopress_titles_title":"Minikid 4 Pro | Axkid","_seopress_titles_desc":"","_seopress_robots_index":"","content-type":"","_relevanssi_hide_post":"","_relevanssi_hide_content":"","_relevanssi_pin_for_all":"","_relevanssi_pin_keywords":"","_relevanssi_unpin_keywords":"","_relevanssi_related_keywords":"","_relevanssi_related_include_ids":"","_relevanssi_related_exclude_ids":"","_relevanssi_related_no_append":"","_relevanssi_related_not_related":"","_relevanssi_related_posts":"","_relevanssi_noindex_reason":"","editor_notices":[]},"product_brand":[],"product_cat":[18,588,509,508,431,80],"product_tag":[],"class_list":{"0":"post-37080","1":"product","2":"type-product","3":"status-publish","4":"has-post-thumbnail","6":"product_cat-kindersitze","7":"product_cat-campaigns","8":"product_cat-kindersitze-9-18-kg","9":"product_cat-kindersitze-9-36-kg","10":"product_cat-kleinkind","11":"product_cat-reboarder","13":"first","14":"instock","15":"sale","16":"taxable","17":"shipping-taxable","18":"purchasable","19":"product-type-variable","20":"has-default-attributes"},"bundled_by":[],"bundle_stock_status":"instock","bundle_stock_quantity":null,"bundle_virtual":false,"bundle_layout":"","bundle_add_to_cart_form_location":"","bundle_editable_in_cart":false,"bundle_sold_individually_context":"","bundle_item_grouping":"","bundle_min_size":"","bundle_max_size":"","bundle_price":[],"bundled_items":[],"bundle_sell_ids":[],"acf":[],"jetpack_sharing_enabled":true,"_links":{"self":[{"href":"https:\/\/axkid.com\/de\/wp-json\/wp\/v2\/product\/37080","targetHints":{"allow":["GET"]}}],"collection":[{"href":"https:\/\/axkid.com\/de\/wp-json\/wp\/v2\/product"}],"about":[{"href":"https:\/\/axkid.com\/de\/wp-json\/wp\/v2\/types\/product"}],"wp:featuredmedia":[{"embeddable":true,"href":"https:\/\/axkid.com\/de\/wp-json\/"}],"wp:attachment":[{"href":"https:\/\/axkid.com\/de\/wp-json\/wp\/v2\/media?parent=37080"}],"wp:term":[{"taxonomy":"product_brand","embeddable":true,"href":"https:\/\/axkid.com\/de\/wp-json\/wp\/v2\/product_brand?post=37080"},{"taxonomy":"product_cat","embeddable":true,"href":"https:\/\/axkid.com\/de\/wp-json\/wp\/v2\/product_cat?post=37080"},{"taxonomy":"product_tag","embeddable":true,"href":"https:\/\/axkid.com\/de\/wp-json\/wp\/v2\/product_tag?post=37080"}],"curies":[{"name":"wp","href":"https:\/\/api.w.org\/{rel}","templated":true}]}}