{"id":37715,"date":"2025-04-09T10:27:57","date_gmt":"2025-04-09T09:27:57","guid":{"rendered":"https:\/\/axkid.com\/de\/?post_type=product&#038;p=37715"},"modified":"2026-05-08T13:57:40","modified_gmt":"2026-05-08T11:57:40","slug":"axkid-up-fussstuetze","status":"publish","type":"product","link":"https:\/\/axkid.com\/de\/product\/axkid-up-fussstuetze\/","title":{"rendered":"Fu\u00dfst\u00fctze Up"},"content":{"rendered":"<p class=\"sr-only\"><span style=\"font-size: 1.125rem;letter-spacing: 0.2px\">Verbessere das Reiseerlebnis deines Kindes mit der verstellbaren Fu\u00dfst\u00fctze f\u00fcr den Axkid Up\u2122. Der zus\u00e4tzliche Beinhalt sorgt f\u00fcr eine bequemere und ergonomischere Sitzposition.<\/span><\/p>\n","protected":false},"excerpt":{"rendered":"<p>Verbessere das Reiseerlebnis deines Kindes mit der verstellbaren Fu\u00dfst\u00fctze f\u00fcr den Axkid Up\u2122. Der zus\u00e4tzliche Beinhalt sorgt f\u00fcr eine bequemere und ergonomischere Sitzposition.<\/p>\n","protected":false},"featured_media":3700000849447,"template":"","meta":{"_acf_changed":false,"_seopress_robots_primary_cat":"none","_seopress_titles_title":"","_seopress_titles_desc":"","_seopress_robots_index":"","content-type":"","_relevanssi_hide_post":"","_relevanssi_hide_content":"","_relevanssi_pin_for_all":"","_relevanssi_pin_keywords":"","_relevanssi_unpin_keywords":"","_relevanssi_related_keywords":"","_relevanssi_related_include_ids":"","_relevanssi_related_exclude_ids":"","_relevanssi_related_no_append":"","_relevanssi_related_not_related":"","_relevanssi_related_posts":"","_relevanssi_noindex_reason":"","editor_notices":[]},"product_brand":[],"product_cat":[17],"product_tag":[],"class_list":{"0":"post-37715","1":"product","2":"type-product","3":"status-publish","4":"has-post-thumbnail","6":"product_cat-zubehoer","8":"first","9":"instock","10":"taxable","11":"shipping-taxable","12":"purchasable","13":"product-type-simple"},"bundled_by":["37720","39467","39506","40235"],"bundle_stock_status":"instock","bundle_stock_quantity":154,"bundle_virtual":false,"bundle_layout":"","bundle_add_to_cart_form_location":"","bundle_editable_in_cart":false,"bundle_sold_individually_context":"","bundle_item_grouping":"","bundle_min_size":"","bundle_max_size":"","bundle_price":[],"bundled_items":[],"bundle_sell_ids":[],"acf":[],"jetpack_sharing_enabled":true,"_links":{"self":[{"href":"https:\/\/axkid.com\/de\/wp-json\/wp\/v2\/product\/37715","targetHints":{"allow":["GET"]}}],"collection":[{"href":"https:\/\/axkid.com\/de\/wp-json\/wp\/v2\/product"}],"about":[{"href":"https:\/\/axkid.com\/de\/wp-json\/wp\/v2\/types\/product"}],"wp:featuredmedia":[{"embeddable":true,"href":"https:\/\/axkid.com\/de\/wp-json\/"}],"wp:attachment":[{"href":"https:\/\/axkid.com\/de\/wp-json\/wp\/v2\/media?parent=37715"}],"wp:term":[{"taxonomy":"product_brand","embeddable":true,"href":"https:\/\/axkid.com\/de\/wp-json\/wp\/v2\/product_brand?post=37715"},{"taxonomy":"product_cat","embeddable":true,"href":"https:\/\/axkid.com\/de\/wp-json\/wp\/v2\/product_cat?post=37715"},{"taxonomy":"product_tag","embeddable":true,"href":"https:\/\/axkid.com\/de\/wp-json\/wp\/v2\/product_tag?post=37715"}],"curies":[{"name":"wp","href":"https:\/\/api.w.org\/{rel}","templated":true}]}}