{"id":37717,"date":"2025-04-09T10:28:11","date_gmt":"2025-04-09T09:28:11","guid":{"rendered":"https:\/\/axkid.com\/de\/?post_type=product&#038;p=37717"},"modified":"2026-04-29T08:58:39","modified_gmt":"2026-04-29T06:58:39","slug":"axkid-up-transporttasche","status":"publish","type":"product","link":"https:\/\/axkid.com\/de\/product\/axkid-up-transporttasche\/","title":{"rendered":"Transporttasche Up"},"content":{"rendered":"","protected":false},"excerpt":{"rendered":"<p>Perfekt auf den zusammengefalteten Axkid Up\u2122 abgestimmt, sorgt die Tasche f\u00fcr einen einfachen Transport und eine kompakte Aufbewahrung. Mit ihrer gepolsterten Sto\u00dfschutzfunktion und dem wasserfesten Rei\u00dfverschluss sch\u00fctzt die Axkid Up Tragetasche deinen Sitz zuverl\u00e4ssig auf Reisen.<\/p>\n","protected":false},"featured_media":3700000850985,"template":"","meta":{"_acf_changed":false,"_seopress_robots_primary_cat":"none","_seopress_titles_title":"","_seopress_titles_desc":"","_seopress_robots_index":"","content-type":"","_relevanssi_hide_post":"","_relevanssi_hide_content":"","_relevanssi_pin_for_all":"","_relevanssi_pin_keywords":"","_relevanssi_unpin_keywords":"","_relevanssi_related_keywords":"","_relevanssi_related_include_ids":"","_relevanssi_related_exclude_ids":"","_relevanssi_related_no_append":"","_relevanssi_related_not_related":"","_relevanssi_related_posts":"","_relevanssi_noindex_reason":"","editor_notices":[]},"product_brand":[],"product_cat":[436,17],"product_tag":[],"class_list":{"0":"post-37717","1":"product","2":"type-product","3":"status-publish","4":"has-post-thumbnail","6":"product_cat-sitzschutz-und-aufbewahrung","7":"product_cat-zubehoer","9":"first","10":"instock","11":"taxable","12":"shipping-taxable","13":"purchasable","14":"product-type-simple"},"bundled_by":["37720","40235"],"bundle_stock_status":"instock","bundle_stock_quantity":5,"bundle_virtual":false,"bundle_layout":"","bundle_add_to_cart_form_location":"","bundle_editable_in_cart":false,"bundle_sold_individually_context":"","bundle_item_grouping":"","bundle_min_size":"","bundle_max_size":"","bundle_price":[],"bundled_items":[],"bundle_sell_ids":[],"acf":[],"jetpack_sharing_enabled":true,"_links":{"self":[{"href":"https:\/\/axkid.com\/de\/wp-json\/wp\/v2\/product\/37717","targetHints":{"allow":["GET"]}}],"collection":[{"href":"https:\/\/axkid.com\/de\/wp-json\/wp\/v2\/product"}],"about":[{"href":"https:\/\/axkid.com\/de\/wp-json\/wp\/v2\/types\/product"}],"wp:featuredmedia":[{"embeddable":true,"href":"https:\/\/axkid.com\/de\/wp-json\/"}],"wp:attachment":[{"href":"https:\/\/axkid.com\/de\/wp-json\/wp\/v2\/media?parent=37717"}],"wp:term":[{"taxonomy":"product_brand","embeddable":true,"href":"https:\/\/axkid.com\/de\/wp-json\/wp\/v2\/product_brand?post=37717"},{"taxonomy":"product_cat","embeddable":true,"href":"https:\/\/axkid.com\/de\/wp-json\/wp\/v2\/product_cat?post=37717"},{"taxonomy":"product_tag","embeddable":true,"href":"https:\/\/axkid.com\/de\/wp-json\/wp\/v2\/product_tag?post=37717"}],"curies":[{"name":"wp","href":"https:\/\/api.w.org\/{rel}","templated":true}]}}