{"id":37800,"date":"2025-04-23T07:09:30","date_gmt":"2025-04-23T06:09:30","guid":{"rendered":"https:\/\/axkid.com\/de\/?post_type=product&#038;p=37800"},"modified":"2026-04-28T12:29:06","modified_gmt":"2026-04-28T10:29:06","slug":"gokid","status":"publish","type":"product","link":"https:\/\/axkid.com\/de\/product\/gokid\/","title":{"rendered":"Gokid"},"content":{"rendered":"","protected":false},"excerpt":{"rendered":"<p>Die Gokid Babyschale ist geeignet von Geburt an bis zu 15 Monaten (40\u201387 cm\/13 kg). Sie bietet eine m\u00fchelose Installation mit der ISOFIX-Base oder dem 3-Punkt-Fahrzeuggurt. Dank der universellen Kinderwagenkompatibilit\u00e4t sorgt sie f\u00fcr nahtlose \u00dcberg\u00e4nge vom Auto zum Kinderwagen. Ausgestattet mit einem dehnbaren Verdeck f\u00fcr Schutz vor Sonne, Wind und Regen.<\/p>\n<p>Achtung: Base nicht enthalten.<\/p>\n","protected":false},"featured_media":37801,"template":"","meta":{"_acf_changed":false,"_seopress_robots_primary_cat":"none","_seopress_titles_title":"","_seopress_titles_desc":"","_seopress_robots_index":"","content-type":"","_relevanssi_hide_post":"","_relevanssi_hide_content":"","_relevanssi_pin_for_all":"","_relevanssi_pin_keywords":"","_relevanssi_unpin_keywords":"","_relevanssi_related_keywords":"","_relevanssi_related_include_ids":"","_relevanssi_related_exclude_ids":"","_relevanssi_related_no_append":"","_relevanssi_related_not_related":"","_relevanssi_related_posts":"","_relevanssi_noindex_reason":"","editor_notices":[]},"product_brand":[],"product_cat":[18,79],"product_tag":[],"class_list":{"0":"post-37800","1":"product","2":"type-product","3":"status-publish","4":"has-post-thumbnail","6":"product_cat-kindersitze","7":"product_cat-babyschalen","9":"first","10":"instock","11":"taxable","12":"shipping-taxable","13":"purchasable","14":"product-type-variable","15":"has-default-attributes"},"bundled_by":["37808","38268"],"bundle_stock_status":"instock","bundle_stock_quantity":null,"bundle_virtual":false,"bundle_layout":"","bundle_add_to_cart_form_location":"","bundle_editable_in_cart":false,"bundle_sold_individually_context":"","bundle_item_grouping":"","bundle_min_size":"","bundle_max_size":"","bundle_price":[],"bundled_items":[],"bundle_sell_ids":[],"acf":[],"jetpack_sharing_enabled":true,"_links":{"self":[{"href":"https:\/\/axkid.com\/de\/wp-json\/wp\/v2\/product\/37800","targetHints":{"allow":["GET"]}}],"collection":[{"href":"https:\/\/axkid.com\/de\/wp-json\/wp\/v2\/product"}],"about":[{"href":"https:\/\/axkid.com\/de\/wp-json\/wp\/v2\/types\/product"}],"wp:featuredmedia":[{"embeddable":true,"href":"https:\/\/axkid.com\/de\/wp-json\/wp\/v2\/media\/37801"}],"wp:attachment":[{"href":"https:\/\/axkid.com\/de\/wp-json\/wp\/v2\/media?parent=37800"}],"wp:term":[{"taxonomy":"product_brand","embeddable":true,"href":"https:\/\/axkid.com\/de\/wp-json\/wp\/v2\/product_brand?post=37800"},{"taxonomy":"product_cat","embeddable":true,"href":"https:\/\/axkid.com\/de\/wp-json\/wp\/v2\/product_cat?post=37800"},{"taxonomy":"product_tag","embeddable":true,"href":"https:\/\/axkid.com\/de\/wp-json\/wp\/v2\/product_tag?post=37800"}],"curies":[{"name":"wp","href":"https:\/\/api.w.org\/{rel}","templated":true}]}}