{"id":38753,"date":"2025-09-08T15:20:19","date_gmt":"2025-09-08T13:20:19","guid":{"rendered":"https:\/\/axkid.com\/de\/?post_type=product&#038;p=38753"},"modified":"2026-03-12T09:33:16","modified_gmt":"2026-03-12T08:33:16","slug":"one-3-toddler-insert-0-105-cm","status":"publish","type":"product","link":"https:\/\/axkid.com\/de\/product\/one-3-toddler-insert-0-105-cm\/","title":{"rendered":"Kleinkind-Einlage &#8211; One 3"},"content":{"rendered":"<p>Mit dieser Kleinkind-Einlage, geeignet f\u00fcr eine K\u00f6rpergr\u00f6\u00dfe bis 105 cm, kannst du die Passform des Sitzes f\u00fcr dein Kind verbessern. Dein Schatz liegt oder sitzt damit stabil und beh\u00fctet im Sitz. Die Einlage ist beim Kauf eines One 2, One 3 bzw. One+ 2, One+ 3 enthalten und passt f\u00fcr One Modelle.<\/p>\n","protected":false},"excerpt":{"rendered":"<p>Mit dieser Kleinkind-Einlage, geeignet f\u00fcr eine K\u00f6rpergr\u00f6\u00dfe bis 105 cm, kannst du die Passform des Sitzes f\u00fcr dein Kind verbessern. Dein Schatz liegt oder sitzt damit stabil und beh\u00fctet im Sitz. Die Seitenfl\u00fcgel sind abnehmbar und austauschbar. Diese Einlage ist beim Kauf eines One 3 bzw. One+ 3 enthalten und passt f\u00fcr alle One Modelle.<\/p>\n","protected":false},"featured_media":38754,"template":"","meta":{"_acf_changed":false,"_seopress_robots_primary_cat":"none","_seopress_titles_title":"","_seopress_titles_desc":"","_seopress_robots_index":"","content-type":"","_relevanssi_hide_post":"","_relevanssi_hide_content":"","_relevanssi_pin_for_all":"","_relevanssi_pin_keywords":"","_relevanssi_unpin_keywords":"","_relevanssi_related_keywords":"","_relevanssi_related_include_ids":"","_relevanssi_related_exclude_ids":"","_relevanssi_related_no_append":"","_relevanssi_related_not_related":"","_relevanssi_related_posts":"","_relevanssi_noindex_reason":"","editor_notices":[]},"product_brand":[],"product_cat":[375,435,17],"product_tag":[],"class_list":{"0":"post-38753","1":"product","2":"type-product","3":"status-publish","4":"has-post-thumbnail","6":"product_cat-ersatzteile","7":"product_cat-kindersitz-polster","8":"product_cat-zubehoer","10":"first","11":"instock","12":"taxable","13":"shipping-taxable","14":"purchasable","15":"product-type-simple"},"bundled_by":[],"bundle_stock_status":"instock","bundle_stock_quantity":null,"bundle_virtual":false,"bundle_layout":"","bundle_add_to_cart_form_location":"","bundle_editable_in_cart":false,"bundle_sold_individually_context":"","bundle_item_grouping":"","bundle_min_size":"","bundle_max_size":"","bundle_price":[],"bundled_items":[],"bundle_sell_ids":[],"acf":[],"jetpack_sharing_enabled":true,"_links":{"self":[{"href":"https:\/\/axkid.com\/de\/wp-json\/wp\/v2\/product\/38753","targetHints":{"allow":["GET"]}}],"collection":[{"href":"https:\/\/axkid.com\/de\/wp-json\/wp\/v2\/product"}],"about":[{"href":"https:\/\/axkid.com\/de\/wp-json\/wp\/v2\/types\/product"}],"wp:featuredmedia":[{"embeddable":true,"href":"https:\/\/axkid.com\/de\/wp-json\/wp\/v2\/media\/38754"}],"wp:attachment":[{"href":"https:\/\/axkid.com\/de\/wp-json\/wp\/v2\/media?parent=38753"}],"wp:term":[{"taxonomy":"product_brand","embeddable":true,"href":"https:\/\/axkid.com\/de\/wp-json\/wp\/v2\/product_brand?post=38753"},{"taxonomy":"product_cat","embeddable":true,"href":"https:\/\/axkid.com\/de\/wp-json\/wp\/v2\/product_cat?post=38753"},{"taxonomy":"product_tag","embeddable":true,"href":"https:\/\/axkid.com\/de\/wp-json\/wp\/v2\/product_tag?post=38753"}],"curies":[{"name":"wp","href":"https:\/\/api.w.org\/{rel}","templated":true}]}}