{"id":38757,"date":"2020-09-08T16:34:39","date_gmt":"2020-09-08T14:34:39","guid":{"rendered":"https:\/\/axkid.com\/de\/?post_type=product&#038;p=38757"},"modified":"2026-03-26T14:55:43","modified_gmt":"2026-03-26T13:55:43","slug":"eps-wings-toddler-insert","status":"publish","type":"product","link":"https:\/\/axkid.com\/de\/product\/eps-wings-toddler-insert\/","title":{"rendered":"Styropor Seitenfl\u00fcgel-Einsatz f\u00fcr Kleinkind-Einlage &#8211; One 3, Minikid 4 Pro\/Max"},"content":{"rendered":"<p>The EPS wings, commonly referred to as styrofoam, for the toddler insert \u2013 both left and right sides included. Included with the purchase of the car seat and compatible with ONE 2\/ONE 3 and ONE+ 2\/ONE+ 3.<\/p>\n","protected":false},"excerpt":{"rendered":"<p>Diese Styropor-Fl\u00fcgel passen f\u00fcr die Kleinkind-Einlage. Sie k\u00f6nnen ersetzt werden, falls die Seiteneins\u00e4tze abhanden gekommen oder gebrochen sind.<\/p>\n<p><span style=\"font-size: 1.125rem; letter-spacing: 0.2px;\">Dieses Set besteht aus einem linken und rechten Fl\u00fcgel . Es ist kompatibel mit den Eins\u00e4tzen der One 3, One+ 3, Minikid 4 Max, Minikid 4 Pro Kleinkind-Einlagen.<\/span><\/p>\n<p>Auch f\u00fcr die Kleinkind-Einlagen von\u00a0 Minikid 4 und Movekid geeignet \u2013 der Austausch ist m\u00f6glich, durch die Rei\u00dfverschl\u00fcsse jedoch etwas aufwendiger. Wir empfehlen f\u00fcr mehr Komfort die\u00a0 <a href=\"https:\/\/axkid.com\/de\/product\/minikid-4-max-pro-toddler-insert-61-105cm\/\">Minikid 4 Pro\/Max Kleinkind-Einlage <\/a>mit abnehmbaren Seitenfl\u00fcgeln.<\/p>\n","protected":false},"featured_media":3700000851230,"template":"","meta":{"_acf_changed":false,"_seopress_robots_primary_cat":"none","_seopress_titles_title":"","_seopress_titles_desc":"","_seopress_robots_index":"","content-type":"","_relevanssi_hide_post":"","_relevanssi_hide_content":"","_relevanssi_pin_for_all":"","_relevanssi_pin_keywords":"","_relevanssi_unpin_keywords":"","_relevanssi_related_keywords":"","_relevanssi_related_include_ids":"","_relevanssi_related_exclude_ids":"","_relevanssi_related_no_append":"","_relevanssi_related_not_related":"","_relevanssi_related_posts":"","_relevanssi_noindex_reason":"","editor_notices":[]},"product_brand":[],"product_cat":[375,17],"product_tag":[],"class_list":{"0":"post-38757","1":"product","2":"type-product","3":"status-publish","4":"has-post-thumbnail","6":"product_cat-ersatzteile","7":"product_cat-zubehoer","9":"first","10":"instock","11":"featured","12":"taxable","13":"shipping-taxable","14":"purchasable","15":"product-type-simple"},"bundled_by":[],"bundle_stock_status":"instock","bundle_stock_quantity":null,"bundle_virtual":false,"bundle_layout":"","bundle_add_to_cart_form_location":"","bundle_editable_in_cart":false,"bundle_sold_individually_context":"","bundle_item_grouping":"","bundle_min_size":"","bundle_max_size":"","bundle_price":[],"bundled_items":[],"bundle_sell_ids":[],"acf":[],"jetpack_sharing_enabled":true,"_links":{"self":[{"href":"https:\/\/axkid.com\/de\/wp-json\/wp\/v2\/product\/38757","targetHints":{"allow":["GET"]}}],"collection":[{"href":"https:\/\/axkid.com\/de\/wp-json\/wp\/v2\/product"}],"about":[{"href":"https:\/\/axkid.com\/de\/wp-json\/wp\/v2\/types\/product"}],"wp:featuredmedia":[{"embeddable":true,"href":"https:\/\/axkid.com\/de\/wp-json\/"}],"wp:attachment":[{"href":"https:\/\/axkid.com\/de\/wp-json\/wp\/v2\/media?parent=38757"}],"wp:term":[{"taxonomy":"product_brand","embeddable":true,"href":"https:\/\/axkid.com\/de\/wp-json\/wp\/v2\/product_brand?post=38757"},{"taxonomy":"product_cat","embeddable":true,"href":"https:\/\/axkid.com\/de\/wp-json\/wp\/v2\/product_cat?post=38757"},{"taxonomy":"product_tag","embeddable":true,"href":"https:\/\/axkid.com\/de\/wp-json\/wp\/v2\/product_tag?post=38757"}],"curies":[{"name":"wp","href":"https:\/\/api.w.org\/{rel}","templated":true}]}}