{"id":38759,"date":"2025-09-08T17:08:00","date_gmt":"2025-09-08T15:08:00","guid":{"rendered":"https:\/\/axkid.com\/de\/?post_type=product&#038;p=38759"},"modified":"2025-12-04T07:15:12","modified_gmt":"2025-12-04T06:15:12","slug":"comfort-back-padded-cover","status":"publish","type":"product","link":"https:\/\/axkid.com\/de\/product\/comfort-back-padded-cover\/","title":{"rendered":"Textiles R\u00fcckenpolster &#8211; Minikid 4"},"content":{"rendered":"<p>Enhance your child\u2019s comfort with the Comfort Back Padded Cover, designed for Minikid 4. Made from soft, padded textile, it adds extra cushioning to the backrest while helping protect the seat from wear. Easy to attach, remove, and machine wash \u2013 for a cleaner, cozier ride every day.<\/p>\n","protected":false},"excerpt":{"rendered":"<p data-start=\"83\" data-end=\"361\">Steigere den Sitzkomfort deines Kindes mit dieser komfortablen R\u00fcckenpolsterung,\u00a0speziell entwickelt f\u00fcr den Minikid 4. Das weich gepolsterte Textilmaterial sorgt f\u00fcr zus\u00e4tzliche D\u00e4mpfung am R\u00fccken und sch\u00fctzt gleichzeitig den Autositz vor Abnutzung.<\/p>\n<p data-start=\"363\" data-end=\"596\">Dank der einfachen Befestigung ist das R\u00fcckenpolster im Handumdrehen angebracht oder abgenommen \u2013 und zur unkomplizierten Reinigung sogar schonend maschinenwaschbar. F\u00fcr eine saubere, hygienische und besonders angenehme Reise \u2013 Tag f\u00fcr Tag.<\/p>\n","protected":false},"featured_media":38760,"template":"","meta":{"_acf_changed":false,"_seopress_robots_primary_cat":"none","_seopress_titles_title":"","_seopress_titles_desc":"","_seopress_robots_index":"","content-type":"","_relevanssi_hide_post":"","_relevanssi_hide_content":"","_relevanssi_pin_for_all":"","_relevanssi_pin_keywords":"","_relevanssi_unpin_keywords":"","_relevanssi_related_keywords":"","_relevanssi_related_include_ids":"","_relevanssi_related_exclude_ids":"","_relevanssi_related_no_append":"","_relevanssi_related_not_related":"","_relevanssi_related_posts":"","_relevanssi_noindex_reason":"","editor_notices":[]},"product_brand":[],"product_cat":[434,435,17],"product_tag":[],"class_list":{"0":"post-38759","1":"product","2":"type-product","3":"status-publish","4":"has-post-thumbnail","6":"product_cat-schonbezuege-kindersitz","7":"product_cat-kindersitz-polster","8":"product_cat-zubehoer","10":"first","11":"instock","12":"taxable","13":"shipping-taxable","14":"product-type-variable","15":"has-default-attributes"},"bundled_by":[],"bundle_stock_status":"instock","bundle_stock_quantity":null,"bundle_virtual":false,"bundle_layout":"","bundle_add_to_cart_form_location":"","bundle_editable_in_cart":false,"bundle_sold_individually_context":"","bundle_item_grouping":"","bundle_min_size":"","bundle_max_size":"","bundle_price":[],"bundled_items":[],"bundle_sell_ids":[],"acf":[],"jetpack_sharing_enabled":true,"_links":{"self":[{"href":"https:\/\/axkid.com\/de\/wp-json\/wp\/v2\/product\/38759","targetHints":{"allow":["GET"]}}],"collection":[{"href":"https:\/\/axkid.com\/de\/wp-json\/wp\/v2\/product"}],"about":[{"href":"https:\/\/axkid.com\/de\/wp-json\/wp\/v2\/types\/product"}],"wp:featuredmedia":[{"embeddable":true,"href":"https:\/\/axkid.com\/de\/wp-json\/wp\/v2\/media\/38760"}],"wp:attachment":[{"href":"https:\/\/axkid.com\/de\/wp-json\/wp\/v2\/media?parent=38759"}],"wp:term":[{"taxonomy":"product_brand","embeddable":true,"href":"https:\/\/axkid.com\/de\/wp-json\/wp\/v2\/product_brand?post=38759"},{"taxonomy":"product_cat","embeddable":true,"href":"https:\/\/axkid.com\/de\/wp-json\/wp\/v2\/product_cat?post=38759"},{"taxonomy":"product_tag","embeddable":true,"href":"https:\/\/axkid.com\/de\/wp-json\/wp\/v2\/product_tag?post=38759"}],"curies":[{"name":"wp","href":"https:\/\/api.w.org\/{rel}","templated":true}]}}