{"id":38770,"date":"2021-09-08T15:37:13","date_gmt":"2021-09-08T13:37:13","guid":{"rendered":"https:\/\/axkid.com\/de\/?post_type=product&#038;p=38770"},"modified":"2025-12-04T07:17:27","modified_gmt":"2025-12-04T06:17:27","slug":"textile-shoulder-pad","status":"publish","type":"product","link":"https:\/\/axkid.com\/de\/product\/textile-shoulder-pad\/","title":{"rendered":"Schulterpolster &#8211; One 3"},"content":{"rendered":"<p>The belt pads provide extra comfort and protection for your child. They are designed to ensure that the harness sits softly and comfortably against the child\u2019s shoulders and chest, reducing the risk of irritation during the journey. Included with the purchase of the ONE 3 &amp; ONE+ 3, but also compatible with ONE 2 &amp; ONE+ 2.<\/p>\n","protected":false},"excerpt":{"rendered":"<p>Diese Schulterpolster bieten zus\u00e4tzlichen Komfort und Schutz f\u00fcr dein Kind. Damit liegt das Gurtsystem weich und bequem an den Schultern und der Brust deines Kindes w\u00e4hrend der Fahrt an. Ein Set ist im Lieferumfang des ONE 3 &amp; ONE+ 3 enthalten. Kompatibel mit allen ONE Modellen.<\/p>\n","protected":false},"featured_media":38771,"template":"","meta":{"_acf_changed":false,"_seopress_robots_primary_cat":"none","_seopress_titles_title":"","_seopress_titles_desc":"","_seopress_robots_index":"","content-type":"","_relevanssi_hide_post":"","_relevanssi_hide_content":"","_relevanssi_pin_for_all":"","_relevanssi_pin_keywords":"","_relevanssi_unpin_keywords":"","_relevanssi_related_keywords":"","_relevanssi_related_include_ids":"","_relevanssi_related_exclude_ids":"","_relevanssi_related_no_append":"","_relevanssi_related_not_related":"","_relevanssi_related_posts":"","_relevanssi_noindex_reason":"","editor_notices":[]},"product_brand":[],"product_cat":[375,435,17],"product_tag":[],"class_list":{"0":"post-38770","1":"product","2":"type-product","3":"status-publish","4":"has-post-thumbnail","6":"product_cat-ersatzteile","7":"product_cat-kindersitz-polster","8":"product_cat-zubehoer","10":"first","11":"instock","12":"taxable","13":"shipping-taxable","14":"product-type-variable","15":"has-default-attributes"},"bundled_by":[],"bundle_stock_status":"instock","bundle_stock_quantity":null,"bundle_virtual":false,"bundle_layout":"","bundle_add_to_cart_form_location":"","bundle_editable_in_cart":false,"bundle_sold_individually_context":"","bundle_item_grouping":"","bundle_min_size":"","bundle_max_size":"","bundle_price":[],"bundled_items":[],"bundle_sell_ids":[],"acf":[],"jetpack_sharing_enabled":true,"_links":{"self":[{"href":"https:\/\/axkid.com\/de\/wp-json\/wp\/v2\/product\/38770","targetHints":{"allow":["GET"]}}],"collection":[{"href":"https:\/\/axkid.com\/de\/wp-json\/wp\/v2\/product"}],"about":[{"href":"https:\/\/axkid.com\/de\/wp-json\/wp\/v2\/types\/product"}],"wp:featuredmedia":[{"embeddable":true,"href":"https:\/\/axkid.com\/de\/wp-json\/wp\/v2\/media\/38771"}],"wp:attachment":[{"href":"https:\/\/axkid.com\/de\/wp-json\/wp\/v2\/media?parent=38770"}],"wp:term":[{"taxonomy":"product_brand","embeddable":true,"href":"https:\/\/axkid.com\/de\/wp-json\/wp\/v2\/product_brand?post=38770"},{"taxonomy":"product_cat","embeddable":true,"href":"https:\/\/axkid.com\/de\/wp-json\/wp\/v2\/product_cat?post=38770"},{"taxonomy":"product_tag","embeddable":true,"href":"https:\/\/axkid.com\/de\/wp-json\/wp\/v2\/product_tag?post=38770"}],"curies":[{"name":"wp","href":"https:\/\/api.w.org\/{rel}","templated":true}]}}