{"id":38792,"date":"2023-04-29T16:12:59","date_gmt":"2023-04-29T14:12:59","guid":{"rendered":"https:\/\/axkid.com\/de\/?post_type=product&#038;p=38792"},"modified":"2026-03-31T09:03:57","modified_gmt":"2026-03-31T07:03:57","slug":"comfort-seat-padding-minikid-4","status":"publish","type":"product","link":"https:\/\/axkid.com\/de\/product\/comfort-seat-padding-minikid-4\/","title":{"rendered":"Komfort Sitzeinlage \u2013 Minikid 4"},"content":{"rendered":"","protected":false},"excerpt":{"rendered":"<p>Die kuschelig-weiche Sitzeinlage aus Memory-Schaum gibt deinem kleinen Schatz extra Halt und h\u00f6chsten Sitzkomfort. Das innovative Material passt sich perfekt an die K\u00f6rperform an und macht das Kissen zum idealen Zubeh\u00f6r f\u00fcr alle r\u00fcckw\u00e4rtsgerichteten Autositze von Axkid..<\/p>\n<p>Dank dieser Sitzeinlage sitzt dein Kind etwas h\u00f6her \u2013 so verl\u00e4uft der Gurt optimal, und die Schnalle liegt nicht unangenehm am Bauch. Zus\u00e4tzlich reduziert das Kissen den seitlichen Freiraum und verst\u00e4rkt die Seitenst\u00fctze, damit dein Kind rundum sicher und geborgen sitzt.<\/p>\n<p data-start=\"354\" data-end=\"420\">\u2714 Kompatibel mit allen r\u00fcckw\u00e4rtsgerichteten Autositzen von Axkid<\/p>\n","protected":false},"featured_media":38793,"template":"","meta":{"_acf_changed":false,"_seopress_robots_primary_cat":"none","_seopress_titles_title":"","_seopress_titles_desc":"","_seopress_robots_index":"","content-type":"","_relevanssi_hide_post":"","_relevanssi_hide_content":"","_relevanssi_pin_for_all":"","_relevanssi_pin_keywords":"","_relevanssi_unpin_keywords":"","_relevanssi_related_keywords":"","_relevanssi_related_include_ids":"","_relevanssi_related_exclude_ids":"","_relevanssi_related_no_append":"","_relevanssi_related_not_related":"","_relevanssi_related_posts":"","_relevanssi_noindex_reason":"","editor_notices":[]},"product_brand":[],"product_cat":[375,435],"product_tag":[],"class_list":{"0":"post-38792","1":"product","2":"type-product","3":"status-publish","4":"has-post-thumbnail","6":"product_cat-ersatzteile","7":"product_cat-kindersitz-polster","9":"first","10":"instock","11":"taxable","12":"shipping-taxable","13":"purchasable","14":"product-type-simple"},"bundled_by":[],"bundle_stock_status":"instock","bundle_stock_quantity":4,"bundle_virtual":false,"bundle_layout":"","bundle_add_to_cart_form_location":"","bundle_editable_in_cart":false,"bundle_sold_individually_context":"","bundle_item_grouping":"","bundle_min_size":"","bundle_max_size":"","bundle_price":[],"bundled_items":[],"bundle_sell_ids":[],"acf":[],"jetpack_sharing_enabled":true,"_links":{"self":[{"href":"https:\/\/axkid.com\/de\/wp-json\/wp\/v2\/product\/38792","targetHints":{"allow":["GET"]}}],"collection":[{"href":"https:\/\/axkid.com\/de\/wp-json\/wp\/v2\/product"}],"about":[{"href":"https:\/\/axkid.com\/de\/wp-json\/wp\/v2\/types\/product"}],"wp:featuredmedia":[{"embeddable":true,"href":"https:\/\/axkid.com\/de\/wp-json\/wp\/v2\/media\/38793"}],"wp:attachment":[{"href":"https:\/\/axkid.com\/de\/wp-json\/wp\/v2\/media?parent=38792"}],"wp:term":[{"taxonomy":"product_brand","embeddable":true,"href":"https:\/\/axkid.com\/de\/wp-json\/wp\/v2\/product_brand?post=38792"},{"taxonomy":"product_cat","embeddable":true,"href":"https:\/\/axkid.com\/de\/wp-json\/wp\/v2\/product_cat?post=38792"},{"taxonomy":"product_tag","embeddable":true,"href":"https:\/\/axkid.com\/de\/wp-json\/wp\/v2\/product_tag?post=38792"}],"curies":[{"name":"wp","href":"https:\/\/api.w.org\/{rel}","templated":true}]}}