{"id":38807,"date":"2025-10-23T17:49:16","date_gmt":"2025-10-23T15:49:16","guid":{"rendered":"https:\/\/axkid.com\/de\/?post_type=product&#038;p=38807"},"modified":"2025-12-04T07:15:09","modified_gmt":"2025-12-04T06:15:09","slug":"minikid-4-max-textile-headrest-cover","status":"publish","type":"product","link":"https:\/\/axkid.com\/de\/product\/minikid-4-max-textile-headrest-cover\/","title":{"rendered":"Stoffbezug Kopfst\u00fctze Minikid 4 Max"},"content":{"rendered":"<p>Protect the headrest of your car seat with this custom-fit cover designed for the Minikid and Movekid models. Made from soft and durable textile material, it helps extend the life of your seat while keeping it clean and fresh. Easy to remove and machine wash \u2013 perfect for maintaining comfort and hygiene, even on longer journeys.<\/p>\n","protected":false},"excerpt":{"rendered":"<p>Sch\u00fctze die Kopfst\u00fctze deines Kindersitzes mit diesem passgenauen Bezug f\u00fcr die Minikid 4 und Movekid Modelle. Er besteht aus weichem und strapazierf\u00e4higem Textilmaterial und verl\u00e4ngert die Lebensdauer des Sitzes. Ideal auch als Wechselbezug. Einfach abnehmbar und in der Maschine schonend im Handwaschprogramm waschbar &#8211; perfekt f\u00fcr Komfort und Hygiene zu jeder Zeit.<\/p>\n","protected":false},"featured_media":38812,"template":"","meta":{"_acf_changed":false,"_seopress_robots_primary_cat":"none","_seopress_titles_title":"","_seopress_titles_desc":"","_seopress_robots_index":"","content-type":"","_relevanssi_hide_post":"","_relevanssi_hide_content":"","_relevanssi_pin_for_all":"","_relevanssi_pin_keywords":"","_relevanssi_unpin_keywords":"","_relevanssi_related_keywords":"","_relevanssi_related_include_ids":"","_relevanssi_related_exclude_ids":"","_relevanssi_related_no_append":"","_relevanssi_related_not_related":"","_relevanssi_related_posts":"","_relevanssi_noindex_reason":"","editor_notices":[]},"product_brand":[],"product_cat":[434,17],"product_tag":[],"class_list":{"0":"post-38807","1":"product","2":"type-product","3":"status-publish","4":"has-post-thumbnail","6":"product_cat-schonbezuege-kindersitz","7":"product_cat-zubehoer","9":"first","10":"instock","11":"taxable","12":"shipping-taxable","13":"product-type-variable","14":"has-default-attributes"},"bundled_by":[],"bundle_stock_status":"instock","bundle_stock_quantity":null,"bundle_virtual":false,"bundle_layout":"","bundle_add_to_cart_form_location":"","bundle_editable_in_cart":false,"bundle_sold_individually_context":"","bundle_item_grouping":"","bundle_min_size":"","bundle_max_size":"","bundle_price":[],"bundled_items":[],"bundle_sell_ids":[],"acf":[],"jetpack_sharing_enabled":true,"_links":{"self":[{"href":"https:\/\/axkid.com\/de\/wp-json\/wp\/v2\/product\/38807","targetHints":{"allow":["GET"]}}],"collection":[{"href":"https:\/\/axkid.com\/de\/wp-json\/wp\/v2\/product"}],"about":[{"href":"https:\/\/axkid.com\/de\/wp-json\/wp\/v2\/types\/product"}],"wp:featuredmedia":[{"embeddable":true,"href":"https:\/\/axkid.com\/de\/wp-json\/wp\/v2\/media\/38812"}],"wp:attachment":[{"href":"https:\/\/axkid.com\/de\/wp-json\/wp\/v2\/media?parent=38807"}],"wp:term":[{"taxonomy":"product_brand","embeddable":true,"href":"https:\/\/axkid.com\/de\/wp-json\/wp\/v2\/product_brand?post=38807"},{"taxonomy":"product_cat","embeddable":true,"href":"https:\/\/axkid.com\/de\/wp-json\/wp\/v2\/product_cat?post=38807"},{"taxonomy":"product_tag","embeddable":true,"href":"https:\/\/axkid.com\/de\/wp-json\/wp\/v2\/product_tag?post=38807"}],"curies":[{"name":"wp","href":"https:\/\/api.w.org\/{rel}","templated":true}]}}