{"id":38818,"date":"2025-10-23T16:37:11","date_gmt":"2025-10-23T14:37:11","guid":{"rendered":"https:\/\/axkid.com\/de\/?post_type=product&#038;p=38818"},"modified":"2025-12-04T07:15:11","modified_gmt":"2025-12-04T06:15:11","slug":"minikid-4-max-textile-main-cover","status":"publish","type":"product","link":"https:\/\/axkid.com\/de\/product\/minikid-4-max-textile-main-cover\/","title":{"rendered":"Stoffbezug Minikid 4 Max"},"content":{"rendered":"<p>Give your Axkid Minikid 4 Max a fresh and clean look with the original Textile Main Cover, designed exclusively for the Minikid 4 Max car seat. This high-quality replacement cover is ideal for parents who want to replace a used seat cover, have a spare for quick swaps, or simply maintain hygiene and comfort for their child on every journey. Made from durable, child-safe materials, the Minikid 4 Max cover is both easy to remove and machine washable \u2013 perfect for busy family life.<\/p>\n","protected":false},"excerpt":{"rendered":"<p>Gib deinem Axkid Minikid 4 Max einen frischen und sauberen Look mit dem original Stoffbezug f\u00fcr den Sitzbereich, exklusiv entwickelt f\u00fcr den Reboarder Minikid 4 Max . Dieser hochwertige Ersatzbezug ist ideal f\u00fcr Eltern, die einen gebrauchten Bezug ersetzen m\u00f6chten oder einen Ersatzbezug f\u00fcr den schnellen Wechsel haben wollen.\u00a0 F\u00fcr Hygiene und Komfort auf jeder Fahrt deines Kindes. Der Bezug f\u00fcr den Minikid 4 Max ist aus strapazierf\u00e4higem, schadstoffgepr\u00fcftem Material gefertigt und l\u00e4sst sich leicht abnehmen und im Handwaschprogramm schonend waschen &#8211; perfekt f\u00fcr das hektische Familienleben.<\/p>\n<p>&nbsp;<\/p>\n","protected":false},"featured_media":3700000851361,"template":"","meta":{"_acf_changed":false,"_seopress_robots_primary_cat":"none","_seopress_titles_title":"","_seopress_titles_desc":"","_seopress_robots_index":"","content-type":"","_relevanssi_hide_post":"","_relevanssi_hide_content":"","_relevanssi_pin_for_all":"","_relevanssi_pin_keywords":"","_relevanssi_unpin_keywords":"","_relevanssi_related_keywords":"","_relevanssi_related_include_ids":"","_relevanssi_related_exclude_ids":"","_relevanssi_related_no_append":"","_relevanssi_related_not_related":"","_relevanssi_related_posts":"","_relevanssi_noindex_reason":"","editor_notices":[]},"product_brand":[],"product_cat":[434,17],"product_tag":[],"class_list":{"0":"post-38818","1":"product","2":"type-product","3":"status-publish","4":"has-post-thumbnail","6":"product_cat-schonbezuege-kindersitz","7":"product_cat-zubehoer","9":"first","10":"instock","11":"taxable","12":"shipping-taxable","13":"product-type-variable","14":"has-default-attributes"},"bundled_by":[],"bundle_stock_status":"instock","bundle_stock_quantity":null,"bundle_virtual":false,"bundle_layout":"","bundle_add_to_cart_form_location":"","bundle_editable_in_cart":false,"bundle_sold_individually_context":"","bundle_item_grouping":"","bundle_min_size":"","bundle_max_size":"","bundle_price":[],"bundled_items":[],"bundle_sell_ids":[],"acf":[],"jetpack_sharing_enabled":true,"_links":{"self":[{"href":"https:\/\/axkid.com\/de\/wp-json\/wp\/v2\/product\/38818","targetHints":{"allow":["GET"]}}],"collection":[{"href":"https:\/\/axkid.com\/de\/wp-json\/wp\/v2\/product"}],"about":[{"href":"https:\/\/axkid.com\/de\/wp-json\/wp\/v2\/types\/product"}],"wp:featuredmedia":[{"embeddable":true,"href":"https:\/\/axkid.com\/de\/wp-json\/"}],"wp:attachment":[{"href":"https:\/\/axkid.com\/de\/wp-json\/wp\/v2\/media?parent=38818"}],"wp:term":[{"taxonomy":"product_brand","embeddable":true,"href":"https:\/\/axkid.com\/de\/wp-json\/wp\/v2\/product_brand?post=38818"},{"taxonomy":"product_cat","embeddable":true,"href":"https:\/\/axkid.com\/de\/wp-json\/wp\/v2\/product_cat?post=38818"},{"taxonomy":"product_tag","embeddable":true,"href":"https:\/\/axkid.com\/de\/wp-json\/wp\/v2\/product_tag?post=38818"}],"curies":[{"name":"wp","href":"https:\/\/api.w.org\/{rel}","templated":true}]}}