{"id":38829,"date":"2025-10-23T17:28:17","date_gmt":"2025-10-23T15:28:17","guid":{"rendered":"https:\/\/axkid.com\/de\/?post_type=product&#038;p=38829"},"modified":"2025-12-04T07:15:10","modified_gmt":"2025-12-04T06:15:10","slug":"minikid-4-pro-textile-main-cover","status":"publish","type":"product","link":"https:\/\/axkid.com\/de\/product\/minikid-4-pro-textile-main-cover\/","title":{"rendered":"Stoffbezug Minikid 4 Pro"},"content":{"rendered":"<p>Give your Axkid Minikid 4 Pro a fresh new look with the original Textile Main Cover, designed exclusively for the Minikid 4 Pro car seat. This high-quality replacement cover is perfect for parents looking to replace a worn seat cover, keep a spare for easy cleaning, or simply maintain hygiene and comfort for their child during every ride.<\/p>\n<p>Crafted from durable and child-safe materials, the Minikid 4 Pro cover is easy to remove and machine washable \u2013 making it ideal for everyday family life.<\/p>\n","protected":false},"excerpt":{"rendered":"<p>Gib deinem Axkid Minikid 4 Pro einen neuen Look mit dem original Stoffbezug, ein exklusives Originalteil f\u00fcr den\u00a0 Minikid 4 Pro Reboarder. Dieser hochwertige Ersatzbezug ist perfekt f\u00fcr alle Eltern, die einen verschlissenen Sitzbezug ersetzen m\u00f6chten oder einen Wechselbezug zum Waschen ben\u00f6tigen. F\u00fcr Hygiene und Komfort, damit sich dein Kind bei jeder Fahrt wohlf\u00fchlen kann.<\/p>\n<p>Der aus strapazierf\u00e4higen und f\u00fcr kinderfreundlichen Materialien gefertigte Bezug des Minikid 4 Pro ist leicht abnehmbar und schonend im Handwaschprogramm waschbar &#8211; und damit ideal f\u00fcr den Familienalltag.<\/p>\n","protected":false},"featured_media":38834,"template":"","meta":{"_acf_changed":false,"_seopress_robots_primary_cat":"none","_seopress_titles_title":"","_seopress_titles_desc":"","_seopress_robots_index":"","content-type":"","_relevanssi_hide_post":"","_relevanssi_hide_content":"","_relevanssi_pin_for_all":"","_relevanssi_pin_keywords":"","_relevanssi_unpin_keywords":"","_relevanssi_related_keywords":"","_relevanssi_related_include_ids":"","_relevanssi_related_exclude_ids":"","_relevanssi_related_no_append":"","_relevanssi_related_not_related":"","_relevanssi_related_posts":"","_relevanssi_noindex_reason":"","editor_notices":[]},"product_brand":[],"product_cat":[434,17],"product_tag":[],"class_list":{"0":"post-38829","1":"product","2":"type-product","3":"status-publish","4":"has-post-thumbnail","6":"product_cat-schonbezuege-kindersitz","7":"product_cat-zubehoer","9":"first","10":"instock","11":"taxable","12":"shipping-taxable","13":"product-type-variable","14":"has-default-attributes"},"bundled_by":[],"bundle_stock_status":"instock","bundle_stock_quantity":null,"bundle_virtual":false,"bundle_layout":"","bundle_add_to_cart_form_location":"","bundle_editable_in_cart":false,"bundle_sold_individually_context":"","bundle_item_grouping":"","bundle_min_size":"","bundle_max_size":"","bundle_price":[],"bundled_items":[],"bundle_sell_ids":[],"acf":[],"jetpack_sharing_enabled":true,"_links":{"self":[{"href":"https:\/\/axkid.com\/de\/wp-json\/wp\/v2\/product\/38829","targetHints":{"allow":["GET"]}}],"collection":[{"href":"https:\/\/axkid.com\/de\/wp-json\/wp\/v2\/product"}],"about":[{"href":"https:\/\/axkid.com\/de\/wp-json\/wp\/v2\/types\/product"}],"wp:featuredmedia":[{"embeddable":true,"href":"https:\/\/axkid.com\/de\/wp-json\/wp\/v2\/media\/38834"}],"wp:attachment":[{"href":"https:\/\/axkid.com\/de\/wp-json\/wp\/v2\/media?parent=38829"}],"wp:term":[{"taxonomy":"product_brand","embeddable":true,"href":"https:\/\/axkid.com\/de\/wp-json\/wp\/v2\/product_brand?post=38829"},{"taxonomy":"product_cat","embeddable":true,"href":"https:\/\/axkid.com\/de\/wp-json\/wp\/v2\/product_cat?post=38829"},{"taxonomy":"product_tag","embeddable":true,"href":"https:\/\/axkid.com\/de\/wp-json\/wp\/v2\/product_tag?post=38829"}],"curies":[{"name":"wp","href":"https:\/\/api.w.org\/{rel}","templated":true}]}}