{"id":39005,"date":"2025-10-13T14:47:44","date_gmt":"2025-10-13T12:47:44","guid":{"rendered":"https:\/\/axkid.com\/de\/?post_type=product&#038;p=39005"},"modified":"2026-04-14T14:43:30","modified_gmt":"2026-04-14T12:43:30","slug":"axkid-lendenwirbelstuetze","status":"publish","type":"product","link":"https:\/\/axkid.com\/de\/product\/axkid-lendenwirbelstuetze\/","title":{"rendered":"Axkid Lendenwirbelst\u00fctze"},"content":{"rendered":"","protected":false},"excerpt":{"rendered":"<p>Die Axkid Lendenwirbelst\u00fctze ist ein AGR-zertifiziertes Zubeh\u00f6r. Sie wurde entwickelt, um deinem Kind zus\u00e4tzlichen Komfort zu bieten und eine gesunde Sitzhaltung zu f\u00f6rdern. Es kann als Zubeh\u00f6r f\u00fcr unsere r\u00fcckw\u00e4rtsgerichteten Kindersitze Minikid 4 (Max und Pro) sowie One 3 verwendet werden.<br \/>\nEmpfohlen f\u00fcr Kinder ab 105 cm , sobald der Sitz ohne Kleinkindeinsatz verwendet wird.<\/p>\n","protected":false},"featured_media":3700000851856,"template":"","meta":{"_acf_changed":false,"_seopress_robots_primary_cat":"none","_seopress_titles_title":"","_seopress_titles_desc":"","_seopress_robots_index":"","content-type":"","_relevanssi_hide_post":"","_relevanssi_hide_content":"","_relevanssi_pin_for_all":"","_relevanssi_pin_keywords":"","_relevanssi_unpin_keywords":"","_relevanssi_related_keywords":"","_relevanssi_related_include_ids":"","_relevanssi_related_exclude_ids":"","_relevanssi_related_no_append":"","_relevanssi_related_not_related":"","_relevanssi_related_posts":"","_relevanssi_noindex_reason":"","editor_notices":[]},"product_brand":[],"product_cat":[375,435,17],"product_tag":[],"class_list":{"0":"post-39005","1":"product","2":"type-product","3":"status-publish","4":"has-post-thumbnail","6":"product_cat-ersatzteile","7":"product_cat-kindersitz-polster","8":"product_cat-zubehoer","10":"first","11":"instock","12":"taxable","13":"shipping-taxable","14":"purchasable","15":"product-type-simple"},"bundled_by":[],"bundle_stock_status":"instock","bundle_stock_quantity":40,"bundle_virtual":false,"bundle_layout":"","bundle_add_to_cart_form_location":"","bundle_editable_in_cart":false,"bundle_sold_individually_context":"","bundle_item_grouping":"","bundle_min_size":"","bundle_max_size":"","bundle_price":[],"bundled_items":[],"bundle_sell_ids":[],"acf":[],"jetpack_sharing_enabled":true,"_links":{"self":[{"href":"https:\/\/axkid.com\/de\/wp-json\/wp\/v2\/product\/39005","targetHints":{"allow":["GET"]}}],"collection":[{"href":"https:\/\/axkid.com\/de\/wp-json\/wp\/v2\/product"}],"about":[{"href":"https:\/\/axkid.com\/de\/wp-json\/wp\/v2\/types\/product"}],"wp:featuredmedia":[{"embeddable":true,"href":"https:\/\/axkid.com\/de\/wp-json\/"}],"wp:attachment":[{"href":"https:\/\/axkid.com\/de\/wp-json\/wp\/v2\/media?parent=39005"}],"wp:term":[{"taxonomy":"product_brand","embeddable":true,"href":"https:\/\/axkid.com\/de\/wp-json\/wp\/v2\/product_brand?post=39005"},{"taxonomy":"product_cat","embeddable":true,"href":"https:\/\/axkid.com\/de\/wp-json\/wp\/v2\/product_cat?post=39005"},{"taxonomy":"product_tag","embeddable":true,"href":"https:\/\/axkid.com\/de\/wp-json\/wp\/v2\/product_tag?post=39005"}],"curies":[{"name":"wp","href":"https:\/\/api.w.org\/{rel}","templated":true}]}}