{"id":39467,"date":"2026-03-03T09:09:36","date_gmt":"2026-03-03T08:09:36","guid":{"rendered":"https:\/\/axkid.com\/de\/?post_type=product&#038;p=39467"},"modified":"2026-04-07T09:49:37","modified_gmt":"2026-04-07T07:49:37","slug":"up","status":"publish","type":"product","link":"https:\/\/axkid.com\/de\/product\/up\/","title":{"rendered":"Up"},"content":{"rendered":"","protected":false},"excerpt":{"rendered":"<p>Axkid Up\u2122 ist unser innovativster vorw\u00e4rtsgerichteter Kindersitz. Er ist f\u00fcr Kinder zwischen 4 und 12 Jahren (100\u2013150 cm\/50 kg) geeignet und w\u00e4chst dank der h\u00f6henverstellbaren Sitzfl\u00e4che mit deinem Kind mit \u2013 f\u00fcr eine stets perfekte Gurtf\u00fchrung. Ausgestattet mit einem robusten Stahlrahmen und einem integrierten St\u00fctzfu\u00df f\u00fcr zus\u00e4tzliche Stabilit\u00e4t.<\/p>\n","protected":false},"featured_media":3700000853093,"template":"","meta":{"_acf_changed":false,"_seopress_robots_primary_cat":"none","_seopress_titles_title":"Up - Folgesitz | Axkid","_seopress_titles_desc":"Axkid Up\u2122 \u2013 ein Folgesitz f\u00fcr Kinder von 4 - 12 Jahren  (100-150 cm). Patentierte H\u00f6henverstellbarkeit, stabiler Stahlrahmen und ISOFIX f\u00fcr Sicherheit,und  Komfort.","_seopress_robots_index":"","content-type":"","_relevanssi_hide_post":"","_relevanssi_hide_content":"","_relevanssi_pin_for_all":"","_relevanssi_pin_keywords":"","_relevanssi_unpin_keywords":"","_relevanssi_related_keywords":"","_relevanssi_related_include_ids":"","_relevanssi_related_exclude_ids":"","_relevanssi_related_no_append":"","_relevanssi_related_not_related":"","_relevanssi_related_posts":"","_relevanssi_noindex_reason":"","editor_notices":[]},"product_brand":[],"product_cat":[18,81,432],"product_tag":[],"class_list":{"0":"post-39467","1":"product","2":"type-product","3":"status-publish","4":"has-post-thumbnail","6":"product_cat-kindersitze","7":"product_cat-folgesitze","8":"product_cat-kind","10":"first","11":"instock","12":"taxable","13":"shipping-taxable","14":"purchasable","15":"product-type-bundle"},"bundled_by":[],"bundle_stock_status":"instock","bundle_stock_quantity":"","bundle_virtual":false,"bundle_layout":"default","bundle_add_to_cart_form_location":"default","bundle_editable_in_cart":false,"bundle_sold_individually_context":"product","bundle_item_grouping":"parent","bundle_min_size":"","bundle_max_size":"","bundle_price":{"price":{"min":{"incl_tax":"499.9","excl_tax":"420.08"},"max":{"incl_tax":"499.9","excl_tax":"420.08"}},"regular_price":{"min":{"incl_tax":"499.9","excl_tax":"420.08"},"max":{"incl_tax":"499.9","excl_tax":"420.08"}}},"bundled_items":[{"bundled_item_id":26,"product_id":37510,"menu_order":0,"quantity_min":1,"quantity_max":1,"quantity_default":1,"priced_individually":true,"shipped_individually":false,"override_title":false,"title":"Up","override_description":true,"description":"","optional":false,"hide_thumbnail":false,"discount":"","override_variations":true,"allowed_variations":[37512,37511,37513,37514,39654,39655],"override_default_variation_attributes":true,"default_variation_attributes":[{"id":1,"name":"Farbe","option":"driftwood-beige"}],"single_product_visibility":"visible","cart_visibility":"visible","order_visibility":"visible","single_product_price_visibility":"visible","cart_price_visibility":"visible","order_price_visibility":"visible","stock_status":"in_stock"},{"bundled_item_id":27,"product_id":37715,"menu_order":1,"quantity_min":1,"quantity_max":1,"quantity_default":1,"priced_individually":false,"shipped_individually":false,"override_title":false,"title":"Fu\u00dfst\u00fctze Up","override_description":true,"description":"Neu 2026: inklusive Up\u2122-Fu\u00dfst\u00fctze","optional":false,"hide_thumbnail":false,"discount":"","override_variations":false,"allowed_variations":[],"override_default_variation_attributes":false,"default_variation_attributes":[],"single_product_visibility":"visible","cart_visibility":"visible","order_visibility":"visible","single_product_price_visibility":"visible","cart_price_visibility":"visible","order_price_visibility":"visible","stock_status":"in_stock"}],"bundle_sell_ids":[],"acf":[],"jetpack_sharing_enabled":true,"_links":{"self":[{"href":"https:\/\/axkid.com\/de\/wp-json\/wp\/v2\/product\/39467","targetHints":{"allow":["GET"]}}],"collection":[{"href":"https:\/\/axkid.com\/de\/wp-json\/wp\/v2\/product"}],"about":[{"href":"https:\/\/axkid.com\/de\/wp-json\/wp\/v2\/types\/product"}],"wp:featuredmedia":[{"embeddable":true,"href":"https:\/\/axkid.com\/de\/wp-json\/"}],"wp:attachment":[{"href":"https:\/\/axkid.com\/de\/wp-json\/wp\/v2\/media?parent=39467"}],"wp:term":[{"taxonomy":"product_brand","embeddable":true,"href":"https:\/\/axkid.com\/de\/wp-json\/wp\/v2\/product_brand?post=39467"},{"taxonomy":"product_cat","embeddable":true,"href":"https:\/\/axkid.com\/de\/wp-json\/wp\/v2\/product_cat?post=39467"},{"taxonomy":"product_tag","embeddable":true,"href":"https:\/\/axkid.com\/de\/wp-json\/wp\/v2\/product_tag?post=39467"}],"curies":[{"name":"wp","href":"https:\/\/api.w.org\/{rel}","templated":true}]}}