{"id":39506,"date":"2026-01-14T11:41:59","date_gmt":"2026-01-14T10:41:59","guid":{"rendered":"https:\/\/axkid.com\/de\/?post_type=product&#038;p=39506"},"modified":"2026-02-27T15:14:41","modified_gmt":"2026-02-27T14:14:41","slug":"up-beachgrass-beige","status":"publish","type":"product","link":"https:\/\/axkid.com\/de\/product\/up-beachgrass-beige\/","title":{"rendered":"Up Beachgrass Beige"},"content":{"rendered":"","protected":false},"excerpt":{"rendered":"<p>Axkid Up\u2122 ist unser innovativster vorw\u00e4rtsgerichteter Kindersitz. Er ist f\u00fcr Kinder zwischen 4 und 12 Jahren (100\u2013150 cm\/50 kg) geeignet und w\u00e4chst dank der h\u00f6henverstellbaren Sitzfl\u00e4che mit deinem Kind mit \u2013 f\u00fcr eine stets perfekte Gurtf\u00fchrung. Ausgestattet mit einem robusten Stahlrahmen und einem integrierten St\u00fctzfu\u00df f\u00fcr zus\u00e4tzliche Stabilit\u00e4t.<\/p>\n","protected":false},"featured_media":37475,"template":"","meta":{"_acf_changed":false,"_seopress_robots_primary_cat":"none","_seopress_titles_title":"Up - Folgesitz | Axkid","_seopress_titles_desc":"Axkid Up\u2122 \u2013 ein Folgesitz f\u00fcr Kinder von 4 - 12 Jahren  (100-150 cm). Patentierte H\u00f6henverstellbarkeit, stabiler Stahlrahmen und ISOFIX f\u00fcr Sicherheit,und  Komfort.","_seopress_robots_index":"","content-type":"","_relevanssi_hide_post":"","_relevanssi_hide_content":"","_relevanssi_pin_for_all":"","_relevanssi_pin_keywords":"","_relevanssi_unpin_keywords":"","_relevanssi_related_keywords":"","_relevanssi_related_include_ids":"","_relevanssi_related_exclude_ids":"","_relevanssi_related_no_append":"","_relevanssi_related_not_related":"","_relevanssi_related_posts":"","_relevanssi_noindex_reason":"","editor_notices":[]},"product_brand":[],"product_cat":[412],"product_tag":[],"class_list":{"0":"post-39506","1":"product","2":"type-product","3":"status-publish","4":"has-post-thumbnail","6":"product_cat-outlet","8":"first","9":"instock","10":"taxable","11":"shipping-taxable","12":"purchasable","13":"product-type-bundle"},"bundled_by":[],"bundle_stock_status":"insufficientstock","bundle_stock_quantity":0,"bundle_virtual":false,"bundle_layout":"default","bundle_add_to_cart_form_location":"default","bundle_editable_in_cart":false,"bundle_sold_individually_context":"product","bundle_item_grouping":"parent","bundle_min_size":"","bundle_max_size":"","bundle_price":{"price":{"min":{"incl_tax":"399.9","excl_tax":"336.05"},"max":{"incl_tax":"399.9","excl_tax":"336.05"}},"regular_price":{"min":{"incl_tax":"499.9","excl_tax":"420.08"},"max":{"incl_tax":"499.9","excl_tax":"420.08"}}},"bundled_items":[{"bundled_item_id":28,"product_id":37510,"menu_order":0,"quantity_min":1,"quantity_max":1,"quantity_default":1,"priced_individually":true,"shipped_individually":false,"override_title":false,"title":"Up","override_description":false,"description":"UP is a good car seat ","optional":false,"hide_thumbnail":false,"discount":"","override_variations":true,"allowed_variations":[37515],"override_default_variation_attributes":true,"default_variation_attributes":[{"id":1,"name":"Farbe","option":"beachgrass-beige"}],"single_product_visibility":"visible","cart_visibility":"visible","order_visibility":"visible","single_product_price_visibility":"visible","cart_price_visibility":"visible","order_price_visibility":"visible","stock_status":"out_of_stock"},{"bundled_item_id":29,"product_id":37715,"menu_order":1,"quantity_min":1,"quantity_max":1,"quantity_default":1,"priced_individually":false,"shipped_individually":false,"override_title":false,"title":"Fu\u00dfst\u00fctze Up","override_description":false,"description":"","optional":false,"hide_thumbnail":false,"discount":"","override_variations":false,"allowed_variations":[],"override_default_variation_attributes":false,"default_variation_attributes":[],"single_product_visibility":"visible","cart_visibility":"visible","order_visibility":"visible","single_product_price_visibility":"visible","cart_price_visibility":"visible","order_price_visibility":"visible","stock_status":"in_stock"}],"bundle_sell_ids":[],"acf":[],"jetpack_sharing_enabled":true,"_links":{"self":[{"href":"https:\/\/axkid.com\/de\/wp-json\/wp\/v2\/product\/39506","targetHints":{"allow":["GET"]}}],"collection":[{"href":"https:\/\/axkid.com\/de\/wp-json\/wp\/v2\/product"}],"about":[{"href":"https:\/\/axkid.com\/de\/wp-json\/wp\/v2\/types\/product"}],"wp:featuredmedia":[{"embeddable":true,"href":"https:\/\/axkid.com\/de\/wp-json\/wp\/v2\/media\/37475"}],"wp:attachment":[{"href":"https:\/\/axkid.com\/de\/wp-json\/wp\/v2\/media?parent=39506"}],"wp:term":[{"taxonomy":"product_brand","embeddable":true,"href":"https:\/\/axkid.com\/de\/wp-json\/wp\/v2\/product_brand?post=39506"},{"taxonomy":"product_cat","embeddable":true,"href":"https:\/\/axkid.com\/de\/wp-json\/wp\/v2\/product_cat?post=39506"},{"taxonomy":"product_tag","embeddable":true,"href":"https:\/\/axkid.com\/de\/wp-json\/wp\/v2\/product_tag?post=39506"}],"curies":[{"name":"wp","href":"https:\/\/api.w.org\/{rel}","templated":true}]}}