{"id":40022,"date":"2026-03-17T08:28:20","date_gmt":"2026-03-17T07:28:20","guid":{"rendered":"https:\/\/axkid.com\/de\/?post_type=product&#038;p=40022"},"modified":"2026-05-11T13:56:42","modified_gmt":"2026-05-11T11:56:42","slug":"minikid-core","status":"publish","type":"product","link":"https:\/\/axkid.com\/de\/product\/minikid-core\/","title":{"rendered":"Minikid Core"},"content":{"rendered":"","protected":false},"excerpt":{"rendered":"<p>Der Minikid Core ist ein r\u00fcckw\u00e4rtsgerichteter Kindersitz, der mit dem Fahrzeuggurt installiert wird und Kinder von Geburt an bis etwa 7 Jahre begleitet. Geeignet f\u00fcr eine K\u00f6rpergr\u00f6\u00dfe von 40 bis 125 cm und ein Gewicht von bis zu 28 kg. Konzipiert f\u00fcr konsequent r\u00fcckw\u00e4rtsgerichtetes Fahren \u00fcber viele Jahre hinweg, l\u00e4sst sich dieser Reboarder einfach und zuverl\u00e4ssig ohne zus\u00e4tzliche Spanngurte in nahezu jedes Fahrzeug einbauen. Zugelassen nach dem schwedischen Plus Test und zertifiziert gem\u00e4\u00df UN R129 erf\u00fcllt der Minikid Core h\u00f6chste Sicherheitsanforderungen.<\/p>\n","protected":false},"featured_media":39931,"template":"","meta":{"_acf_changed":false,"_seopress_robots_primary_cat":"18","_seopress_titles_title":"","_seopress_titles_desc":"","_seopress_robots_index":"","_seopress_analysis_target_kw":"","content-type":"","_relevanssi_hide_post":"","_relevanssi_hide_content":"","_relevanssi_pin_for_all":"","_relevanssi_pin_keywords":"","_relevanssi_unpin_keywords":"","_relevanssi_related_keywords":"","_relevanssi_related_include_ids":"","_relevanssi_related_exclude_ids":"","_relevanssi_related_no_append":"","_relevanssi_related_not_related":"","_relevanssi_related_posts":"","_relevanssi_noindex_reason":"","editor_notices":[]},"product_brand":[],"product_cat":[18,79,431,80],"product_tag":[],"class_list":{"0":"post-40022","1":"product","2":"type-product","3":"status-publish","4":"has-post-thumbnail","6":"product_cat-kindersitze","7":"product_cat-babyschalen","8":"product_cat-kleinkind","9":"product_cat-reboarder","11":"first","12":"onbackorder","13":"taxable","14":"shipping-taxable","15":"purchasable","16":"product-type-variable","17":"has-default-attributes"},"bundled_by":[],"bundle_stock_status":"onbackorder","bundle_stock_quantity":null,"bundle_virtual":false,"bundle_layout":"","bundle_add_to_cart_form_location":"","bundle_editable_in_cart":false,"bundle_sold_individually_context":"","bundle_item_grouping":"","bundle_min_size":"","bundle_max_size":"","bundle_price":[],"bundled_items":[],"bundle_sell_ids":[],"acf":[],"jetpack_sharing_enabled":true,"_links":{"self":[{"href":"https:\/\/axkid.com\/de\/wp-json\/wp\/v2\/product\/40022","targetHints":{"allow":["GET"]}}],"collection":[{"href":"https:\/\/axkid.com\/de\/wp-json\/wp\/v2\/product"}],"about":[{"href":"https:\/\/axkid.com\/de\/wp-json\/wp\/v2\/types\/product"}],"wp:featuredmedia":[{"embeddable":true,"href":"https:\/\/axkid.com\/de\/wp-json\/wp\/v2\/media\/39931"}],"wp:attachment":[{"href":"https:\/\/axkid.com\/de\/wp-json\/wp\/v2\/media?parent=40022"}],"wp:term":[{"taxonomy":"product_brand","embeddable":true,"href":"https:\/\/axkid.com\/de\/wp-json\/wp\/v2\/product_brand?post=40022"},{"taxonomy":"product_cat","embeddable":true,"href":"https:\/\/axkid.com\/de\/wp-json\/wp\/v2\/product_cat?post=40022"},{"taxonomy":"product_tag","embeddable":true,"href":"https:\/\/axkid.com\/de\/wp-json\/wp\/v2\/product_tag?post=40022"}],"curies":[{"name":"wp","href":"https:\/\/api.w.org\/{rel}","templated":true}]}}