{"id":40160,"date":"2026-04-01T13:44:22","date_gmt":"2026-04-01T11:44:22","guid":{"rendered":"https:\/\/axkid.com\/de\/?post_type=product&#038;p=40160"},"modified":"2026-04-29T14:34:35","modified_gmt":"2026-04-29T12:34:35","slug":"bundle-nextkid-essentials","status":"publish","type":"product","link":"https:\/\/axkid.com\/de\/product\/bundle-nextkid-essentials\/","title":{"rendered":"Bundle: Nextkid Essentials"},"content":{"rendered":"","protected":false},"excerpt":{"rendered":"<p>Ein komfortables Alltagspaket f\u00fcr sauberere und angenehmere Fahrten.<br \/>\nDieses Paket enth\u00e4lt den Axkid Nextkid Folgesitz zusammen mit dem Nextkid Getr\u00e4nkehalter und einem Sitzbezug. Es verbindet Sicherheit und Komfort mit praktischem Zubeh\u00f6r, das den Sitz sch\u00fctzt, f\u00fcr ein weicheres Sitzgef\u00fchl sorgt und Getr\u00e4nke auf jeder Fahrt griffbereit h\u00e4lt.<\/p>\n","protected":false},"featured_media":40155,"template":"","meta":{"_acf_changed":false,"_seopress_robots_primary_cat":"18","_seopress_titles_title":"","_seopress_titles_desc":"Ein komfortables Paket f\u00fcr den Alltag: mit Axkid Nextkid Folgesitz, praktischem Getr\u00e4nkehalter und Schonbezug f\u00fcr angenehme und entspannte Fahrten.","_seopress_robots_index":"","_seopress_analysis_target_kw":"","content-type":"","_relevanssi_hide_post":"","_relevanssi_hide_content":"","_relevanssi_pin_for_all":"","_relevanssi_pin_keywords":"","_relevanssi_unpin_keywords":"","_relevanssi_related_keywords":"","_relevanssi_related_include_ids":"","_relevanssi_related_exclude_ids":"","_relevanssi_related_no_append":"","_relevanssi_related_not_related":"","_relevanssi_related_posts":"","_relevanssi_noindex_reason":"","editor_notices":[]},"product_brand":[],"product_cat":[18,81,432,412],"product_tag":[],"class_list":{"0":"post-40160","1":"product","2":"type-product","3":"status-publish","4":"has-post-thumbnail","6":"product_cat-kindersitze","7":"product_cat-folgesitze","8":"product_cat-kind","9":"product_cat-outlet","11":"first","12":"instock","13":"sale","14":"taxable","15":"shipping-taxable","16":"purchasable","17":"product-type-bundle"},"bundled_by":[],"bundle_stock_status":"instock","bundle_stock_quantity":24,"bundle_virtual":false,"bundle_layout":"default","bundle_add_to_cart_form_location":"default","bundle_editable_in_cart":false,"bundle_sold_individually_context":"product","bundle_item_grouping":"parent","bundle_min_size":"","bundle_max_size":"","bundle_price":{"price":{"min":{"incl_tax":"159.9","excl_tax":"134.37"},"max":{"incl_tax":"159.9","excl_tax":"134.37"}},"regular_price":{"min":{"incl_tax":"294.7","excl_tax":"247.64"},"max":{"incl_tax":"294.7","excl_tax":"247.64"}}},"bundled_items":[{"bundled_item_id":33,"product_id":15633,"menu_order":0,"quantity_min":1,"quantity_max":1,"quantity_default":1,"priced_individually":true,"shipped_individually":false,"override_title":false,"title":"Nextkid","override_description":true,"description":"","optional":false,"hide_thumbnail":false,"discount":"","override_variations":false,"allowed_variations":[],"override_default_variation_attributes":false,"default_variation_attributes":[],"single_product_visibility":"visible","cart_visibility":"visible","order_visibility":"visible","single_product_price_visibility":"visible","cart_price_visibility":"visible","order_price_visibility":"visible","stock_status":"in_stock"},{"bundled_item_id":34,"product_id":20239,"menu_order":1,"quantity_min":1,"quantity_max":1,"quantity_default":1,"priced_individually":true,"shipped_individually":false,"override_title":false,"title":"Getr\u00e4nkehalter - Nextkid","override_description":true,"description":"","optional":false,"hide_thumbnail":false,"discount":"100","override_variations":false,"allowed_variations":[],"override_default_variation_attributes":false,"default_variation_attributes":[],"single_product_visibility":"visible","cart_visibility":"visible","order_visibility":"visible","single_product_price_visibility":"visible","cart_price_visibility":"visible","order_price_visibility":"visible","stock_status":"in_stock"},{"bundled_item_id":36,"product_id":4264,"menu_order":2,"quantity_min":1,"quantity_max":1,"quantity_default":1,"priced_individually":true,"shipped_individually":false,"override_title":false,"title":"Schonbezug - Folgesitz","override_description":true,"description":"","optional":false,"hide_thumbnail":false,"discount":"100","override_variations":false,"allowed_variations":[],"override_default_variation_attributes":false,"default_variation_attributes":[],"single_product_visibility":"visible","cart_visibility":"visible","order_visibility":"visible","single_product_price_visibility":"visible","cart_price_visibility":"visible","order_price_visibility":"visible","stock_status":"in_stock"}],"bundle_sell_ids":[],"acf":[],"jetpack_sharing_enabled":true,"_links":{"self":[{"href":"https:\/\/axkid.com\/de\/wp-json\/wp\/v2\/product\/40160","targetHints":{"allow":["GET"]}}],"collection":[{"href":"https:\/\/axkid.com\/de\/wp-json\/wp\/v2\/product"}],"about":[{"href":"https:\/\/axkid.com\/de\/wp-json\/wp\/v2\/types\/product"}],"wp:featuredmedia":[{"embeddable":true,"href":"https:\/\/axkid.com\/de\/wp-json\/wp\/v2\/media\/40155"}],"wp:attachment":[{"href":"https:\/\/axkid.com\/de\/wp-json\/wp\/v2\/media?parent=40160"}],"wp:term":[{"taxonomy":"product_brand","embeddable":true,"href":"https:\/\/axkid.com\/de\/wp-json\/wp\/v2\/product_brand?post=40160"},{"taxonomy":"product_cat","embeddable":true,"href":"https:\/\/axkid.com\/de\/wp-json\/wp\/v2\/product_cat?post=40160"},{"taxonomy":"product_tag","embeddable":true,"href":"https:\/\/axkid.com\/de\/wp-json\/wp\/v2\/product_tag?post=40160"}],"curies":[{"name":"wp","href":"https:\/\/api.w.org\/{rel}","templated":true}]}}